{"id":458,"date":"2023-05-19T13:46:42","date_gmt":"2023-05-19T18:46:42","guid":{"rendered":"https:\/\/spiritprotect.org\/wordpress\/?page_id=458"},"modified":"2023-05-19T13:52:36","modified_gmt":"2023-05-19T18:52:36","slug":"hintergrund","status":"publish","type":"page","link":"https:\/\/spiritprotect.org\/wordpress\/hintergrund\/","title":{"rendered":"Hintergrund"},"content":{"rendered":"\n<p><em>&#8220;Sag die Wahrheit. Sag einfach die Wahrheit und sag sie immer wieder.&#8221;<\/em><\/p>\n\n\n\n<p class=\"has-text-align-right\">&nbsp;&nbsp;&nbsp;&nbsp;&nbsp;&nbsp;&nbsp;&nbsp;&nbsp;&nbsp;&nbsp;&nbsp;&nbsp;&nbsp;&nbsp;&nbsp;&nbsp;&nbsp;&nbsp;&nbsp;&nbsp;&nbsp;&nbsp;&nbsp;&nbsp;&nbsp;&nbsp;&nbsp; &nbsp;&nbsp;&nbsp;&nbsp;&nbsp;&nbsp;&nbsp;&nbsp;&nbsp; &#8211;Chief Mel Lone Hill<\/p>\n\n\n\n<p>Der Zweck dieser Website ist es, die historisch erfolgte Wahrheit darzulegen, um den Behauptungen von S.p.i.r.i.t.org und anderen im Internet geposteten Videos zu begegnen.&nbsp; Es ist endlich Zeit, dass die ganze Wahrheit ans Licht kommt.<\/p>\n\n\n\n<p>Das ManKind Project, ehemals das New Warrior Network, ist ein gemeinn\u00fctziges Trainings-Unternehmen mit autonomen internationalen Regionen. Der Schwerpunkt der Schulungen liegt auf der emotionalen Kompetenz von M\u00e4nnern. Auf der Website des MKP k\u00f6nnen Sie mehr \u00fcber deren Programme lesen.<\/p>\n\n\n\n<p><strong>Der jungianisch-mythopoetische Hintergrund des New Warrior Network<\/strong><\/p>\n\n\n\n<p>Das erste Training fand 1985 statt, und seither haben etwa 80.000 M\u00e4nner das Training absolviert. Bei der Zusammenstellung des Trainings haben die Gr\u00fcnder Elemente aus verschiedenen Kulturen und mythologischen und psychologischen Systemen, wie der keltischen und indianischen Mythologie sowie der archetypischen Psychologie ber\u00fccksichtigt, um eine Initiationserfahrung zu schaffen &#8211; eine Initiation in eine neue Art, des Mann-Seins.<\/p>\n\n\n\n<p>Eine Initiationserfahrung ist f\u00fcr die m\u00e4nnliche Psyche wichtig, um noch kindliche Gef\u00fchlssystem in ein erneuertes Gef\u00fchlssystem umzuwandeln, das dem Erwachsensein angemessen ist. Das heisst, ein Gef\u00fchlssystem, das mehr auf den Dienst zum Wohl f\u00fcr andere &#8211; als auf dessen noch immer eher ich-bezogene Gef\u00fchlssystem und seine Bed\u00fcrfnisse &#8211; ausgerichtet ist.<\/p>\n\n\n\n<p>Eines der Hauptziele des Wochenendes ist es also, den Auszubildenden eine Mission des Dienens zu vermitteln.<\/p>\n\n\n\n<p>Eines Tages waren die Gr\u00fcnderauf eine indianische Schwitzh\u00fcttenzeremonie gesto\u00dfen, die von Menschen aus dem Stamm der Lakota, etwas au\u00dferhalb von Madison, Wisconsin, \u00f6ffentlich angeboten worden war. Sie erkannten sofort, dass die grundlegenden Elemente wie Feuer und Steine, Wasser, Schwei\u00df und Dunkelheit, in der globalen M\u00e4nnlichkeits-Erfahrung von entscheidender Bedeutung sind. Diese w\u00fcrden fundamental mithelfen, die Neuordnung gegen Ende der Ausbildung zu vollenden, indem sie die Auszubildenden erden und reinigen und sie darauf vorbereiteten, sicher zu ihren Familien und Gemeinschaften zur\u00fcckzukehren.<\/p>\n\n\n\n<p>Die Gr\u00fcnder \u00e4nderten in gutem Glauben einige Elemente dessen, was sie beobachtet hatten. So schufen sie beispielsweise die Struktur in Sperrholzplatten, die mit Scharnieren und Stahlseilen mit Spannschl\u00f6ssern zusammengehalten wurden und mit schwarzem Kunststoff \u00fcberzogen waren. Damit wollten sie bewusst deutlich machen, dass sie nicht das tun, was indigene Amerikaner tun. Sie nannten es Schwitzh\u00f6hle, und die Worte, die der Leiter der Zeremonie sprach, waren nie wirklich formalisiert worden. Zu dieser Zeit gab es keinen kulturellen Kontext, in dem sie h\u00e4tten verstehen k\u00f6nnen, dass sie mit diesem Verhalten m\u00f6glicherweise dennoch das taten, was man heute als &#8220;kulturelle Aneignung&#8221; bezeichnet.<\/p>\n\n\n\n<p>Das Training verbreitete sich \u00fcber M\u00e4nnergruppen und die M\u00e4nnerbewegung in verschiedenen St\u00e4dten.<\/p>\n\n\n\n<p>Im Fr\u00fchjahr 1992 wurde dieser Mann, ich, Curtis Mitchell, der Schreiber dieser Worte, von einem Neuen Krieger aus dem Gebiet von Washington DC angesprochen, nachdem er einer Schwitzh\u00fcttenzeremonie beigewohnt hatte, die ich in einem Stil gehalten hatte, der gemeinhin als&nbsp; \u201call Nations\u201d bekannt ist.* Wie es die Traditionelle Art ist, bot er mir Tabak an, der in ein rotes Tuch gewickelt war und bat mich, das Neue-Krieger-Training zu durchlaufen und dabei zu helfen, die Art und Weise, wie dort die Zeremonie durchgef\u00fchrt worden war, in Ordnung zu bringen &#8211; da sie oft chaotisch war und manchmal sogar Menschen verletzt worden waren. Er sagte, dass die Art und Weise, wie ich die Zeremonie durchf\u00fchrte, n\u00e4her an den Zeremonien war, die er, als er als Gast und Unterst\u00fctzer am Sonnentanz auf Pine Ridge teil genommen hatte, erlebte. Der Sonnentanz-Zeremonie \u201csundance\u201d war damals einige Jahre fr\u00fcher, Anfang\/Mitte der 1960er Jahre aus dem Verborgenen wieder aufgetaucht.<\/p>\n\n\n\n<p>1992 war ich zum Pfeifentr\u00e4ger in der Linie des Lakota-H\u00e4uptlings und Medizinmann Frank Fools Crow ernannt worden. Dies geschah, nachdem mir sein Enkel Mel Lone Hill, sein Nachfolger als H\u00e4uptling, im Sommer 1989 feierlich eine Pfeife in die Hand gelegt hatte.<\/p>\n\n\n\n<p>Ich hatte H\u00e4uptling Lone Hill 1985 kennengelernt, als er, seine Familie und Fools Crow selbst an die Ostk\u00fcste der USA reisten, um dort einen Sonnentanz zu veranstalten und damit eine Prophezeiung zu erf\u00fcllen, die besagte, dass der Sonnentanz in die Vier Himmelsrichtungen getragen werden w\u00fcrde. H\u00e4uptling Lone Hill hatte damals schon meine Befugnis anerkannt, Schwitzh\u00fctten-Zeremonien in der \u201cAll Nations\u201d- Tradition durchzuf\u00fchren.<\/p>\n\n\n\n<p>Ich beriet mich mit H\u00e4uptling Lone Hill dar\u00fcber, dass ich gebeten worden bin, das New Warrior Training zu absolvieren, und er best\u00e4tigte, dass es f\u00fcr mich in Ordnung sei, dies zu tun.<\/p>\n\n\n\n<p>Ich biete das folgende Zitat an, um die Position von H\u00e4uptling Fools Crow und H\u00e4uptling Lone Hill in dieser Angelegenheit darzulegen:<\/p>\n\n\n\n<p><em>&#8220;Die Macht und die Wege sind uns gegeben, damit wir sie an andere weitergeben. Etwas anderes zu denken ist reine Selbstsucht. Wir haben mehr davon, wenn wir sie weitergeben, und wenn wir sie nicht weitergeben, verlieren wir sie.&#8221;<\/em><\/p>\n\n\n\n<p class=\"has-text-align-right\">&nbsp;&nbsp;&nbsp;&nbsp;&nbsp;&nbsp;&nbsp;&nbsp;&nbsp;&nbsp;&nbsp;&nbsp;&nbsp;&nbsp;&nbsp;&nbsp;&nbsp;&nbsp; &nbsp;&nbsp;&nbsp;&nbsp;&nbsp;&nbsp;&nbsp;&nbsp;&nbsp;&nbsp;&nbsp;&nbsp;&nbsp;&nbsp;&nbsp;&nbsp;&nbsp;&nbsp; H\u00e4uptling Frank Fools Crow (Mails 2001:11)<\/p>\n\n\n\n<p class=\"has-text-align-right\">zitiert von Suzanne Owens in<\/p>\n\n\n\n<p class=\"has-text-align-right\">&nbsp;&nbsp;&nbsp;&nbsp;&nbsp;&nbsp;&nbsp;&nbsp;&nbsp;&nbsp;&nbsp;&nbsp;&nbsp;&nbsp;&nbsp;&nbsp;&nbsp;&nbsp;&nbsp;&nbsp;&nbsp;&nbsp;&nbsp;&nbsp;&nbsp;&nbsp;&nbsp;&nbsp;&nbsp;&nbsp;&nbsp;&nbsp;&nbsp;&nbsp;&nbsp;&nbsp;&nbsp; Die Aneignung der Spiritualit\u00e4t der amerikanischen &nbsp;Ureinwohner<\/p>\n\n\n\n<div class=\"wp-block-buttons is-content-justification-center is-layout-flex wp-container-core-buttons-is-layout-16018d1d wp-block-buttons-is-layout-flex\">\n<div class=\"wp-block-button\"><a class=\"wp-block-button__link wp-element-button\" href=\"https:\/\/spiritprotect.org\/wordpress\/eine-anmerkung-zum-all-nations-way\/\">n\u00e4chste<\/a><\/div>\n<\/div>\n","protected":false},"excerpt":{"rendered":"<p>&#8220;Sag die Wahrheit. Sag einfach die Wahrheit und sag sie immer wieder.&#8221; &nbsp;&nbsp;&nbsp;&nbsp;&nbsp;&nbsp;&nbsp;&nbsp;&nbsp;&nbsp;&nbsp;&nbsp;&nbsp;&nbsp;&nbsp;&nbsp;&nbsp;&nbsp;&nbsp;&nbsp;&nbsp;&nbsp;&nbsp;&nbsp;&nbsp;&nbsp;&nbsp;&nbsp; &nbsp;&nbsp;&nbsp;&nbsp;&nbsp;&nbsp;&nbsp;&nbsp;&nbsp; &#8211;Chief Mel Lone Hill Der Zweck dieser Website ist es, die historisch erfolgte Wahrheit darzulegen, um den Behauptungen von S.p.i.r.i.t.org und anderen im Internet geposteten Videos zu begegnen.&nbsp; Es ist endlich Zeit, dass die ganze Wahrheit ans Licht kommt. Das ManKind &hellip; <a href=\"https:\/\/spiritprotect.org\/wordpress\/hintergrund\/\" class=\"more-link\">Continue reading <span class=\"screen-reader-text\">Hintergrund<\/span><\/a><\/p>\n","protected":false},"author":4,"featured_media":255,"parent":0,"menu_order":0,"comment_status":"closed","ping_status":"closed","template":"","meta":{"footnotes":""},"class_list":["post-458","page","type-page","status-publish","has-post-thumbnail","hentry"],"yoast_head":"<!-- This site is optimized with the Yoast SEO plugin v27.4 - https:\/\/yoast.com\/product\/yoast-seo-wordpress\/ -->\n<title>Hintergrund - A Man Speaks Out\u2026.<\/title>\n<meta name=\"robots\" content=\"index, follow, max-snippet:-1, max-image-preview:large, max-video-preview:-1\" \/>\n<link rel=\"canonical\" href=\"https:\/\/spiritprotect.org\/wordpress\/hintergrund\/\" \/>\n<meta property=\"og:locale\" content=\"en_US\" \/>\n<meta property=\"og:type\" content=\"article\" \/>\n<meta property=\"og:title\" content=\"Hintergrund - A Man Speaks Out\u2026.\" \/>\n<meta property=\"og:description\" content=\"&#8220;Sag die Wahrheit. Sag einfach die Wahrheit und sag sie immer wieder.&#8221; &nbsp;&nbsp;&nbsp;&nbsp;&nbsp;&nbsp;&nbsp;&nbsp;&nbsp;&nbsp;&nbsp;&nbsp;&nbsp;&nbsp;&nbsp;&nbsp;&nbsp;&nbsp;&nbsp;&nbsp;&nbsp;&nbsp;&nbsp;&nbsp;&nbsp;&nbsp;&nbsp;&nbsp; &nbsp;&nbsp;&nbsp;&nbsp;&nbsp;&nbsp;&nbsp;&nbsp;&nbsp; &#8211;Chief Mel Lone Hill Der Zweck dieser Website ist es, die historisch erfolgte Wahrheit darzulegen, um den Behauptungen von S.p.i.r.i.t.org und anderen im Internet geposteten Videos zu begegnen.&nbsp; Es ist endlich Zeit, dass die ganze Wahrheit ans Licht kommt. Das ManKind &hellip; Continue reading Hintergrund\" \/>\n<meta property=\"og:url\" content=\"https:\/\/spiritprotect.org\/wordpress\/hintergrund\/\" \/>\n<meta property=\"og:site_name\" content=\"A Man Speaks Out\u2026.\" \/>\n<meta property=\"article:modified_time\" content=\"2023-05-19T18:52:36+00:00\" \/>\n<meta property=\"og:image\" content=\"https:\/\/spiritprotect.org\/wordpress\/wp-content\/uploads\/2023\/04\/IMG_0857-scaled.jpg\" \/>\n\t<meta property=\"og:image:width\" content=\"2560\" \/>\n\t<meta property=\"og:image:height\" content=\"1920\" \/>\n\t<meta property=\"og:image:type\" content=\"image\/jpeg\" \/>\n<meta name=\"twitter:card\" content=\"summary_large_image\" \/>\n<meta name=\"twitter:label1\" content=\"Est. reading time\" \/>\n\t<meta name=\"twitter:data1\" content=\"4 minutes\" \/>\n<script type=\"application\/ld+json\" class=\"yoast-schema-graph\">{\"@context\":\"https:\\\/\\\/schema.org\",\"@graph\":[{\"@type\":\"WebPage\",\"@id\":\"https:\\\/\\\/spiritprotect.org\\\/wordpress\\\/hintergrund\\\/\",\"url\":\"https:\\\/\\\/spiritprotect.org\\\/wordpress\\\/hintergrund\\\/\",\"name\":\"Hintergrund - A Man Speaks Out\u2026.\",\"isPartOf\":{\"@id\":\"https:\\\/\\\/spiritprotect.org\\\/wordpress\\\/#website\"},\"primaryImageOfPage\":{\"@id\":\"https:\\\/\\\/spiritprotect.org\\\/wordpress\\\/hintergrund\\\/#primaryimage\"},\"image\":{\"@id\":\"https:\\\/\\\/spiritprotect.org\\\/wordpress\\\/hintergrund\\\/#primaryimage\"},\"thumbnailUrl\":\"https:\\\/\\\/spiritprotect.org\\\/wordpress\\\/wp-content\\\/uploads\\\/2023\\\/04\\\/IMG_0857-scaled.jpg\",\"datePublished\":\"2023-05-19T18:46:42+00:00\",\"dateModified\":\"2023-05-19T18:52:36+00:00\",\"breadcrumb\":{\"@id\":\"https:\\\/\\\/spiritprotect.org\\\/wordpress\\\/hintergrund\\\/#breadcrumb\"},\"inLanguage\":\"en-US\",\"potentialAction\":[{\"@type\":\"ReadAction\",\"target\":[\"https:\\\/\\\/spiritprotect.org\\\/wordpress\\\/hintergrund\\\/\"]}]},{\"@type\":\"ImageObject\",\"inLanguage\":\"en-US\",\"@id\":\"https:\\\/\\\/spiritprotect.org\\\/wordpress\\\/hintergrund\\\/#primaryimage\",\"url\":\"https:\\\/\\\/spiritprotect.org\\\/wordpress\\\/wp-content\\\/uploads\\\/2023\\\/04\\\/IMG_0857-scaled.jpg\",\"contentUrl\":\"https:\\\/\\\/spiritprotect.org\\\/wordpress\\\/wp-content\\\/uploads\\\/2023\\\/04\\\/IMG_0857-scaled.jpg\",\"width\":2560,\"height\":1920},{\"@type\":\"BreadcrumbList\",\"@id\":\"https:\\\/\\\/spiritprotect.org\\\/wordpress\\\/hintergrund\\\/#breadcrumb\",\"itemListElement\":[{\"@type\":\"ListItem\",\"position\":1,\"name\":\"Home\",\"item\":\"https:\\\/\\\/spiritprotect.org\\\/wordpress\\\/\"},{\"@type\":\"ListItem\",\"position\":2,\"name\":\"Hintergrund\"}]},{\"@type\":\"WebSite\",\"@id\":\"https:\\\/\\\/spiritprotect.org\\\/wordpress\\\/#website\",\"url\":\"https:\\\/\\\/spiritprotect.org\\\/wordpress\\\/\",\"name\":\"A Man Speaks Out\u2026.\",\"description\":\"The Truth be Told\",\"publisher\":{\"@id\":\"https:\\\/\\\/spiritprotect.org\\\/wordpress\\\/#organization\"},\"potentialAction\":[{\"@type\":\"SearchAction\",\"target\":{\"@type\":\"EntryPoint\",\"urlTemplate\":\"https:\\\/\\\/spiritprotect.org\\\/wordpress\\\/?s={search_term_string}\"},\"query-input\":{\"@type\":\"PropertyValueSpecification\",\"valueRequired\":true,\"valueName\":\"search_term_string\"}}],\"inLanguage\":\"en-US\"},{\"@type\":\"Organization\",\"@id\":\"https:\\\/\\\/spiritprotect.org\\\/wordpress\\\/#organization\",\"name\":\"A Man Speaks Out\u2026.\",\"url\":\"https:\\\/\\\/spiritprotect.org\\\/wordpress\\\/\",\"logo\":{\"@type\":\"ImageObject\",\"inLanguage\":\"en-US\",\"@id\":\"https:\\\/\\\/spiritprotect.org\\\/wordpress\\\/#\\\/schema\\\/logo\\\/image\\\/\",\"url\":\"https:\\\/\\\/spiritprotect.org\\\/wordpress\\\/wp-content\\\/uploads\\\/2023\\\/03\\\/20140706_121413-scaled.jpg\",\"contentUrl\":\"https:\\\/\\\/spiritprotect.org\\\/wordpress\\\/wp-content\\\/uploads\\\/2023\\\/03\\\/20140706_121413-scaled.jpg\",\"width\":2560,\"height\":1440,\"caption\":\"A Man Speaks Out\u2026.\"},\"image\":{\"@id\":\"https:\\\/\\\/spiritprotect.org\\\/wordpress\\\/#\\\/schema\\\/logo\\\/image\\\/\"}}]}<\/script>\n<!-- \/ Yoast SEO plugin. -->","yoast_head_json":{"title":"Hintergrund - A Man Speaks Out\u2026.","robots":{"index":"index","follow":"follow","max-snippet":"max-snippet:-1","max-image-preview":"max-image-preview:large","max-video-preview":"max-video-preview:-1"},"canonical":"https:\/\/spiritprotect.org\/wordpress\/hintergrund\/","og_locale":"en_US","og_type":"article","og_title":"Hintergrund - A Man Speaks Out\u2026.","og_description":"&#8220;Sag die Wahrheit. Sag einfach die Wahrheit und sag sie immer wieder.&#8221; &nbsp;&nbsp;&nbsp;&nbsp;&nbsp;&nbsp;&nbsp;&nbsp;&nbsp;&nbsp;&nbsp;&nbsp;&nbsp;&nbsp;&nbsp;&nbsp;&nbsp;&nbsp;&nbsp;&nbsp;&nbsp;&nbsp;&nbsp;&nbsp;&nbsp;&nbsp;&nbsp;&nbsp; &nbsp;&nbsp;&nbsp;&nbsp;&nbsp;&nbsp;&nbsp;&nbsp;&nbsp; &#8211;Chief Mel Lone Hill Der Zweck dieser Website ist es, die historisch erfolgte Wahrheit darzulegen, um den Behauptungen von S.p.i.r.i.t.org und anderen im Internet geposteten Videos zu begegnen.&nbsp; Es ist endlich Zeit, dass die ganze Wahrheit ans Licht kommt. Das ManKind &hellip; Continue reading Hintergrund","og_url":"https:\/\/spiritprotect.org\/wordpress\/hintergrund\/","og_site_name":"A Man Speaks Out\u2026.","article_modified_time":"2023-05-19T18:52:36+00:00","og_image":[{"width":2560,"height":1920,"url":"https:\/\/spiritprotect.org\/wordpress\/wp-content\/uploads\/2023\/04\/IMG_0857-scaled.jpg","type":"image\/jpeg"}],"twitter_card":"summary_large_image","twitter_misc":{"Est. reading time":"4 minutes"},"schema":{"@context":"https:\/\/schema.org","@graph":[{"@type":"WebPage","@id":"https:\/\/spiritprotect.org\/wordpress\/hintergrund\/","url":"https:\/\/spiritprotect.org\/wordpress\/hintergrund\/","name":"Hintergrund - A Man Speaks Out\u2026.","isPartOf":{"@id":"https:\/\/spiritprotect.org\/wordpress\/#website"},"primaryImageOfPage":{"@id":"https:\/\/spiritprotect.org\/wordpress\/hintergrund\/#primaryimage"},"image":{"@id":"https:\/\/spiritprotect.org\/wordpress\/hintergrund\/#primaryimage"},"thumbnailUrl":"https:\/\/spiritprotect.org\/wordpress\/wp-content\/uploads\/2023\/04\/IMG_0857-scaled.jpg","datePublished":"2023-05-19T18:46:42+00:00","dateModified":"2023-05-19T18:52:36+00:00","breadcrumb":{"@id":"https:\/\/spiritprotect.org\/wordpress\/hintergrund\/#breadcrumb"},"inLanguage":"en-US","potentialAction":[{"@type":"ReadAction","target":["https:\/\/spiritprotect.org\/wordpress\/hintergrund\/"]}]},{"@type":"ImageObject","inLanguage":"en-US","@id":"https:\/\/spiritprotect.org\/wordpress\/hintergrund\/#primaryimage","url":"https:\/\/spiritprotect.org\/wordpress\/wp-content\/uploads\/2023\/04\/IMG_0857-scaled.jpg","contentUrl":"https:\/\/spiritprotect.org\/wordpress\/wp-content\/uploads\/2023\/04\/IMG_0857-scaled.jpg","width":2560,"height":1920},{"@type":"BreadcrumbList","@id":"https:\/\/spiritprotect.org\/wordpress\/hintergrund\/#breadcrumb","itemListElement":[{"@type":"ListItem","position":1,"name":"Home","item":"https:\/\/spiritprotect.org\/wordpress\/"},{"@type":"ListItem","position":2,"name":"Hintergrund"}]},{"@type":"WebSite","@id":"https:\/\/spiritprotect.org\/wordpress\/#website","url":"https:\/\/spiritprotect.org\/wordpress\/","name":"A Man Speaks Out\u2026.","description":"The Truth be Told","publisher":{"@id":"https:\/\/spiritprotect.org\/wordpress\/#organization"},"potentialAction":[{"@type":"SearchAction","target":{"@type":"EntryPoint","urlTemplate":"https:\/\/spiritprotect.org\/wordpress\/?s={search_term_string}"},"query-input":{"@type":"PropertyValueSpecification","valueRequired":true,"valueName":"search_term_string"}}],"inLanguage":"en-US"},{"@type":"Organization","@id":"https:\/\/spiritprotect.org\/wordpress\/#organization","name":"A Man Speaks Out\u2026.","url":"https:\/\/spiritprotect.org\/wordpress\/","logo":{"@type":"ImageObject","inLanguage":"en-US","@id":"https:\/\/spiritprotect.org\/wordpress\/#\/schema\/logo\/image\/","url":"https:\/\/spiritprotect.org\/wordpress\/wp-content\/uploads\/2023\/03\/20140706_121413-scaled.jpg","contentUrl":"https:\/\/spiritprotect.org\/wordpress\/wp-content\/uploads\/2023\/03\/20140706_121413-scaled.jpg","width":2560,"height":1440,"caption":"A Man Speaks Out\u2026."},"image":{"@id":"https:\/\/spiritprotect.org\/wordpress\/#\/schema\/logo\/image\/"}}]}},"_links":{"self":[{"href":"https:\/\/spiritprotect.org\/wordpress\/wp-json\/wp\/v2\/pages\/458","targetHints":{"allow":["GET"]}}],"collection":[{"href":"https:\/\/spiritprotect.org\/wordpress\/wp-json\/wp\/v2\/pages"}],"about":[{"href":"https:\/\/spiritprotect.org\/wordpress\/wp-json\/wp\/v2\/types\/page"}],"author":[{"embeddable":true,"href":"https:\/\/spiritprotect.org\/wordpress\/wp-json\/wp\/v2\/users\/4"}],"replies":[{"embeddable":true,"href":"https:\/\/spiritprotect.org\/wordpress\/wp-json\/wp\/v2\/comments?post=458"}],"version-history":[{"count":4,"href":"https:\/\/spiritprotect.org\/wordpress\/wp-json\/wp\/v2\/pages\/458\/revisions"}],"predecessor-version":[{"id":504,"href":"https:\/\/spiritprotect.org\/wordpress\/wp-json\/wp\/v2\/pages\/458\/revisions\/504"}],"wp:featuredmedia":[{"embeddable":true,"href":"https:\/\/spiritprotect.org\/wordpress\/wp-json\/wp\/v2\/media\/255"}],"wp:attachment":[{"href":"https:\/\/spiritprotect.org\/wordpress\/wp-json\/wp\/v2\/media?parent=458"}],"curies":[{"name":"wp","href":"https:\/\/api.w.org\/{rel}","templated":true}]}}