{"id":467,"date":"2023-05-19T13:47:18","date_gmt":"2023-05-19T18:47:18","guid":{"rendered":"https:\/\/spiritprotect.org\/wordpress\/?page_id=467"},"modified":"2023-05-19T13:58:51","modified_gmt":"2023-05-19T18:58:51","slug":"eine-anmerkung-zum-all-nations-way","status":"publish","type":"page","link":"https:\/\/spiritprotect.org\/wordpress\/eine-anmerkung-zum-all-nations-way\/","title":{"rendered":"*Eine Anmerkung zum All Nations Way."},"content":{"rendered":"\n<p>In den fr\u00fchen 1960er Jahren wurde der Sonnentanz aus dem Verbrogenen zur\u00fcck geholt, wo er seit Beginn der Zeit der Indianer-Reservate in den 1890er Jahren, als die Lakota-Zeremonien verboten worden waren, nur noch im Geheimen durchgef\u00fchrt werden konnte. Als sich die Nachricht von der Wiederauferstehung verbreitete, kamen bald auch Nicht-Indigene Menschen und halfen mit, die Zeremonien zu unterst\u00fctzen.<\/p>\n\n\n\n<p>Gem\u00e4\u00df den traditionellen Gepflogenheiten der Gastfreundschaft wurden diese Unterst\u00fctzer eingeladen, an den Schwitzh\u00fcttenzeremonien teilzunehmen. Diese Zeremonien, offensichtlich traditionelle Inipi-Zeremonien, wurden jedoch bald problematisch.<\/p>\n\n\n\n<p>Den Legenden aus dieser Zeit zufolge wurden die Geister, die w\u00e4hrend der Zeremonie in die H\u00fctte kamen, w\u00fctend dar\u00fcber, dass die Nicht-Indianer nicht mit dem Wissen und dem Glauben der Lakota vertraut waren und \u201cverpr\u00fcgelten\u201d die Medizinm\u00e4nner, welche diese Zeremonie leiteten. Einige dieser M\u00e4nner verlie\u00dfen die H\u00fctte mit blauen Flecken am K\u00f6rper, die nur von den w\u00fctenden Geistern verursacht worden sein konnten.<\/p>\n\n\n\n<p>Daraufhin setzten sich H\u00e4uptlinge und die Medizinm\u00e4nner zusammen und beschlossen, eine andere Form dieser Zeremonie zu schaffen, an der Menschen aller Nationen, unabh\u00e4ngig von ihrem Glaubenssystem, sicher teilnehmen konnten und beschlossen, die entsprechenden Zeremonien in Englisch oder anderen Sprachen durchzuf\u00fchren. Diese Zeremonien wurden &#8220;All-Nations&#8221;-Zeremonien genannt, weil sie f\u00fcr Menschen aller Nationen sicher waren und sie daran teilnehmen konnten.<\/p>\n\n\n\n<p>In den sp\u00e4ten 60er und fr\u00fchen 70er Jahren begannen auch nicht-indigene M\u00e4nner mit dem Sonnentanz nach den traditionellen Tanzprotokollen. Schlie\u00dflich durften auch Frauen tanzen.<\/p>\n\n\n\n<p>1978 verabschiedete der US-Kongress den American Indian Freedom of Religion Act.<\/p>\n\n\n\n<p><em>&#8220;Der Senat und das Repr\u00e4sentantenhaus der Vereinigten Staaten von Amerika haben beschlossen, dass es fortan die Politik der Vereinigten Staaten sein soll, den Indianern Amerikas das ihnen innewohnende Recht auf Glaubensfreiheit und die freie Aus\u00fcbung der traditionellen Religionen der Indianer, Eskimos, Aleuten und Hawaiianer zu sch\u00fctzen und zu bewahren, einschlie\u00dflich des uneingeschr\u00e4nkten Zugangs zu ihren heiligen St\u00e4tten, der Nutzung und den Besitz heiliger Gegenst\u00e4nde und der Freiheit des Anbetens durch Zeremonien und traditionelle Riten.&#8221;<\/em><\/p>\n\n\n\n<p>Dies f\u00fchrte zu einer explosionsartigen Zunahme der Teilnahme an Sonnent\u00e4nzen. Eine der Anforderungen an die Sonnent\u00e4nzer ist es, zwischen den T\u00e4nzen mehrmals (manchmal monatlich) zu schwitzen. Nat\u00fcrlich wurden Familie und Freunde zu diesen Zeremonien eingeladen. Und nat\u00fcrlich brachten diese Sonnent\u00e4nzer die All Nations Ceremony, in ihren vielen Variationen mit nach Hause und schufen so eine zeremonielle Diaspora, die bis heute anh\u00e4lt.<\/p>\n\n\n\n<p>Soweit mir bekannt ist, gibt es in dieser Kultur keine zentrale Autorit\u00e4t, die f\u00fcr den \u201cAll Nations\u201d Pfad zust\u00e4ndig sein k\u00f6nnte, obwohl es mich nicht \u00fcberraschen w\u00fcrde, wenn jemand versuchte, diese f\u00fcr sich zu beanspruchen.<\/p>\n\n\n\n<p>Die vorg\u00e4ngige Geschichte wurde mir von Chief Lone Hill best\u00e4tigt.<\/p>\n\n\n\n<div class=\"wp-block-buttons is-content-justification-center is-layout-flex wp-container-core-buttons-is-layout-16018d1d wp-block-buttons-is-layout-flex\">\n<div class=\"wp-block-button\"><a class=\"wp-block-button__link wp-element-button\" href=\"die-grundung-der-lodge-keepers-society\">n\u00e4chste<\/a><\/div>\n<\/div>\n","protected":false},"excerpt":{"rendered":"<p>In den fr\u00fchen 1960er Jahren wurde der Sonnentanz aus dem Verbrogenen zur\u00fcck geholt, wo er seit Beginn der Zeit der Indianer-Reservate in den 1890er Jahren, als die Lakota-Zeremonien verboten worden waren, nur noch im Geheimen durchgef\u00fchrt werden konnte. Als sich die Nachricht von der Wiederauferstehung verbreitete, kamen bald auch Nicht-Indigene Menschen und halfen mit, die &hellip; <a href=\"https:\/\/spiritprotect.org\/wordpress\/eine-anmerkung-zum-all-nations-way\/\" class=\"more-link\">Continue reading <span class=\"screen-reader-text\">*Eine Anmerkung zum All Nations Way.<\/span><\/a><\/p>\n","protected":false},"author":4,"featured_media":269,"parent":0,"menu_order":0,"comment_status":"closed","ping_status":"closed","template":"","meta":{"footnotes":""},"class_list":["post-467","page","type-page","status-publish","has-post-thumbnail","hentry"],"yoast_head":"<!-- This site is optimized with the Yoast SEO plugin v27.4 - https:\/\/yoast.com\/product\/yoast-seo-wordpress\/ -->\n<title>*Eine Anmerkung zum All Nations Way. - A Man Speaks Out\u2026.<\/title>\n<meta name=\"robots\" content=\"index, follow, max-snippet:-1, max-image-preview:large, max-video-preview:-1\" \/>\n<link rel=\"canonical\" href=\"https:\/\/spiritprotect.org\/wordpress\/eine-anmerkung-zum-all-nations-way\/\" \/>\n<meta property=\"og:locale\" content=\"en_US\" \/>\n<meta property=\"og:type\" content=\"article\" \/>\n<meta property=\"og:title\" content=\"*Eine Anmerkung zum All Nations Way. - A Man Speaks Out\u2026.\" \/>\n<meta property=\"og:description\" content=\"In den fr\u00fchen 1960er Jahren wurde der Sonnentanz aus dem Verbrogenen zur\u00fcck geholt, wo er seit Beginn der Zeit der Indianer-Reservate in den 1890er Jahren, als die Lakota-Zeremonien verboten worden waren, nur noch im Geheimen durchgef\u00fchrt werden konnte. Als sich die Nachricht von der Wiederauferstehung verbreitete, kamen bald auch Nicht-Indigene Menschen und halfen mit, die &hellip; Continue reading *Eine Anmerkung zum All Nations Way.\" \/>\n<meta property=\"og:url\" content=\"https:\/\/spiritprotect.org\/wordpress\/eine-anmerkung-zum-all-nations-way\/\" \/>\n<meta property=\"og:site_name\" content=\"A Man Speaks Out\u2026.\" \/>\n<meta property=\"article:modified_time\" content=\"2023-05-19T18:58:51+00:00\" \/>\n<meta property=\"og:image\" content=\"https:\/\/spiritprotect.org\/wordpress\/wp-content\/uploads\/2023\/04\/vacation2013-111-2-scaled.jpg\" \/>\n\t<meta property=\"og:image:width\" content=\"2560\" \/>\n\t<meta property=\"og:image:height\" content=\"1920\" \/>\n\t<meta property=\"og:image:type\" content=\"image\/jpeg\" \/>\n<meta name=\"twitter:card\" content=\"summary_large_image\" \/>\n<meta name=\"twitter:label1\" content=\"Est. reading time\" \/>\n\t<meta name=\"twitter:data1\" content=\"2 minutes\" \/>\n<script type=\"application\/ld+json\" class=\"yoast-schema-graph\">{\"@context\":\"https:\\\/\\\/schema.org\",\"@graph\":[{\"@type\":\"WebPage\",\"@id\":\"https:\\\/\\\/spiritprotect.org\\\/wordpress\\\/eine-anmerkung-zum-all-nations-way\\\/\",\"url\":\"https:\\\/\\\/spiritprotect.org\\\/wordpress\\\/eine-anmerkung-zum-all-nations-way\\\/\",\"name\":\"*Eine Anmerkung zum All Nations Way. - A Man Speaks Out\u2026.\",\"isPartOf\":{\"@id\":\"https:\\\/\\\/spiritprotect.org\\\/wordpress\\\/#website\"},\"primaryImageOfPage\":{\"@id\":\"https:\\\/\\\/spiritprotect.org\\\/wordpress\\\/eine-anmerkung-zum-all-nations-way\\\/#primaryimage\"},\"image\":{\"@id\":\"https:\\\/\\\/spiritprotect.org\\\/wordpress\\\/eine-anmerkung-zum-all-nations-way\\\/#primaryimage\"},\"thumbnailUrl\":\"https:\\\/\\\/spiritprotect.org\\\/wordpress\\\/wp-content\\\/uploads\\\/2023\\\/04\\\/vacation2013-111-2-scaled.jpg\",\"datePublished\":\"2023-05-19T18:47:18+00:00\",\"dateModified\":\"2023-05-19T18:58:51+00:00\",\"breadcrumb\":{\"@id\":\"https:\\\/\\\/spiritprotect.org\\\/wordpress\\\/eine-anmerkung-zum-all-nations-way\\\/#breadcrumb\"},\"inLanguage\":\"en-US\",\"potentialAction\":[{\"@type\":\"ReadAction\",\"target\":[\"https:\\\/\\\/spiritprotect.org\\\/wordpress\\\/eine-anmerkung-zum-all-nations-way\\\/\"]}]},{\"@type\":\"ImageObject\",\"inLanguage\":\"en-US\",\"@id\":\"https:\\\/\\\/spiritprotect.org\\\/wordpress\\\/eine-anmerkung-zum-all-nations-way\\\/#primaryimage\",\"url\":\"https:\\\/\\\/spiritprotect.org\\\/wordpress\\\/wp-content\\\/uploads\\\/2023\\\/04\\\/vacation2013-111-2-scaled.jpg\",\"contentUrl\":\"https:\\\/\\\/spiritprotect.org\\\/wordpress\\\/wp-content\\\/uploads\\\/2023\\\/04\\\/vacation2013-111-2-scaled.jpg\",\"width\":2560,\"height\":1920,\"caption\":\"GEDSC DIGITAL CAMERA\"},{\"@type\":\"BreadcrumbList\",\"@id\":\"https:\\\/\\\/spiritprotect.org\\\/wordpress\\\/eine-anmerkung-zum-all-nations-way\\\/#breadcrumb\",\"itemListElement\":[{\"@type\":\"ListItem\",\"position\":1,\"name\":\"Home\",\"item\":\"https:\\\/\\\/spiritprotect.org\\\/wordpress\\\/\"},{\"@type\":\"ListItem\",\"position\":2,\"name\":\"*Eine Anmerkung zum All Nations Way.\"}]},{\"@type\":\"WebSite\",\"@id\":\"https:\\\/\\\/spiritprotect.org\\\/wordpress\\\/#website\",\"url\":\"https:\\\/\\\/spiritprotect.org\\\/wordpress\\\/\",\"name\":\"A Man Speaks Out\u2026.\",\"description\":\"The Truth be Told\",\"publisher\":{\"@id\":\"https:\\\/\\\/spiritprotect.org\\\/wordpress\\\/#organization\"},\"potentialAction\":[{\"@type\":\"SearchAction\",\"target\":{\"@type\":\"EntryPoint\",\"urlTemplate\":\"https:\\\/\\\/spiritprotect.org\\\/wordpress\\\/?s={search_term_string}\"},\"query-input\":{\"@type\":\"PropertyValueSpecification\",\"valueRequired\":true,\"valueName\":\"search_term_string\"}}],\"inLanguage\":\"en-US\"},{\"@type\":\"Organization\",\"@id\":\"https:\\\/\\\/spiritprotect.org\\\/wordpress\\\/#organization\",\"name\":\"A Man Speaks Out\u2026.\",\"url\":\"https:\\\/\\\/spiritprotect.org\\\/wordpress\\\/\",\"logo\":{\"@type\":\"ImageObject\",\"inLanguage\":\"en-US\",\"@id\":\"https:\\\/\\\/spiritprotect.org\\\/wordpress\\\/#\\\/schema\\\/logo\\\/image\\\/\",\"url\":\"https:\\\/\\\/spiritprotect.org\\\/wordpress\\\/wp-content\\\/uploads\\\/2023\\\/03\\\/20140706_121413-scaled.jpg\",\"contentUrl\":\"https:\\\/\\\/spiritprotect.org\\\/wordpress\\\/wp-content\\\/uploads\\\/2023\\\/03\\\/20140706_121413-scaled.jpg\",\"width\":2560,\"height\":1440,\"caption\":\"A Man Speaks Out\u2026.\"},\"image\":{\"@id\":\"https:\\\/\\\/spiritprotect.org\\\/wordpress\\\/#\\\/schema\\\/logo\\\/image\\\/\"}}]}<\/script>\n<!-- \/ Yoast SEO plugin. -->","yoast_head_json":{"title":"*Eine Anmerkung zum All Nations Way. - A Man Speaks Out\u2026.","robots":{"index":"index","follow":"follow","max-snippet":"max-snippet:-1","max-image-preview":"max-image-preview:large","max-video-preview":"max-video-preview:-1"},"canonical":"https:\/\/spiritprotect.org\/wordpress\/eine-anmerkung-zum-all-nations-way\/","og_locale":"en_US","og_type":"article","og_title":"*Eine Anmerkung zum All Nations Way. - A Man Speaks Out\u2026.","og_description":"In den fr\u00fchen 1960er Jahren wurde der Sonnentanz aus dem Verbrogenen zur\u00fcck geholt, wo er seit Beginn der Zeit der Indianer-Reservate in den 1890er Jahren, als die Lakota-Zeremonien verboten worden waren, nur noch im Geheimen durchgef\u00fchrt werden konnte. Als sich die Nachricht von der Wiederauferstehung verbreitete, kamen bald auch Nicht-Indigene Menschen und halfen mit, die &hellip; Continue reading *Eine Anmerkung zum All Nations Way.","og_url":"https:\/\/spiritprotect.org\/wordpress\/eine-anmerkung-zum-all-nations-way\/","og_site_name":"A Man Speaks Out\u2026.","article_modified_time":"2023-05-19T18:58:51+00:00","og_image":[{"width":2560,"height":1920,"url":"https:\/\/spiritprotect.org\/wordpress\/wp-content\/uploads\/2023\/04\/vacation2013-111-2-scaled.jpg","type":"image\/jpeg"}],"twitter_card":"summary_large_image","twitter_misc":{"Est. reading time":"2 minutes"},"schema":{"@context":"https:\/\/schema.org","@graph":[{"@type":"WebPage","@id":"https:\/\/spiritprotect.org\/wordpress\/eine-anmerkung-zum-all-nations-way\/","url":"https:\/\/spiritprotect.org\/wordpress\/eine-anmerkung-zum-all-nations-way\/","name":"*Eine Anmerkung zum All Nations Way. - A Man Speaks Out\u2026.","isPartOf":{"@id":"https:\/\/spiritprotect.org\/wordpress\/#website"},"primaryImageOfPage":{"@id":"https:\/\/spiritprotect.org\/wordpress\/eine-anmerkung-zum-all-nations-way\/#primaryimage"},"image":{"@id":"https:\/\/spiritprotect.org\/wordpress\/eine-anmerkung-zum-all-nations-way\/#primaryimage"},"thumbnailUrl":"https:\/\/spiritprotect.org\/wordpress\/wp-content\/uploads\/2023\/04\/vacation2013-111-2-scaled.jpg","datePublished":"2023-05-19T18:47:18+00:00","dateModified":"2023-05-19T18:58:51+00:00","breadcrumb":{"@id":"https:\/\/spiritprotect.org\/wordpress\/eine-anmerkung-zum-all-nations-way\/#breadcrumb"},"inLanguage":"en-US","potentialAction":[{"@type":"ReadAction","target":["https:\/\/spiritprotect.org\/wordpress\/eine-anmerkung-zum-all-nations-way\/"]}]},{"@type":"ImageObject","inLanguage":"en-US","@id":"https:\/\/spiritprotect.org\/wordpress\/eine-anmerkung-zum-all-nations-way\/#primaryimage","url":"https:\/\/spiritprotect.org\/wordpress\/wp-content\/uploads\/2023\/04\/vacation2013-111-2-scaled.jpg","contentUrl":"https:\/\/spiritprotect.org\/wordpress\/wp-content\/uploads\/2023\/04\/vacation2013-111-2-scaled.jpg","width":2560,"height":1920,"caption":"GEDSC DIGITAL CAMERA"},{"@type":"BreadcrumbList","@id":"https:\/\/spiritprotect.org\/wordpress\/eine-anmerkung-zum-all-nations-way\/#breadcrumb","itemListElement":[{"@type":"ListItem","position":1,"name":"Home","item":"https:\/\/spiritprotect.org\/wordpress\/"},{"@type":"ListItem","position":2,"name":"*Eine Anmerkung zum All Nations Way."}]},{"@type":"WebSite","@id":"https:\/\/spiritprotect.org\/wordpress\/#website","url":"https:\/\/spiritprotect.org\/wordpress\/","name":"A Man Speaks Out\u2026.","description":"The Truth be Told","publisher":{"@id":"https:\/\/spiritprotect.org\/wordpress\/#organization"},"potentialAction":[{"@type":"SearchAction","target":{"@type":"EntryPoint","urlTemplate":"https:\/\/spiritprotect.org\/wordpress\/?s={search_term_string}"},"query-input":{"@type":"PropertyValueSpecification","valueRequired":true,"valueName":"search_term_string"}}],"inLanguage":"en-US"},{"@type":"Organization","@id":"https:\/\/spiritprotect.org\/wordpress\/#organization","name":"A Man Speaks Out\u2026.","url":"https:\/\/spiritprotect.org\/wordpress\/","logo":{"@type":"ImageObject","inLanguage":"en-US","@id":"https:\/\/spiritprotect.org\/wordpress\/#\/schema\/logo\/image\/","url":"https:\/\/spiritprotect.org\/wordpress\/wp-content\/uploads\/2023\/03\/20140706_121413-scaled.jpg","contentUrl":"https:\/\/spiritprotect.org\/wordpress\/wp-content\/uploads\/2023\/03\/20140706_121413-scaled.jpg","width":2560,"height":1440,"caption":"A Man Speaks Out\u2026."},"image":{"@id":"https:\/\/spiritprotect.org\/wordpress\/#\/schema\/logo\/image\/"}}]}},"_links":{"self":[{"href":"https:\/\/spiritprotect.org\/wordpress\/wp-json\/wp\/v2\/pages\/467","targetHints":{"allow":["GET"]}}],"collection":[{"href":"https:\/\/spiritprotect.org\/wordpress\/wp-json\/wp\/v2\/pages"}],"about":[{"href":"https:\/\/spiritprotect.org\/wordpress\/wp-json\/wp\/v2\/types\/page"}],"author":[{"embeddable":true,"href":"https:\/\/spiritprotect.org\/wordpress\/wp-json\/wp\/v2\/users\/4"}],"replies":[{"embeddable":true,"href":"https:\/\/spiritprotect.org\/wordpress\/wp-json\/wp\/v2\/comments?post=467"}],"version-history":[{"count":3,"href":"https:\/\/spiritprotect.org\/wordpress\/wp-json\/wp\/v2\/pages\/467\/revisions"}],"predecessor-version":[{"id":508,"href":"https:\/\/spiritprotect.org\/wordpress\/wp-json\/wp\/v2\/pages\/467\/revisions\/508"}],"wp:featuredmedia":[{"embeddable":true,"href":"https:\/\/spiritprotect.org\/wordpress\/wp-json\/wp\/v2\/media\/269"}],"wp:attachment":[{"href":"https:\/\/spiritprotect.org\/wordpress\/wp-json\/wp\/v2\/media?parent=467"}],"curies":[{"name":"wp","href":"https:\/\/api.w.org\/{rel}","templated":true}]}}