{"id":472,"date":"2023-05-19T14:01:33","date_gmt":"2023-05-19T19:01:33","guid":{"rendered":"https:\/\/spiritprotect.org\/wordpress\/?page_id=472"},"modified":"2023-05-19T14:13:57","modified_gmt":"2023-05-19T19:13:57","slug":"autoritat-der-traditionellen-hauptlinge","status":"publish","type":"page","link":"https:\/\/spiritprotect.org\/wordpress\/autoritat-der-traditionellen-hauptlinge\/","title":{"rendered":"Autorit\u00e4t der traditionellen H\u00e4uptlinge"},"content":{"rendered":"\n<p><em>Warum dies wichtig ist: Es erkl\u00e4rt den kultur-geschichtlichen Kontext, der H\u00e4uptling Lone Hill das Recht gab, LKS das OK zu geben, das zu tun, was wir seit \u00fcber 30 Jahren pflegen. Es zeigt auch auf, wie dieser traditionelle H\u00e4uptling ein Teil des MKP wurde und sich jedes Jahr mit uns traf, um uns zu beraten und immer wieder zu best\u00e4tigen, dass wir den Prozess erfolgreich und angemessen durchf\u00fchren. Nicht jeder, der behauptet, ein Chief zu sein, ist auch einer. ED.<\/em><\/p>\n\n\n\n<p>Vor Beginn der Zeit der Indianer-Reservate war das Volk der Oglala, ein Unterstamm der Lakota, in sieben (oder manchmal acht) Bands (Stammes-Gruppen) unterteilt, denen jeweils ein H\u00e4uptling vorstand. Diese H\u00e4uptlinge wurden entweder von den Menschen selbst oder von anderen H\u00e4uptlingen gew\u00e4hlt. Die H\u00e4uptlinge waren in Absprache mit den \u00c4ltesten und den Medizinm\u00e4nnern sowohl f\u00fcr zivile Angelegenheiten, wie z. B. die Verlegung des Lagers und die Festlegung des Ortes und des Zeitpunkts der Jagd, als auch f\u00fcr zeremonielle Angelegenheiten, wie z. B. die Festlegung des Ortes und des Zeitpunkts von Zeremonien und T\u00e4nzen, zust\u00e4ndig.<\/p>\n\n\n\n<p>Diese H\u00e4uptlinge waren auch f\u00fcr die Diplomatie zwischen den St\u00e4mmen sowie f\u00fcr den Umgang mit den Kolonialbeh\u00f6rden zust\u00e4ndig.<\/p>\n\n\n\n<p>Au\u00dferdem gab es einen \u00fcbergeordneten Rat der H\u00e4uptlinge der St\u00e4mme. Dieser Rat trat zusammen und entschied im Konsens \u00fcber politische Angelegenheiten, welche alle Oglala von Bedeutung waren. Wenn ein H\u00e4uptling das Alter nahen sp\u00fcrte, ernannte er einen Nachfolger aus den eigenen Reihen, und mit Zustimmung der anderen H\u00e4uptlinge wurde eine sogenannte Nacha-Zeremonie abgehalten, bei welcher der Adlerfeder-Kopfschmuck des amtierenden H\u00e4uptlings in einer \u00f6ffentlichen Zeremonie auf den Kopf seines Nachfolgers gesetzt wurde.<\/p>\n\n\n\n<p>Zu Beginn der Zeit, in der die Indianer in Reservate gezwungen worden waren, wurde den H\u00e4uptlingen von der US-Regierung die Zust\u00e4ndigkeit f\u00fcr zivile Angelegenheiten entzogen, und es wurden gew\u00e4hlte Stammesr\u00e4te, Polizeikr\u00e4fte und ein Gerichtswesen eingerichtet. Die H\u00e4uptlinge behielten ihre Autorit\u00e4t \u00fcber zeremonielle Angelegenheiten gemeinsam mit den Medizinm\u00e4nnern und mussten diese Autorit\u00e4t oft im Geheimen aus\u00fcben.<\/p>\n\n\n\n<p>Ich kann mich nicht erinnern, wann Fools Crow die Nacha-Zeremonie \u00fcber sich ergehen lie\u00df, aber ich glaube, es war in den fr\u00fchen 1920er Jahren. F\u00fcr Lone Hill wurde die Nacha-Zeremonie im Sommer 1976 in Porcupine SD durch Fools Crow mit vielen Dutzenden von Zeugen durchgef\u00fchrt. In Absprache mit den \u00c4ltesten und anderen H\u00e4uptlingen f\u00fchrte Lone Hill die Nacha-Zeremonie im Juli 2014 f\u00fcr seinen Sohn durch. Es gibt ein Video.<\/p>\n\n\n\n<p>Als Lone Hill im Februar 2018 verstarb, endete der Rat der H\u00e4uptlinge mit ihm, dem letzten \u00fcberlebenden Mitglied dieses Rates, da die anderen H\u00e4uptlinge es abgelehnt hatten, w\u00fcrdige Nachfolger f\u00fcr ihre Positionen im Rat zu ernennen.<\/p>\n\n\n\n<p>Wie bereits erw\u00e4hnt, behielten die traditionellen H\u00e4uptlinge ihre Autorit\u00e4t \u00fcber zeremonielle Angelegenheiten sowie ihre Befugnis, diplomatische Vereinbarungen \u00fcber die Nutzung ihrer Zeremonien zu treffen. Traditionsgem\u00e4ss werden solche Vereinbarungen von den anderen H\u00e4uptlingen respektiert und k\u00f6nnen nur von dem H\u00e4uptling, der die urspr\u00fcngliche Vereinbarung getroffen hat, oder von seinem Nachfolger aufgehoben werden. Derartige Vereinbarungen enden nicht mit dem Tod des H\u00e4uptlings, sondern bleiben bestehen, so wie auch ein Vertrag nicht mit dem Tod der urspr\u00fcnglichen Unterzeichner endet.<\/p>\n\n\n\n<p>Der neue H\u00e4uptling Lone Hill nahm an der Jahresversammlung des LKS-Rates im Sommer 2019 teil und best\u00e4tigte die fortbestehende Erm\u00e4chtigung, indem er erkl\u00e4rte, er wisse, dass das, was die LKS tue, von seinem Vater unterst\u00fctzt werde und im Einklang mit den \u00dcberzeugungen seines Urgro\u00dfvaters stehe.<\/p>\n\n\n\n<p>Er bekr\u00e4ftigte, dass auch er die Fortf\u00fchrung der Vereinbarung unterst\u00fctze, da er wisse, dass die LKSI weiterhin ihrer Verpflichtung nachkomme, die Dinge auf eine gute Weise zu tun.<\/p>\n\n\n\n<p>Seit fast 30 Jahren praktiziert die LKS die kulturelle Wertsch\u00e4tzung ohne dass sie das Bed\u00fcrfnis hatte, dies an die grosse Glocke zu h\u00e4ngen. Wir haben uns in gegenseitiger Gro\u00dfz\u00fcgigkeit ge\u00fcbt und dar\u00fcber hinaus bei unz\u00e4hligen Gelegenheiten, sch\u00e4tzungsweise mehr als 80\u2019000 Momente der Dankbarkeit gegen\u00fcber den Menschen erzeugt. Es hat nie eine kulturelle Aneignung unsererseits gegeben \u2013 bei uns hat nie jemand sich eine Zeremonie ohne Zustimmung genommen. Wir haben uns an eine Person gewandt, welche die entsprechende Autorit\u00e4t besitzt &#8211; und wir haben um Erlaubnis gebeten.<\/p>\n\n\n\n<p>Ich finde es merkw\u00fcrdig und best\u00fcrzend, dass der Status und die Vorrechte von Chief Lone Hill in solch ungeb\u00fchrlicher Weise in Frage gestellt wird. Die Art und Weise, in der dies geschehen ist, ist zutiefst respektlos und beleidigend. Es zeugt von einem tiefgreifenden Mangel an Wissen \u00fcber das Volk und dessen Tradition, das diejenigen, die uns angreifen, zu vertreten vorgeben.<\/p>\n\n\n\n<p>Was schlie\u00dflich die traditionellen H\u00e4uptlinge betrifft, so kann man die Leugnung der Autorit\u00e4t und der Vorrechte von Lone Hill, nur als einen weiteren Versuch verstehen, den V\u00f6lkermord an den Traditionen und dem traditionellen Volk voranzutreiben. Es ist eine dieser tiefen und schmerzhaften Ironien, dass angebliche Bem\u00fchungen, den Menschen zu &#8220;helfen&#8221;, manchmal das genaue Gegenteil bewirken.<\/p>\n\n\n\n<div class=\"wp-block-buttons is-content-justification-center is-layout-flex wp-container-core-buttons-is-layout-16018d1d wp-block-buttons-is-layout-flex\">\n<div class=\"wp-block-button\"><a class=\"wp-block-button__link wp-element-button\" href=\"https:\/\/spiritprotect.org\/wordpress\/der-vorwurf-fur-die-zeremonie-geld-zu-verlangen\/\">n\u00e4chste<\/a><\/div>\n<\/div>\n","protected":false},"excerpt":{"rendered":"<p>Warum dies wichtig ist: Es erkl\u00e4rt den kultur-geschichtlichen Kontext, der H\u00e4uptling Lone Hill das Recht gab, LKS das OK zu geben, das zu tun, was wir seit \u00fcber 30 Jahren pflegen. Es zeigt auch auf, wie dieser traditionelle H\u00e4uptling ein Teil des MKP wurde und sich jedes Jahr mit uns traf, um uns zu beraten &hellip; <a href=\"https:\/\/spiritprotect.org\/wordpress\/autoritat-der-traditionellen-hauptlinge\/\" class=\"more-link\">Continue reading <span class=\"screen-reader-text\">Autorit\u00e4t der traditionellen H\u00e4uptlinge<\/span><\/a><\/p>\n","protected":false},"author":4,"featured_media":229,"parent":0,"menu_order":0,"comment_status":"closed","ping_status":"closed","template":"","meta":{"footnotes":""},"class_list":["post-472","page","type-page","status-publish","has-post-thumbnail","hentry"],"yoast_head":"<!-- This site is optimized with the Yoast SEO plugin v27.4 - https:\/\/yoast.com\/product\/yoast-seo-wordpress\/ -->\n<title>Autorit\u00e4t der traditionellen H\u00e4uptlinge - A Man Speaks Out\u2026.<\/title>\n<meta name=\"robots\" content=\"index, follow, max-snippet:-1, max-image-preview:large, max-video-preview:-1\" \/>\n<link rel=\"canonical\" href=\"https:\/\/spiritprotect.org\/wordpress\/autoritat-der-traditionellen-hauptlinge\/\" \/>\n<meta property=\"og:locale\" content=\"en_US\" \/>\n<meta property=\"og:type\" content=\"article\" \/>\n<meta property=\"og:title\" content=\"Autorit\u00e4t der traditionellen H\u00e4uptlinge - A Man Speaks Out\u2026.\" \/>\n<meta property=\"og:description\" content=\"Warum dies wichtig ist: Es erkl\u00e4rt den kultur-geschichtlichen Kontext, der H\u00e4uptling Lone Hill das Recht gab, LKS das OK zu geben, das zu tun, was wir seit \u00fcber 30 Jahren pflegen. Es zeigt auch auf, wie dieser traditionelle H\u00e4uptling ein Teil des MKP wurde und sich jedes Jahr mit uns traf, um uns zu beraten &hellip; Continue reading Autorit\u00e4t der traditionellen H\u00e4uptlinge\" \/>\n<meta property=\"og:url\" content=\"https:\/\/spiritprotect.org\/wordpress\/autoritat-der-traditionellen-hauptlinge\/\" \/>\n<meta property=\"og:site_name\" content=\"A Man Speaks Out\u2026.\" \/>\n<meta property=\"article:modified_time\" content=\"2023-05-19T19:13:57+00:00\" \/>\n<meta property=\"og:image\" content=\"https:\/\/spiritprotect.org\/wordpress\/wp-content\/uploads\/2023\/04\/GEDC0918-scaled-e1682330302128.jpg\" \/>\n\t<meta property=\"og:image:width\" content=\"2560\" \/>\n\t<meta property=\"og:image:height\" content=\"1920\" \/>\n\t<meta property=\"og:image:type\" content=\"image\/jpeg\" \/>\n<meta name=\"twitter:card\" content=\"summary_large_image\" \/>\n<meta name=\"twitter:label1\" content=\"Est. reading time\" \/>\n\t<meta name=\"twitter:data1\" content=\"4 minutes\" \/>\n<script type=\"application\/ld+json\" class=\"yoast-schema-graph\">{\"@context\":\"https:\\\/\\\/schema.org\",\"@graph\":[{\"@type\":\"WebPage\",\"@id\":\"https:\\\/\\\/spiritprotect.org\\\/wordpress\\\/autoritat-der-traditionellen-hauptlinge\\\/\",\"url\":\"https:\\\/\\\/spiritprotect.org\\\/wordpress\\\/autoritat-der-traditionellen-hauptlinge\\\/\",\"name\":\"Autorit\u00e4t der traditionellen H\u00e4uptlinge - A Man Speaks Out\u2026.\",\"isPartOf\":{\"@id\":\"https:\\\/\\\/spiritprotect.org\\\/wordpress\\\/#website\"},\"primaryImageOfPage\":{\"@id\":\"https:\\\/\\\/spiritprotect.org\\\/wordpress\\\/autoritat-der-traditionellen-hauptlinge\\\/#primaryimage\"},\"image\":{\"@id\":\"https:\\\/\\\/spiritprotect.org\\\/wordpress\\\/autoritat-der-traditionellen-hauptlinge\\\/#primaryimage\"},\"thumbnailUrl\":\"https:\\\/\\\/spiritprotect.org\\\/wordpress\\\/wp-content\\\/uploads\\\/2023\\\/04\\\/GEDC0918-scaled-e1682330302128.jpg\",\"datePublished\":\"2023-05-19T19:01:33+00:00\",\"dateModified\":\"2023-05-19T19:13:57+00:00\",\"breadcrumb\":{\"@id\":\"https:\\\/\\\/spiritprotect.org\\\/wordpress\\\/autoritat-der-traditionellen-hauptlinge\\\/#breadcrumb\"},\"inLanguage\":\"en-US\",\"potentialAction\":[{\"@type\":\"ReadAction\",\"target\":[\"https:\\\/\\\/spiritprotect.org\\\/wordpress\\\/autoritat-der-traditionellen-hauptlinge\\\/\"]}]},{\"@type\":\"ImageObject\",\"inLanguage\":\"en-US\",\"@id\":\"https:\\\/\\\/spiritprotect.org\\\/wordpress\\\/autoritat-der-traditionellen-hauptlinge\\\/#primaryimage\",\"url\":\"https:\\\/\\\/spiritprotect.org\\\/wordpress\\\/wp-content\\\/uploads\\\/2023\\\/04\\\/GEDC0918-scaled-e1682330302128.jpg\",\"contentUrl\":\"https:\\\/\\\/spiritprotect.org\\\/wordpress\\\/wp-content\\\/uploads\\\/2023\\\/04\\\/GEDC0918-scaled-e1682330302128.jpg\",\"width\":2560,\"height\":1920,\"caption\":\"GEDSC DIGITAL CAMERA\"},{\"@type\":\"BreadcrumbList\",\"@id\":\"https:\\\/\\\/spiritprotect.org\\\/wordpress\\\/autoritat-der-traditionellen-hauptlinge\\\/#breadcrumb\",\"itemListElement\":[{\"@type\":\"ListItem\",\"position\":1,\"name\":\"Home\",\"item\":\"https:\\\/\\\/spiritprotect.org\\\/wordpress\\\/\"},{\"@type\":\"ListItem\",\"position\":2,\"name\":\"Autorit\u00e4t der traditionellen H\u00e4uptlinge\"}]},{\"@type\":\"WebSite\",\"@id\":\"https:\\\/\\\/spiritprotect.org\\\/wordpress\\\/#website\",\"url\":\"https:\\\/\\\/spiritprotect.org\\\/wordpress\\\/\",\"name\":\"A Man Speaks Out\u2026.\",\"description\":\"The Truth be Told\",\"publisher\":{\"@id\":\"https:\\\/\\\/spiritprotect.org\\\/wordpress\\\/#organization\"},\"potentialAction\":[{\"@type\":\"SearchAction\",\"target\":{\"@type\":\"EntryPoint\",\"urlTemplate\":\"https:\\\/\\\/spiritprotect.org\\\/wordpress\\\/?s={search_term_string}\"},\"query-input\":{\"@type\":\"PropertyValueSpecification\",\"valueRequired\":true,\"valueName\":\"search_term_string\"}}],\"inLanguage\":\"en-US\"},{\"@type\":\"Organization\",\"@id\":\"https:\\\/\\\/spiritprotect.org\\\/wordpress\\\/#organization\",\"name\":\"A Man Speaks Out\u2026.\",\"url\":\"https:\\\/\\\/spiritprotect.org\\\/wordpress\\\/\",\"logo\":{\"@type\":\"ImageObject\",\"inLanguage\":\"en-US\",\"@id\":\"https:\\\/\\\/spiritprotect.org\\\/wordpress\\\/#\\\/schema\\\/logo\\\/image\\\/\",\"url\":\"https:\\\/\\\/spiritprotect.org\\\/wordpress\\\/wp-content\\\/uploads\\\/2023\\\/03\\\/20140706_121413-scaled.jpg\",\"contentUrl\":\"https:\\\/\\\/spiritprotect.org\\\/wordpress\\\/wp-content\\\/uploads\\\/2023\\\/03\\\/20140706_121413-scaled.jpg\",\"width\":2560,\"height\":1440,\"caption\":\"A Man Speaks Out\u2026.\"},\"image\":{\"@id\":\"https:\\\/\\\/spiritprotect.org\\\/wordpress\\\/#\\\/schema\\\/logo\\\/image\\\/\"}}]}<\/script>\n<!-- \/ Yoast SEO plugin. -->","yoast_head_json":{"title":"Autorit\u00e4t der traditionellen H\u00e4uptlinge - A Man Speaks Out\u2026.","robots":{"index":"index","follow":"follow","max-snippet":"max-snippet:-1","max-image-preview":"max-image-preview:large","max-video-preview":"max-video-preview:-1"},"canonical":"https:\/\/spiritprotect.org\/wordpress\/autoritat-der-traditionellen-hauptlinge\/","og_locale":"en_US","og_type":"article","og_title":"Autorit\u00e4t der traditionellen H\u00e4uptlinge - A Man Speaks Out\u2026.","og_description":"Warum dies wichtig ist: Es erkl\u00e4rt den kultur-geschichtlichen Kontext, der H\u00e4uptling Lone Hill das Recht gab, LKS das OK zu geben, das zu tun, was wir seit \u00fcber 30 Jahren pflegen. Es zeigt auch auf, wie dieser traditionelle H\u00e4uptling ein Teil des MKP wurde und sich jedes Jahr mit uns traf, um uns zu beraten &hellip; Continue reading Autorit\u00e4t der traditionellen H\u00e4uptlinge","og_url":"https:\/\/spiritprotect.org\/wordpress\/autoritat-der-traditionellen-hauptlinge\/","og_site_name":"A Man Speaks Out\u2026.","article_modified_time":"2023-05-19T19:13:57+00:00","og_image":[{"width":2560,"height":1920,"url":"https:\/\/spiritprotect.org\/wordpress\/wp-content\/uploads\/2023\/04\/GEDC0918-scaled-e1682330302128.jpg","type":"image\/jpeg"}],"twitter_card":"summary_large_image","twitter_misc":{"Est. reading time":"4 minutes"},"schema":{"@context":"https:\/\/schema.org","@graph":[{"@type":"WebPage","@id":"https:\/\/spiritprotect.org\/wordpress\/autoritat-der-traditionellen-hauptlinge\/","url":"https:\/\/spiritprotect.org\/wordpress\/autoritat-der-traditionellen-hauptlinge\/","name":"Autorit\u00e4t der traditionellen H\u00e4uptlinge - A Man Speaks Out\u2026.","isPartOf":{"@id":"https:\/\/spiritprotect.org\/wordpress\/#website"},"primaryImageOfPage":{"@id":"https:\/\/spiritprotect.org\/wordpress\/autoritat-der-traditionellen-hauptlinge\/#primaryimage"},"image":{"@id":"https:\/\/spiritprotect.org\/wordpress\/autoritat-der-traditionellen-hauptlinge\/#primaryimage"},"thumbnailUrl":"https:\/\/spiritprotect.org\/wordpress\/wp-content\/uploads\/2023\/04\/GEDC0918-scaled-e1682330302128.jpg","datePublished":"2023-05-19T19:01:33+00:00","dateModified":"2023-05-19T19:13:57+00:00","breadcrumb":{"@id":"https:\/\/spiritprotect.org\/wordpress\/autoritat-der-traditionellen-hauptlinge\/#breadcrumb"},"inLanguage":"en-US","potentialAction":[{"@type":"ReadAction","target":["https:\/\/spiritprotect.org\/wordpress\/autoritat-der-traditionellen-hauptlinge\/"]}]},{"@type":"ImageObject","inLanguage":"en-US","@id":"https:\/\/spiritprotect.org\/wordpress\/autoritat-der-traditionellen-hauptlinge\/#primaryimage","url":"https:\/\/spiritprotect.org\/wordpress\/wp-content\/uploads\/2023\/04\/GEDC0918-scaled-e1682330302128.jpg","contentUrl":"https:\/\/spiritprotect.org\/wordpress\/wp-content\/uploads\/2023\/04\/GEDC0918-scaled-e1682330302128.jpg","width":2560,"height":1920,"caption":"GEDSC DIGITAL CAMERA"},{"@type":"BreadcrumbList","@id":"https:\/\/spiritprotect.org\/wordpress\/autoritat-der-traditionellen-hauptlinge\/#breadcrumb","itemListElement":[{"@type":"ListItem","position":1,"name":"Home","item":"https:\/\/spiritprotect.org\/wordpress\/"},{"@type":"ListItem","position":2,"name":"Autorit\u00e4t der traditionellen H\u00e4uptlinge"}]},{"@type":"WebSite","@id":"https:\/\/spiritprotect.org\/wordpress\/#website","url":"https:\/\/spiritprotect.org\/wordpress\/","name":"A Man Speaks Out\u2026.","description":"The Truth be Told","publisher":{"@id":"https:\/\/spiritprotect.org\/wordpress\/#organization"},"potentialAction":[{"@type":"SearchAction","target":{"@type":"EntryPoint","urlTemplate":"https:\/\/spiritprotect.org\/wordpress\/?s={search_term_string}"},"query-input":{"@type":"PropertyValueSpecification","valueRequired":true,"valueName":"search_term_string"}}],"inLanguage":"en-US"},{"@type":"Organization","@id":"https:\/\/spiritprotect.org\/wordpress\/#organization","name":"A Man Speaks Out\u2026.","url":"https:\/\/spiritprotect.org\/wordpress\/","logo":{"@type":"ImageObject","inLanguage":"en-US","@id":"https:\/\/spiritprotect.org\/wordpress\/#\/schema\/logo\/image\/","url":"https:\/\/spiritprotect.org\/wordpress\/wp-content\/uploads\/2023\/03\/20140706_121413-scaled.jpg","contentUrl":"https:\/\/spiritprotect.org\/wordpress\/wp-content\/uploads\/2023\/03\/20140706_121413-scaled.jpg","width":2560,"height":1440,"caption":"A Man Speaks Out\u2026."},"image":{"@id":"https:\/\/spiritprotect.org\/wordpress\/#\/schema\/logo\/image\/"}}]}},"_links":{"self":[{"href":"https:\/\/spiritprotect.org\/wordpress\/wp-json\/wp\/v2\/pages\/472","targetHints":{"allow":["GET"]}}],"collection":[{"href":"https:\/\/spiritprotect.org\/wordpress\/wp-json\/wp\/v2\/pages"}],"about":[{"href":"https:\/\/spiritprotect.org\/wordpress\/wp-json\/wp\/v2\/types\/page"}],"author":[{"embeddable":true,"href":"https:\/\/spiritprotect.org\/wordpress\/wp-json\/wp\/v2\/users\/4"}],"replies":[{"embeddable":true,"href":"https:\/\/spiritprotect.org\/wordpress\/wp-json\/wp\/v2\/comments?post=472"}],"version-history":[{"count":3,"href":"https:\/\/spiritprotect.org\/wordpress\/wp-json\/wp\/v2\/pages\/472\/revisions"}],"predecessor-version":[{"id":525,"href":"https:\/\/spiritprotect.org\/wordpress\/wp-json\/wp\/v2\/pages\/472\/revisions\/525"}],"wp:featuredmedia":[{"embeddable":true,"href":"https:\/\/spiritprotect.org\/wordpress\/wp-json\/wp\/v2\/media\/229"}],"wp:attachment":[{"href":"https:\/\/spiritprotect.org\/wordpress\/wp-json\/wp\/v2\/media?parent=472"}],"curies":[{"name":"wp","href":"https:\/\/api.w.org\/{rel}","templated":true}]}}