{"id":474,"date":"2023-05-19T14:04:04","date_gmt":"2023-05-19T19:04:04","guid":{"rendered":"https:\/\/spiritprotect.org\/wordpress\/?page_id=474"},"modified":"2023-05-19T14:17:18","modified_gmt":"2023-05-19T19:17:18","slug":"der-vorwurf-fur-die-zeremonie-geld-zu-verlangen","status":"publish","type":"page","link":"https:\/\/spiritprotect.org\/wordpress\/der-vorwurf-fur-die-zeremonie-geld-zu-verlangen\/","title":{"rendered":"Der Vorwurf, f\u00fcr die Zeremonie Geld zu verlangen"},"content":{"rendered":"\n<p>Die LKS ist eine Dienstleistende Unter-Organisation innerhalb des MKP, welche die Reinigungs- und Erneuerungszeremonie w\u00e4hrend des Neuen-Krieger-Trainings unentgeltlich pflegt, lehrt und durchf\u00fchrt.<\/p>\n\n\n\n<p>Dass f\u00fcr das New Warrior Training Geld verlangt wird, ist eine ganz andere Sache. Chief Lone Hill war sich des Unterschieds bewusst und betrachtete die beiden als nicht miteinander verbunden (dass diese Verbindung offenbar sehr unbedeutend zu sein scheint zeigt nun auch die Tatsache, wie leichtfertig MKP bereit war LKS aufzul\u00f6sen).<\/p>\n\n\n\n<p>Das New Warrior Training ist kein New Age Workshop. Es wird nicht \u00f6ffentlich Werbung daf\u00fcr gemacht. Das MKP ist eine gemeinn\u00fctzige Einrichtung, die 97 % ihrer Einnahmen f\u00fcr Programmdienstleistungen ausgibt.<\/p>\n\n\n\n<p>Es wurde die inkorrekte Behauptung aufgestellt, dass MKP seit 1985 58 Millionen Dollar durch den Verkauf von Zeremonien verdient h\u00e4tte. Das ist v\u00f6llig l\u00e4cherlich, eine Zahl, die wie wir alle wissen, ausschliesslich der bl\u00fchenden Phantasie und unrealistischer Buchf\u00fchrung der Autoren enstammen kann.<\/p>\n\n\n\n<div class=\"wp-block-buttons is-content-justification-center is-layout-flex wp-container-core-buttons-is-layout-16018d1d wp-block-buttons-is-layout-flex\">\n<div class=\"wp-block-button\"><a class=\"wp-block-button__link wp-element-button\" href=\"https:\/\/spiritprotect.org\/wordpress\/kontext-die-prasentation-2021-vor-dem-lb\/\">n\u00e4chste<\/a><\/div>\n<\/div>\n","protected":false},"excerpt":{"rendered":"<p>Die LKS ist eine Dienstleistende Unter-Organisation innerhalb des MKP, welche die Reinigungs- und Erneuerungszeremonie w\u00e4hrend des Neuen-Krieger-Trainings unentgeltlich pflegt, lehrt und durchf\u00fchrt. Dass f\u00fcr das New Warrior Training Geld verlangt wird, ist eine ganz andere Sache. Chief Lone Hill war sich des Unterschieds bewusst und betrachtete die beiden als nicht miteinander verbunden (dass diese Verbindung &hellip; <a href=\"https:\/\/spiritprotect.org\/wordpress\/der-vorwurf-fur-die-zeremonie-geld-zu-verlangen\/\" class=\"more-link\">Continue reading <span class=\"screen-reader-text\">Der Vorwurf, f\u00fcr die Zeremonie Geld zu verlangen<\/span><\/a><\/p>\n","protected":false},"author":4,"featured_media":223,"parent":0,"menu_order":0,"comment_status":"closed","ping_status":"closed","template":"","meta":{"footnotes":""},"class_list":["post-474","page","type-page","status-publish","has-post-thumbnail","hentry"],"yoast_head":"<!-- This site is optimized with the Yoast SEO plugin v27.3 - https:\/\/yoast.com\/product\/yoast-seo-wordpress\/ -->\n<title>Der Vorwurf, f\u00fcr die Zeremonie Geld zu verlangen - A Man Speaks Out\u2026.<\/title>\n<meta name=\"robots\" content=\"index, follow, max-snippet:-1, max-image-preview:large, max-video-preview:-1\" \/>\n<link rel=\"canonical\" href=\"https:\/\/spiritprotect.org\/wordpress\/der-vorwurf-fur-die-zeremonie-geld-zu-verlangen\/\" \/>\n<meta property=\"og:locale\" content=\"en_US\" \/>\n<meta property=\"og:type\" content=\"article\" \/>\n<meta property=\"og:title\" content=\"Der Vorwurf, f\u00fcr die Zeremonie Geld zu verlangen - A Man Speaks Out\u2026.\" \/>\n<meta property=\"og:description\" content=\"Die LKS ist eine Dienstleistende Unter-Organisation innerhalb des MKP, welche die Reinigungs- und Erneuerungszeremonie w\u00e4hrend des Neuen-Krieger-Trainings unentgeltlich pflegt, lehrt und durchf\u00fchrt. Dass f\u00fcr das New Warrior Training Geld verlangt wird, ist eine ganz andere Sache. Chief Lone Hill war sich des Unterschieds bewusst und betrachtete die beiden als nicht miteinander verbunden (dass diese Verbindung &hellip; Continue reading Der Vorwurf, f\u00fcr die Zeremonie Geld zu verlangen\" \/>\n<meta property=\"og:url\" content=\"https:\/\/spiritprotect.org\/wordpress\/der-vorwurf-fur-die-zeremonie-geld-zu-verlangen\/\" \/>\n<meta property=\"og:site_name\" content=\"A Man Speaks Out\u2026.\" \/>\n<meta property=\"article:modified_time\" content=\"2023-05-19T19:17:18+00:00\" \/>\n<meta property=\"og:image\" content=\"https:\/\/spiritprotect.org\/wordpress\/wp-content\/uploads\/2023\/04\/IMG_0778-scaled.jpg\" \/>\n\t<meta property=\"og:image:width\" content=\"2560\" \/>\n\t<meta property=\"og:image:height\" content=\"1920\" \/>\n\t<meta property=\"og:image:type\" content=\"image\/jpeg\" \/>\n<meta name=\"twitter:card\" content=\"summary_large_image\" \/>\n<meta name=\"twitter:label1\" content=\"Est. reading time\" \/>\n\t<meta name=\"twitter:data1\" content=\"1 minute\" \/>\n<script type=\"application\/ld+json\" class=\"yoast-schema-graph\">{\"@context\":\"https:\\\/\\\/schema.org\",\"@graph\":[{\"@type\":\"WebPage\",\"@id\":\"https:\\\/\\\/spiritprotect.org\\\/wordpress\\\/der-vorwurf-fur-die-zeremonie-geld-zu-verlangen\\\/\",\"url\":\"https:\\\/\\\/spiritprotect.org\\\/wordpress\\\/der-vorwurf-fur-die-zeremonie-geld-zu-verlangen\\\/\",\"name\":\"Der Vorwurf, f\u00fcr die Zeremonie Geld zu verlangen - A Man Speaks Out\u2026.\",\"isPartOf\":{\"@id\":\"https:\\\/\\\/spiritprotect.org\\\/wordpress\\\/#website\"},\"primaryImageOfPage\":{\"@id\":\"https:\\\/\\\/spiritprotect.org\\\/wordpress\\\/der-vorwurf-fur-die-zeremonie-geld-zu-verlangen\\\/#primaryimage\"},\"image\":{\"@id\":\"https:\\\/\\\/spiritprotect.org\\\/wordpress\\\/der-vorwurf-fur-die-zeremonie-geld-zu-verlangen\\\/#primaryimage\"},\"thumbnailUrl\":\"https:\\\/\\\/spiritprotect.org\\\/wordpress\\\/wp-content\\\/uploads\\\/2023\\\/04\\\/IMG_0778-scaled.jpg\",\"datePublished\":\"2023-05-19T19:04:04+00:00\",\"dateModified\":\"2023-05-19T19:17:18+00:00\",\"breadcrumb\":{\"@id\":\"https:\\\/\\\/spiritprotect.org\\\/wordpress\\\/der-vorwurf-fur-die-zeremonie-geld-zu-verlangen\\\/#breadcrumb\"},\"inLanguage\":\"en-US\",\"potentialAction\":[{\"@type\":\"ReadAction\",\"target\":[\"https:\\\/\\\/spiritprotect.org\\\/wordpress\\\/der-vorwurf-fur-die-zeremonie-geld-zu-verlangen\\\/\"]}]},{\"@type\":\"ImageObject\",\"inLanguage\":\"en-US\",\"@id\":\"https:\\\/\\\/spiritprotect.org\\\/wordpress\\\/der-vorwurf-fur-die-zeremonie-geld-zu-verlangen\\\/#primaryimage\",\"url\":\"https:\\\/\\\/spiritprotect.org\\\/wordpress\\\/wp-content\\\/uploads\\\/2023\\\/04\\\/IMG_0778-scaled.jpg\",\"contentUrl\":\"https:\\\/\\\/spiritprotect.org\\\/wordpress\\\/wp-content\\\/uploads\\\/2023\\\/04\\\/IMG_0778-scaled.jpg\",\"width\":2560,\"height\":1920},{\"@type\":\"BreadcrumbList\",\"@id\":\"https:\\\/\\\/spiritprotect.org\\\/wordpress\\\/der-vorwurf-fur-die-zeremonie-geld-zu-verlangen\\\/#breadcrumb\",\"itemListElement\":[{\"@type\":\"ListItem\",\"position\":1,\"name\":\"Home\",\"item\":\"https:\\\/\\\/spiritprotect.org\\\/wordpress\\\/\"},{\"@type\":\"ListItem\",\"position\":2,\"name\":\"Der Vorwurf, f\u00fcr die Zeremonie Geld zu verlangen\"}]},{\"@type\":\"WebSite\",\"@id\":\"https:\\\/\\\/spiritprotect.org\\\/wordpress\\\/#website\",\"url\":\"https:\\\/\\\/spiritprotect.org\\\/wordpress\\\/\",\"name\":\"A Man Speaks Out\u2026.\",\"description\":\"The Truth be Told\",\"publisher\":{\"@id\":\"https:\\\/\\\/spiritprotect.org\\\/wordpress\\\/#organization\"},\"potentialAction\":[{\"@type\":\"SearchAction\",\"target\":{\"@type\":\"EntryPoint\",\"urlTemplate\":\"https:\\\/\\\/spiritprotect.org\\\/wordpress\\\/?s={search_term_string}\"},\"query-input\":{\"@type\":\"PropertyValueSpecification\",\"valueRequired\":true,\"valueName\":\"search_term_string\"}}],\"inLanguage\":\"en-US\"},{\"@type\":\"Organization\",\"@id\":\"https:\\\/\\\/spiritprotect.org\\\/wordpress\\\/#organization\",\"name\":\"A Man Speaks Out\u2026.\",\"url\":\"https:\\\/\\\/spiritprotect.org\\\/wordpress\\\/\",\"logo\":{\"@type\":\"ImageObject\",\"inLanguage\":\"en-US\",\"@id\":\"https:\\\/\\\/spiritprotect.org\\\/wordpress\\\/#\\\/schema\\\/logo\\\/image\\\/\",\"url\":\"https:\\\/\\\/spiritprotect.org\\\/wordpress\\\/wp-content\\\/uploads\\\/2023\\\/03\\\/20140706_121413-scaled.jpg\",\"contentUrl\":\"https:\\\/\\\/spiritprotect.org\\\/wordpress\\\/wp-content\\\/uploads\\\/2023\\\/03\\\/20140706_121413-scaled.jpg\",\"width\":2560,\"height\":1440,\"caption\":\"A Man Speaks Out\u2026.\"},\"image\":{\"@id\":\"https:\\\/\\\/spiritprotect.org\\\/wordpress\\\/#\\\/schema\\\/logo\\\/image\\\/\"}}]}<\/script>\n<!-- \/ Yoast SEO plugin. -->","yoast_head_json":{"title":"Der Vorwurf, f\u00fcr die Zeremonie Geld zu verlangen - A Man Speaks Out\u2026.","robots":{"index":"index","follow":"follow","max-snippet":"max-snippet:-1","max-image-preview":"max-image-preview:large","max-video-preview":"max-video-preview:-1"},"canonical":"https:\/\/spiritprotect.org\/wordpress\/der-vorwurf-fur-die-zeremonie-geld-zu-verlangen\/","og_locale":"en_US","og_type":"article","og_title":"Der Vorwurf, f\u00fcr die Zeremonie Geld zu verlangen - A Man Speaks Out\u2026.","og_description":"Die LKS ist eine Dienstleistende Unter-Organisation innerhalb des MKP, welche die Reinigungs- und Erneuerungszeremonie w\u00e4hrend des Neuen-Krieger-Trainings unentgeltlich pflegt, lehrt und durchf\u00fchrt. Dass f\u00fcr das New Warrior Training Geld verlangt wird, ist eine ganz andere Sache. Chief Lone Hill war sich des Unterschieds bewusst und betrachtete die beiden als nicht miteinander verbunden (dass diese Verbindung &hellip; Continue reading Der Vorwurf, f\u00fcr die Zeremonie Geld zu verlangen","og_url":"https:\/\/spiritprotect.org\/wordpress\/der-vorwurf-fur-die-zeremonie-geld-zu-verlangen\/","og_site_name":"A Man Speaks Out\u2026.","article_modified_time":"2023-05-19T19:17:18+00:00","og_image":[{"width":2560,"height":1920,"url":"https:\/\/spiritprotect.org\/wordpress\/wp-content\/uploads\/2023\/04\/IMG_0778-scaled.jpg","type":"image\/jpeg"}],"twitter_card":"summary_large_image","twitter_misc":{"Est. reading time":"1 minute"},"schema":{"@context":"https:\/\/schema.org","@graph":[{"@type":"WebPage","@id":"https:\/\/spiritprotect.org\/wordpress\/der-vorwurf-fur-die-zeremonie-geld-zu-verlangen\/","url":"https:\/\/spiritprotect.org\/wordpress\/der-vorwurf-fur-die-zeremonie-geld-zu-verlangen\/","name":"Der Vorwurf, f\u00fcr die Zeremonie Geld zu verlangen - A Man Speaks Out\u2026.","isPartOf":{"@id":"https:\/\/spiritprotect.org\/wordpress\/#website"},"primaryImageOfPage":{"@id":"https:\/\/spiritprotect.org\/wordpress\/der-vorwurf-fur-die-zeremonie-geld-zu-verlangen\/#primaryimage"},"image":{"@id":"https:\/\/spiritprotect.org\/wordpress\/der-vorwurf-fur-die-zeremonie-geld-zu-verlangen\/#primaryimage"},"thumbnailUrl":"https:\/\/spiritprotect.org\/wordpress\/wp-content\/uploads\/2023\/04\/IMG_0778-scaled.jpg","datePublished":"2023-05-19T19:04:04+00:00","dateModified":"2023-05-19T19:17:18+00:00","breadcrumb":{"@id":"https:\/\/spiritprotect.org\/wordpress\/der-vorwurf-fur-die-zeremonie-geld-zu-verlangen\/#breadcrumb"},"inLanguage":"en-US","potentialAction":[{"@type":"ReadAction","target":["https:\/\/spiritprotect.org\/wordpress\/der-vorwurf-fur-die-zeremonie-geld-zu-verlangen\/"]}]},{"@type":"ImageObject","inLanguage":"en-US","@id":"https:\/\/spiritprotect.org\/wordpress\/der-vorwurf-fur-die-zeremonie-geld-zu-verlangen\/#primaryimage","url":"https:\/\/spiritprotect.org\/wordpress\/wp-content\/uploads\/2023\/04\/IMG_0778-scaled.jpg","contentUrl":"https:\/\/spiritprotect.org\/wordpress\/wp-content\/uploads\/2023\/04\/IMG_0778-scaled.jpg","width":2560,"height":1920},{"@type":"BreadcrumbList","@id":"https:\/\/spiritprotect.org\/wordpress\/der-vorwurf-fur-die-zeremonie-geld-zu-verlangen\/#breadcrumb","itemListElement":[{"@type":"ListItem","position":1,"name":"Home","item":"https:\/\/spiritprotect.org\/wordpress\/"},{"@type":"ListItem","position":2,"name":"Der Vorwurf, f\u00fcr die Zeremonie Geld zu verlangen"}]},{"@type":"WebSite","@id":"https:\/\/spiritprotect.org\/wordpress\/#website","url":"https:\/\/spiritprotect.org\/wordpress\/","name":"A Man Speaks Out\u2026.","description":"The Truth be Told","publisher":{"@id":"https:\/\/spiritprotect.org\/wordpress\/#organization"},"potentialAction":[{"@type":"SearchAction","target":{"@type":"EntryPoint","urlTemplate":"https:\/\/spiritprotect.org\/wordpress\/?s={search_term_string}"},"query-input":{"@type":"PropertyValueSpecification","valueRequired":true,"valueName":"search_term_string"}}],"inLanguage":"en-US"},{"@type":"Organization","@id":"https:\/\/spiritprotect.org\/wordpress\/#organization","name":"A Man Speaks Out\u2026.","url":"https:\/\/spiritprotect.org\/wordpress\/","logo":{"@type":"ImageObject","inLanguage":"en-US","@id":"https:\/\/spiritprotect.org\/wordpress\/#\/schema\/logo\/image\/","url":"https:\/\/spiritprotect.org\/wordpress\/wp-content\/uploads\/2023\/03\/20140706_121413-scaled.jpg","contentUrl":"https:\/\/spiritprotect.org\/wordpress\/wp-content\/uploads\/2023\/03\/20140706_121413-scaled.jpg","width":2560,"height":1440,"caption":"A Man Speaks Out\u2026."},"image":{"@id":"https:\/\/spiritprotect.org\/wordpress\/#\/schema\/logo\/image\/"}}]}},"_links":{"self":[{"href":"https:\/\/spiritprotect.org\/wordpress\/wp-json\/wp\/v2\/pages\/474","targetHints":{"allow":["GET"]}}],"collection":[{"href":"https:\/\/spiritprotect.org\/wordpress\/wp-json\/wp\/v2\/pages"}],"about":[{"href":"https:\/\/spiritprotect.org\/wordpress\/wp-json\/wp\/v2\/types\/page"}],"author":[{"embeddable":true,"href":"https:\/\/spiritprotect.org\/wordpress\/wp-json\/wp\/v2\/users\/4"}],"replies":[{"embeddable":true,"href":"https:\/\/spiritprotect.org\/wordpress\/wp-json\/wp\/v2\/comments?post=474"}],"version-history":[{"count":3,"href":"https:\/\/spiritprotect.org\/wordpress\/wp-json\/wp\/v2\/pages\/474\/revisions"}],"predecessor-version":[{"id":528,"href":"https:\/\/spiritprotect.org\/wordpress\/wp-json\/wp\/v2\/pages\/474\/revisions\/528"}],"wp:featuredmedia":[{"embeddable":true,"href":"https:\/\/spiritprotect.org\/wordpress\/wp-json\/wp\/v2\/media\/223"}],"wp:attachment":[{"href":"https:\/\/spiritprotect.org\/wordpress\/wp-json\/wp\/v2\/media?parent=474"}],"curies":[{"name":"wp","href":"https:\/\/api.w.org\/{rel}","templated":true}]}}