{"id":476,"date":"2023-05-19T14:03:26","date_gmt":"2023-05-19T19:03:26","guid":{"rendered":"https:\/\/spiritprotect.org\/wordpress\/?page_id=476"},"modified":"2023-05-19T14:20:36","modified_gmt":"2023-05-19T19:20:36","slug":"kontext-die-prasentation-2021-vor-dem-lb","status":"publish","type":"page","link":"https:\/\/spiritprotect.org\/wordpress\/kontext-die-prasentation-2021-vor-dem-lb\/","title":{"rendered":"Kontext: Die Pr\u00e4sentation 2021 vor dem LB"},"content":{"rendered":"\n<p><strong>Etwas Kontext zum momentanen Situation<\/strong><\/p>\n\n\n\n<p><em>Warum dies wichtig ist: Es zeigt, dass die urspr\u00fcngliche Pr\u00e4sentation und der laufende Ausschuss, der sich mit kultureller Aneignung befasst, viele Unwahrheiten enth\u00e4lt; nur einige der vielen Unwahrheiten werden im Folgenden genannt und widerlegt. Wir wollen, dass endlich die Wahrheit gesagt wird. ED.<\/em><\/p>\n\n\n\n<p><strong>Die Pr\u00e4sentation 2021 vor dem LB<\/strong><\/p>\n\n\n\n<p>Im Januar 2021 hielten vier M\u00e4nner eine Pr\u00e4sentation vor dem Leader Body, in der sie das MKP einer langen Liste angeblicher kultureller Aneignung beschuldigten. Das Video, obwohl oberfl\u00e4chlich gesehen aufrichtig, enthielt so viele falsche Informationen und Meinungen, die als Daten getarnt waren, dass die Auswirkungen als toxisch angesehen wurden und vom MKP-Vorstand aus dem Verkehr gezogen wurden.<\/p>\n\n\n\n<p>Ich m\u00f6chte ein Beispiel nennen. Einer der Vortragenden zeigte ein Vergleichsfoto des MKP-Talismans &#8211; (ein Andenken an das NWTA, das aus einer roten Lederscheibe besteht, die zu einer Kugel mit Steinen zusammengebunden und an einer Lederkordel aufgezogen ist) &#8211; mit zwei Beh\u00e4ltern, die aussahen, als seien sie aus Rohleder mit einer Art \u00d6ffnung an einem Ende. Ohne Vergleichsm\u00f6glichkeit mit einer Art Ma\u00dfstab war es schon mal unm\u00f6glich zu sagen, wie gro\u00df die Gegenst\u00e4nde waren. Dem Betrachter wurde gesagt, es handele sich um Medizinbeutel der Schoschonen und sie seien der &#8220;Beweis&#8221; daf\u00fcr, dass das MKP sich die Kultur der amerikanischen Ureinwohner angeeignet habe.<\/p>\n\n\n\n<p>Die gezeigten Gegenst\u00e4nde hatten so viel miteinander gemeinsam wie ein Fu\u00dfball und ein Basketball, immerhin waren beide rund. Daraufhin suchte ein MKP-Koordinator einen Medizinmann der Schoschonen auf und erkundigte sich nach dem &#8220;Talisman-Problem&#8221;. Ihm wurde gesagt, dass die Schoschonen gar keine Talismane benutzen und dass sie, die Schoschonen diese Eigenschaften in sich selbst tragen. Gleichzeitig gibt es seit menschengedenken unz\u00e4hlige Kulturen, in denen&nbsp; Menschen, ihnen heilige Dinge in Lederbeuteln um den Hals tragen.<\/p>\n\n\n\n<p>Dennoch wurden aufgrund dieses Vorwurfs, unz\u00e4hlige Stunden damit verbracht, ein alternatives Objekt zu entwerfen, das f\u00fcr niemanden beleidigend sein sollte. MKP US ist diese Aufgabe bisher noch immer nicht gelungen.<\/p>\n\n\n\n<p>Es ist traurig und auch befremdend, dass sich nur sehr wenige Leiter im MKP an ihre Verpflichtung gehalten haben, jeden Prozess der NWTA zu erlernen, einschlie\u00dflich der Reinigungs- und Erneuerungszeremonie. Wahrscheinlich h\u00e4tten sie sonst genug Kontext erhalten, um gegen die gegenw\u00e4rtig verbreiteten Unwahrheiten und die Rhetorik zu entlarven. Ich w\u00fcrde sch\u00e4tzen, dass mehr als 90% dieser Leiter sich nie die M\u00fche gemacht haben, sich zumindest eingehend mit der Reinigungs- und Erneuerungszeremonie zu befassen, trotz vieler formeller Einladungen und Unterst\u00fctzungsangebote der LKSI.<\/p>\n\n\n\n<div class=\"wp-block-buttons is-content-justification-center is-layout-flex wp-container-core-buttons-is-layout-16018d1d wp-block-buttons-is-layout-flex\">\n<div class=\"wp-block-button\"><a class=\"wp-block-button__link wp-element-button\" href=\"https:\/\/spiritprotect.org\/wordpress\/kontext-die-arbeit-des-bewilligungsausschusses-und-das-ende-des-ausschusses\/\">n\u00e4chste<\/a><\/div>\n<\/div>\n","protected":false},"excerpt":{"rendered":"<p>Etwas Kontext zum momentanen Situation Warum dies wichtig ist: Es zeigt, dass die urspr\u00fcngliche Pr\u00e4sentation und der laufende Ausschuss, der sich mit kultureller Aneignung befasst, viele Unwahrheiten enth\u00e4lt; nur einige der vielen Unwahrheiten werden im Folgenden genannt und widerlegt. Wir wollen, dass endlich die Wahrheit gesagt wird. ED. Die Pr\u00e4sentation 2021 vor dem LB Im &hellip; <a href=\"https:\/\/spiritprotect.org\/wordpress\/kontext-die-prasentation-2021-vor-dem-lb\/\" class=\"more-link\">Continue reading <span class=\"screen-reader-text\">Kontext: Die Pr\u00e4sentation 2021 vor dem LB<\/span><\/a><\/p>\n","protected":false},"author":4,"featured_media":211,"parent":0,"menu_order":0,"comment_status":"closed","ping_status":"closed","template":"","meta":{"footnotes":""},"class_list":["post-476","page","type-page","status-publish","has-post-thumbnail","hentry"],"yoast_head":"<!-- This site is optimized with the Yoast SEO plugin v27.4 - https:\/\/yoast.com\/product\/yoast-seo-wordpress\/ -->\n<title>Kontext: Die Pr\u00e4sentation 2021 vor dem LB - A Man Speaks Out\u2026.<\/title>\n<meta name=\"robots\" content=\"index, follow, max-snippet:-1, max-image-preview:large, max-video-preview:-1\" \/>\n<link rel=\"canonical\" href=\"https:\/\/spiritprotect.org\/wordpress\/kontext-die-prasentation-2021-vor-dem-lb\/\" \/>\n<meta property=\"og:locale\" content=\"en_US\" \/>\n<meta property=\"og:type\" content=\"article\" \/>\n<meta property=\"og:title\" content=\"Kontext: Die Pr\u00e4sentation 2021 vor dem LB - A Man Speaks Out\u2026.\" \/>\n<meta property=\"og:description\" content=\"Etwas Kontext zum momentanen Situation Warum dies wichtig ist: Es zeigt, dass die urspr\u00fcngliche Pr\u00e4sentation und der laufende Ausschuss, der sich mit kultureller Aneignung befasst, viele Unwahrheiten enth\u00e4lt; nur einige der vielen Unwahrheiten werden im Folgenden genannt und widerlegt. Wir wollen, dass endlich die Wahrheit gesagt wird. ED. Die Pr\u00e4sentation 2021 vor dem LB Im &hellip; Continue reading Kontext: Die Pr\u00e4sentation 2021 vor dem LB\" \/>\n<meta property=\"og:url\" content=\"https:\/\/spiritprotect.org\/wordpress\/kontext-die-prasentation-2021-vor-dem-lb\/\" \/>\n<meta property=\"og:site_name\" content=\"A Man Speaks Out\u2026.\" \/>\n<meta property=\"article:modified_time\" content=\"2023-05-19T19:20:36+00:00\" \/>\n<meta property=\"og:image\" content=\"https:\/\/spiritprotect.org\/wordpress\/wp-content\/uploads\/2023\/04\/IMG_3044-scaled.jpg\" \/>\n\t<meta property=\"og:image:width\" content=\"2560\" \/>\n\t<meta property=\"og:image:height\" content=\"1920\" \/>\n\t<meta property=\"og:image:type\" content=\"image\/jpeg\" \/>\n<meta name=\"twitter:card\" content=\"summary_large_image\" \/>\n<meta name=\"twitter:label1\" content=\"Est. reading time\" \/>\n\t<meta name=\"twitter:data1\" content=\"2 minutes\" \/>\n<script type=\"application\/ld+json\" class=\"yoast-schema-graph\">{\"@context\":\"https:\\\/\\\/schema.org\",\"@graph\":[{\"@type\":\"WebPage\",\"@id\":\"https:\\\/\\\/spiritprotect.org\\\/wordpress\\\/kontext-die-prasentation-2021-vor-dem-lb\\\/\",\"url\":\"https:\\\/\\\/spiritprotect.org\\\/wordpress\\\/kontext-die-prasentation-2021-vor-dem-lb\\\/\",\"name\":\"Kontext: Die Pr\u00e4sentation 2021 vor dem LB - A Man Speaks Out\u2026.\",\"isPartOf\":{\"@id\":\"https:\\\/\\\/spiritprotect.org\\\/wordpress\\\/#website\"},\"primaryImageOfPage\":{\"@id\":\"https:\\\/\\\/spiritprotect.org\\\/wordpress\\\/kontext-die-prasentation-2021-vor-dem-lb\\\/#primaryimage\"},\"image\":{\"@id\":\"https:\\\/\\\/spiritprotect.org\\\/wordpress\\\/kontext-die-prasentation-2021-vor-dem-lb\\\/#primaryimage\"},\"thumbnailUrl\":\"https:\\\/\\\/spiritprotect.org\\\/wordpress\\\/wp-content\\\/uploads\\\/2023\\\/04\\\/IMG_3044-scaled.jpg\",\"datePublished\":\"2023-05-19T19:03:26+00:00\",\"dateModified\":\"2023-05-19T19:20:36+00:00\",\"breadcrumb\":{\"@id\":\"https:\\\/\\\/spiritprotect.org\\\/wordpress\\\/kontext-die-prasentation-2021-vor-dem-lb\\\/#breadcrumb\"},\"inLanguage\":\"en-US\",\"potentialAction\":[{\"@type\":\"ReadAction\",\"target\":[\"https:\\\/\\\/spiritprotect.org\\\/wordpress\\\/kontext-die-prasentation-2021-vor-dem-lb\\\/\"]}]},{\"@type\":\"ImageObject\",\"inLanguage\":\"en-US\",\"@id\":\"https:\\\/\\\/spiritprotect.org\\\/wordpress\\\/kontext-die-prasentation-2021-vor-dem-lb\\\/#primaryimage\",\"url\":\"https:\\\/\\\/spiritprotect.org\\\/wordpress\\\/wp-content\\\/uploads\\\/2023\\\/04\\\/IMG_3044-scaled.jpg\",\"contentUrl\":\"https:\\\/\\\/spiritprotect.org\\\/wordpress\\\/wp-content\\\/uploads\\\/2023\\\/04\\\/IMG_3044-scaled.jpg\",\"width\":2560,\"height\":1920},{\"@type\":\"BreadcrumbList\",\"@id\":\"https:\\\/\\\/spiritprotect.org\\\/wordpress\\\/kontext-die-prasentation-2021-vor-dem-lb\\\/#breadcrumb\",\"itemListElement\":[{\"@type\":\"ListItem\",\"position\":1,\"name\":\"Home\",\"item\":\"https:\\\/\\\/spiritprotect.org\\\/wordpress\\\/\"},{\"@type\":\"ListItem\",\"position\":2,\"name\":\"Kontext: Die Pr\u00e4sentation 2021 vor dem LB\"}]},{\"@type\":\"WebSite\",\"@id\":\"https:\\\/\\\/spiritprotect.org\\\/wordpress\\\/#website\",\"url\":\"https:\\\/\\\/spiritprotect.org\\\/wordpress\\\/\",\"name\":\"A Man Speaks Out\u2026.\",\"description\":\"The Truth be Told\",\"publisher\":{\"@id\":\"https:\\\/\\\/spiritprotect.org\\\/wordpress\\\/#organization\"},\"potentialAction\":[{\"@type\":\"SearchAction\",\"target\":{\"@type\":\"EntryPoint\",\"urlTemplate\":\"https:\\\/\\\/spiritprotect.org\\\/wordpress\\\/?s={search_term_string}\"},\"query-input\":{\"@type\":\"PropertyValueSpecification\",\"valueRequired\":true,\"valueName\":\"search_term_string\"}}],\"inLanguage\":\"en-US\"},{\"@type\":\"Organization\",\"@id\":\"https:\\\/\\\/spiritprotect.org\\\/wordpress\\\/#organization\",\"name\":\"A Man Speaks Out\u2026.\",\"url\":\"https:\\\/\\\/spiritprotect.org\\\/wordpress\\\/\",\"logo\":{\"@type\":\"ImageObject\",\"inLanguage\":\"en-US\",\"@id\":\"https:\\\/\\\/spiritprotect.org\\\/wordpress\\\/#\\\/schema\\\/logo\\\/image\\\/\",\"url\":\"https:\\\/\\\/spiritprotect.org\\\/wordpress\\\/wp-content\\\/uploads\\\/2023\\\/03\\\/20140706_121413-scaled.jpg\",\"contentUrl\":\"https:\\\/\\\/spiritprotect.org\\\/wordpress\\\/wp-content\\\/uploads\\\/2023\\\/03\\\/20140706_121413-scaled.jpg\",\"width\":2560,\"height\":1440,\"caption\":\"A Man Speaks Out\u2026.\"},\"image\":{\"@id\":\"https:\\\/\\\/spiritprotect.org\\\/wordpress\\\/#\\\/schema\\\/logo\\\/image\\\/\"}}]}<\/script>\n<!-- \/ Yoast SEO plugin. -->","yoast_head_json":{"title":"Kontext: Die Pr\u00e4sentation 2021 vor dem LB - A Man Speaks Out\u2026.","robots":{"index":"index","follow":"follow","max-snippet":"max-snippet:-1","max-image-preview":"max-image-preview:large","max-video-preview":"max-video-preview:-1"},"canonical":"https:\/\/spiritprotect.org\/wordpress\/kontext-die-prasentation-2021-vor-dem-lb\/","og_locale":"en_US","og_type":"article","og_title":"Kontext: Die Pr\u00e4sentation 2021 vor dem LB - A Man Speaks Out\u2026.","og_description":"Etwas Kontext zum momentanen Situation Warum dies wichtig ist: Es zeigt, dass die urspr\u00fcngliche Pr\u00e4sentation und der laufende Ausschuss, der sich mit kultureller Aneignung befasst, viele Unwahrheiten enth\u00e4lt; nur einige der vielen Unwahrheiten werden im Folgenden genannt und widerlegt. Wir wollen, dass endlich die Wahrheit gesagt wird. ED. Die Pr\u00e4sentation 2021 vor dem LB Im &hellip; Continue reading Kontext: Die Pr\u00e4sentation 2021 vor dem LB","og_url":"https:\/\/spiritprotect.org\/wordpress\/kontext-die-prasentation-2021-vor-dem-lb\/","og_site_name":"A Man Speaks Out\u2026.","article_modified_time":"2023-05-19T19:20:36+00:00","og_image":[{"width":2560,"height":1920,"url":"https:\/\/spiritprotect.org\/wordpress\/wp-content\/uploads\/2023\/04\/IMG_3044-scaled.jpg","type":"image\/jpeg"}],"twitter_card":"summary_large_image","twitter_misc":{"Est. reading time":"2 minutes"},"schema":{"@context":"https:\/\/schema.org","@graph":[{"@type":"WebPage","@id":"https:\/\/spiritprotect.org\/wordpress\/kontext-die-prasentation-2021-vor-dem-lb\/","url":"https:\/\/spiritprotect.org\/wordpress\/kontext-die-prasentation-2021-vor-dem-lb\/","name":"Kontext: Die Pr\u00e4sentation 2021 vor dem LB - A Man Speaks Out\u2026.","isPartOf":{"@id":"https:\/\/spiritprotect.org\/wordpress\/#website"},"primaryImageOfPage":{"@id":"https:\/\/spiritprotect.org\/wordpress\/kontext-die-prasentation-2021-vor-dem-lb\/#primaryimage"},"image":{"@id":"https:\/\/spiritprotect.org\/wordpress\/kontext-die-prasentation-2021-vor-dem-lb\/#primaryimage"},"thumbnailUrl":"https:\/\/spiritprotect.org\/wordpress\/wp-content\/uploads\/2023\/04\/IMG_3044-scaled.jpg","datePublished":"2023-05-19T19:03:26+00:00","dateModified":"2023-05-19T19:20:36+00:00","breadcrumb":{"@id":"https:\/\/spiritprotect.org\/wordpress\/kontext-die-prasentation-2021-vor-dem-lb\/#breadcrumb"},"inLanguage":"en-US","potentialAction":[{"@type":"ReadAction","target":["https:\/\/spiritprotect.org\/wordpress\/kontext-die-prasentation-2021-vor-dem-lb\/"]}]},{"@type":"ImageObject","inLanguage":"en-US","@id":"https:\/\/spiritprotect.org\/wordpress\/kontext-die-prasentation-2021-vor-dem-lb\/#primaryimage","url":"https:\/\/spiritprotect.org\/wordpress\/wp-content\/uploads\/2023\/04\/IMG_3044-scaled.jpg","contentUrl":"https:\/\/spiritprotect.org\/wordpress\/wp-content\/uploads\/2023\/04\/IMG_3044-scaled.jpg","width":2560,"height":1920},{"@type":"BreadcrumbList","@id":"https:\/\/spiritprotect.org\/wordpress\/kontext-die-prasentation-2021-vor-dem-lb\/#breadcrumb","itemListElement":[{"@type":"ListItem","position":1,"name":"Home","item":"https:\/\/spiritprotect.org\/wordpress\/"},{"@type":"ListItem","position":2,"name":"Kontext: Die Pr\u00e4sentation 2021 vor dem LB"}]},{"@type":"WebSite","@id":"https:\/\/spiritprotect.org\/wordpress\/#website","url":"https:\/\/spiritprotect.org\/wordpress\/","name":"A Man Speaks Out\u2026.","description":"The Truth be Told","publisher":{"@id":"https:\/\/spiritprotect.org\/wordpress\/#organization"},"potentialAction":[{"@type":"SearchAction","target":{"@type":"EntryPoint","urlTemplate":"https:\/\/spiritprotect.org\/wordpress\/?s={search_term_string}"},"query-input":{"@type":"PropertyValueSpecification","valueRequired":true,"valueName":"search_term_string"}}],"inLanguage":"en-US"},{"@type":"Organization","@id":"https:\/\/spiritprotect.org\/wordpress\/#organization","name":"A Man Speaks Out\u2026.","url":"https:\/\/spiritprotect.org\/wordpress\/","logo":{"@type":"ImageObject","inLanguage":"en-US","@id":"https:\/\/spiritprotect.org\/wordpress\/#\/schema\/logo\/image\/","url":"https:\/\/spiritprotect.org\/wordpress\/wp-content\/uploads\/2023\/03\/20140706_121413-scaled.jpg","contentUrl":"https:\/\/spiritprotect.org\/wordpress\/wp-content\/uploads\/2023\/03\/20140706_121413-scaled.jpg","width":2560,"height":1440,"caption":"A Man Speaks Out\u2026."},"image":{"@id":"https:\/\/spiritprotect.org\/wordpress\/#\/schema\/logo\/image\/"}}]}},"_links":{"self":[{"href":"https:\/\/spiritprotect.org\/wordpress\/wp-json\/wp\/v2\/pages\/476","targetHints":{"allow":["GET"]}}],"collection":[{"href":"https:\/\/spiritprotect.org\/wordpress\/wp-json\/wp\/v2\/pages"}],"about":[{"href":"https:\/\/spiritprotect.org\/wordpress\/wp-json\/wp\/v2\/types\/page"}],"author":[{"embeddable":true,"href":"https:\/\/spiritprotect.org\/wordpress\/wp-json\/wp\/v2\/users\/4"}],"replies":[{"embeddable":true,"href":"https:\/\/spiritprotect.org\/wordpress\/wp-json\/wp\/v2\/comments?post=476"}],"version-history":[{"count":3,"href":"https:\/\/spiritprotect.org\/wordpress\/wp-json\/wp\/v2\/pages\/476\/revisions"}],"predecessor-version":[{"id":530,"href":"https:\/\/spiritprotect.org\/wordpress\/wp-json\/wp\/v2\/pages\/476\/revisions\/530"}],"wp:featuredmedia":[{"embeddable":true,"href":"https:\/\/spiritprotect.org\/wordpress\/wp-json\/wp\/v2\/media\/211"}],"wp:attachment":[{"href":"https:\/\/spiritprotect.org\/wordpress\/wp-json\/wp\/v2\/media?parent=476"}],"curies":[{"name":"wp","href":"https:\/\/api.w.org\/{rel}","templated":true}]}}