{"id":479,"date":"2023-05-19T14:05:49","date_gmt":"2023-05-19T19:05:49","guid":{"rendered":"https:\/\/spiritprotect.org\/wordpress\/?page_id=479"},"modified":"2023-05-19T14:22:16","modified_gmt":"2023-05-19T19:22:16","slug":"kontext-die-arbeit-des-bewilligungsausschusses-und-das-ende-des-ausschusses","status":"publish","type":"page","link":"https:\/\/spiritprotect.org\/wordpress\/kontext-die-arbeit-des-bewilligungsausschusses-und-das-ende-des-ausschusses\/","title":{"rendered":"Kontext: Die Arbeit des Bewilligungsausschusses und das Ende des Ausschusses"},"content":{"rendered":"\n<p>15 Monate lang traf sich jeden Montagabend ein Ausschuss f\u00fcr kulturelle Aneignung, um alle Bereiche der NWTA auf m\u00f6gliche kulturelle Aneignung zu untersuchen. Dieses Treffen stand allen indigenen M\u00e4nnern offen und sollte den wei\u00dfen M\u00e4nnern die M\u00f6glichkeit geben, die Stimmen der indigenen M\u00e4nner zu h\u00f6ren. Wei\u00dfe M\u00e4nner durften nicht reden. Es wurden Unteraussch\u00fcsse gebildet, die sich mit bestimmten Themen befassten.<\/p>\n\n\n\n<p>Was ich in diesen Monaten beobachtete, war, dass im Grunde nur ein einziger indigener Mann, einer der Referenten, den gr\u00f6\u00dften Teil des Gespr\u00e4chs f\u00fchrte. Andere indigene M\u00e4nner, die an den Gespr\u00e4chen teilnahmen, wurden im Allgemeinen nicht nach ihrer Meinung gefragt. Wenn sie gelegentlich dann doch nach ihrer Meinung gefragt wurden, sagte die Mehrheit der M\u00e4nner, dass es f\u00fcr das MKP in Ordnung sei, was es tue.<\/p>\n\n\n\n<p>Ich habe die Erfahrung gemacht, dass die meisten indigenen M\u00e4nner, die sich gemeldet haben, ignoriert wurden.<\/p>\n\n\n\n<p>Meiner Meinung nach gab es bei den wei\u00dfen M\u00e4nnern eine implizite Voreingenommenheit, die niemand ansprechen wollte.<\/p>\n\n\n\n<p>Diese Voreingenommenheit f\u00fchrte dazu, dass der Ausschuss nicht mehr funktionierte, und der Vorsitzende des MKP, der auch an all diesen Online-Treffen teilgenommen hatte, beendete daraufhin den Ausschuss &#8211; gl\u00fccklicherweise, bevor die P&amp;R-Zeremonie diskutiert werden konnte.<\/p>\n\n\n\n<p>Ich m\u00f6chte hinzuf\u00fcgen, dass mir gesagt wurde, dass der Mann, welcher die meisten Gespr\u00e4che gef\u00fchrt hatte, einmal mit den Worten zitiert wurde, dass &#8220;die Indianer da dr\u00fcben nicht wichtig sind&#8221;.<\/p>\n\n\n\n<p>Ein anderer indigener Mann, der bei den meisten Anrufen dabei war, sagte mir, er habe darauf gewartet, dass ihn jemand fragt, was er denkt, aber das hat nie jemand getan.<\/p>\n\n\n\n<div class=\"wp-block-buttons is-content-justification-center is-layout-flex wp-container-core-buttons-is-layout-16018d1d wp-block-buttons-is-layout-flex\">\n<div class=\"wp-block-button\"><a class=\"wp-block-button__link wp-element-button\" href=\"https:\/\/spiritprotect.org\/wordpress\/kontext-der-ausschuss-zur-uberprufung-des-protokolls\/\">n\u00e4chste<\/a><\/div>\n<\/div>\n","protected":false},"excerpt":{"rendered":"<p>15 Monate lang traf sich jeden Montagabend ein Ausschuss f\u00fcr kulturelle Aneignung, um alle Bereiche der NWTA auf m\u00f6gliche kulturelle Aneignung zu untersuchen. Dieses Treffen stand allen indigenen M\u00e4nnern offen und sollte den wei\u00dfen M\u00e4nnern die M\u00f6glichkeit geben, die Stimmen der indigenen M\u00e4nner zu h\u00f6ren. Wei\u00dfe M\u00e4nner durften nicht reden. Es wurden Unteraussch\u00fcsse gebildet, die &hellip; <a href=\"https:\/\/spiritprotect.org\/wordpress\/kontext-die-arbeit-des-bewilligungsausschusses-und-das-ende-des-ausschusses\/\" class=\"more-link\">Continue reading <span class=\"screen-reader-text\">Kontext: Die Arbeit des Bewilligungsausschusses und das Ende des Ausschusses<\/span><\/a><\/p>\n","protected":false},"author":4,"featured_media":212,"parent":0,"menu_order":0,"comment_status":"closed","ping_status":"closed","template":"","meta":{"footnotes":""},"class_list":["post-479","page","type-page","status-publish","has-post-thumbnail","hentry"],"yoast_head":"<!-- This site is optimized with the Yoast SEO plugin v27.4 - https:\/\/yoast.com\/product\/yoast-seo-wordpress\/ -->\n<title>Kontext: Die Arbeit des Bewilligungsausschusses und das Ende des Ausschusses - A Man Speaks Out\u2026.<\/title>\n<meta name=\"robots\" content=\"index, follow, max-snippet:-1, max-image-preview:large, max-video-preview:-1\" \/>\n<link rel=\"canonical\" href=\"https:\/\/spiritprotect.org\/wordpress\/kontext-die-arbeit-des-bewilligungsausschusses-und-das-ende-des-ausschusses\/\" \/>\n<meta property=\"og:locale\" content=\"en_US\" \/>\n<meta property=\"og:type\" content=\"article\" \/>\n<meta property=\"og:title\" content=\"Kontext: Die Arbeit des Bewilligungsausschusses und das Ende des Ausschusses - A Man Speaks Out\u2026.\" \/>\n<meta property=\"og:description\" content=\"15 Monate lang traf sich jeden Montagabend ein Ausschuss f\u00fcr kulturelle Aneignung, um alle Bereiche der NWTA auf m\u00f6gliche kulturelle Aneignung zu untersuchen. Dieses Treffen stand allen indigenen M\u00e4nnern offen und sollte den wei\u00dfen M\u00e4nnern die M\u00f6glichkeit geben, die Stimmen der indigenen M\u00e4nner zu h\u00f6ren. Wei\u00dfe M\u00e4nner durften nicht reden. Es wurden Unteraussch\u00fcsse gebildet, die &hellip; Continue reading Kontext: Die Arbeit des Bewilligungsausschusses und das Ende des Ausschusses\" \/>\n<meta property=\"og:url\" content=\"https:\/\/spiritprotect.org\/wordpress\/kontext-die-arbeit-des-bewilligungsausschusses-und-das-ende-des-ausschusses\/\" \/>\n<meta property=\"og:site_name\" content=\"A Man Speaks Out\u2026.\" \/>\n<meta property=\"article:modified_time\" content=\"2023-05-19T19:22:16+00:00\" \/>\n<meta property=\"og:image\" content=\"https:\/\/spiritprotect.org\/wordpress\/wp-content\/uploads\/2023\/04\/IMG_3045-scaled.jpg\" \/>\n\t<meta property=\"og:image:width\" content=\"2560\" \/>\n\t<meta property=\"og:image:height\" content=\"1920\" \/>\n\t<meta property=\"og:image:type\" content=\"image\/jpeg\" \/>\n<meta name=\"twitter:card\" content=\"summary_large_image\" \/>\n<meta name=\"twitter:label1\" content=\"Est. reading time\" \/>\n\t<meta name=\"twitter:data1\" content=\"2 minutes\" \/>\n<script type=\"application\/ld+json\" class=\"yoast-schema-graph\">{\"@context\":\"https:\\\/\\\/schema.org\",\"@graph\":[{\"@type\":\"WebPage\",\"@id\":\"https:\\\/\\\/spiritprotect.org\\\/wordpress\\\/kontext-die-arbeit-des-bewilligungsausschusses-und-das-ende-des-ausschusses\\\/\",\"url\":\"https:\\\/\\\/spiritprotect.org\\\/wordpress\\\/kontext-die-arbeit-des-bewilligungsausschusses-und-das-ende-des-ausschusses\\\/\",\"name\":\"Kontext: Die Arbeit des Bewilligungsausschusses und das Ende des Ausschusses - A Man Speaks Out\u2026.\",\"isPartOf\":{\"@id\":\"https:\\\/\\\/spiritprotect.org\\\/wordpress\\\/#website\"},\"primaryImageOfPage\":{\"@id\":\"https:\\\/\\\/spiritprotect.org\\\/wordpress\\\/kontext-die-arbeit-des-bewilligungsausschusses-und-das-ende-des-ausschusses\\\/#primaryimage\"},\"image\":{\"@id\":\"https:\\\/\\\/spiritprotect.org\\\/wordpress\\\/kontext-die-arbeit-des-bewilligungsausschusses-und-das-ende-des-ausschusses\\\/#primaryimage\"},\"thumbnailUrl\":\"https:\\\/\\\/spiritprotect.org\\\/wordpress\\\/wp-content\\\/uploads\\\/2023\\\/04\\\/IMG_3045-scaled.jpg\",\"datePublished\":\"2023-05-19T19:05:49+00:00\",\"dateModified\":\"2023-05-19T19:22:16+00:00\",\"breadcrumb\":{\"@id\":\"https:\\\/\\\/spiritprotect.org\\\/wordpress\\\/kontext-die-arbeit-des-bewilligungsausschusses-und-das-ende-des-ausschusses\\\/#breadcrumb\"},\"inLanguage\":\"en-US\",\"potentialAction\":[{\"@type\":\"ReadAction\",\"target\":[\"https:\\\/\\\/spiritprotect.org\\\/wordpress\\\/kontext-die-arbeit-des-bewilligungsausschusses-und-das-ende-des-ausschusses\\\/\"]}]},{\"@type\":\"ImageObject\",\"inLanguage\":\"en-US\",\"@id\":\"https:\\\/\\\/spiritprotect.org\\\/wordpress\\\/kontext-die-arbeit-des-bewilligungsausschusses-und-das-ende-des-ausschusses\\\/#primaryimage\",\"url\":\"https:\\\/\\\/spiritprotect.org\\\/wordpress\\\/wp-content\\\/uploads\\\/2023\\\/04\\\/IMG_3045-scaled.jpg\",\"contentUrl\":\"https:\\\/\\\/spiritprotect.org\\\/wordpress\\\/wp-content\\\/uploads\\\/2023\\\/04\\\/IMG_3045-scaled.jpg\",\"width\":2560,\"height\":1920},{\"@type\":\"BreadcrumbList\",\"@id\":\"https:\\\/\\\/spiritprotect.org\\\/wordpress\\\/kontext-die-arbeit-des-bewilligungsausschusses-und-das-ende-des-ausschusses\\\/#breadcrumb\",\"itemListElement\":[{\"@type\":\"ListItem\",\"position\":1,\"name\":\"Home\",\"item\":\"https:\\\/\\\/spiritprotect.org\\\/wordpress\\\/\"},{\"@type\":\"ListItem\",\"position\":2,\"name\":\"Kontext: Die Arbeit des Bewilligungsausschusses und das Ende des Ausschusses\"}]},{\"@type\":\"WebSite\",\"@id\":\"https:\\\/\\\/spiritprotect.org\\\/wordpress\\\/#website\",\"url\":\"https:\\\/\\\/spiritprotect.org\\\/wordpress\\\/\",\"name\":\"A Man Speaks Out\u2026.\",\"description\":\"The Truth be Told\",\"publisher\":{\"@id\":\"https:\\\/\\\/spiritprotect.org\\\/wordpress\\\/#organization\"},\"potentialAction\":[{\"@type\":\"SearchAction\",\"target\":{\"@type\":\"EntryPoint\",\"urlTemplate\":\"https:\\\/\\\/spiritprotect.org\\\/wordpress\\\/?s={search_term_string}\"},\"query-input\":{\"@type\":\"PropertyValueSpecification\",\"valueRequired\":true,\"valueName\":\"search_term_string\"}}],\"inLanguage\":\"en-US\"},{\"@type\":\"Organization\",\"@id\":\"https:\\\/\\\/spiritprotect.org\\\/wordpress\\\/#organization\",\"name\":\"A Man Speaks Out\u2026.\",\"url\":\"https:\\\/\\\/spiritprotect.org\\\/wordpress\\\/\",\"logo\":{\"@type\":\"ImageObject\",\"inLanguage\":\"en-US\",\"@id\":\"https:\\\/\\\/spiritprotect.org\\\/wordpress\\\/#\\\/schema\\\/logo\\\/image\\\/\",\"url\":\"https:\\\/\\\/spiritprotect.org\\\/wordpress\\\/wp-content\\\/uploads\\\/2023\\\/03\\\/20140706_121413-scaled.jpg\",\"contentUrl\":\"https:\\\/\\\/spiritprotect.org\\\/wordpress\\\/wp-content\\\/uploads\\\/2023\\\/03\\\/20140706_121413-scaled.jpg\",\"width\":2560,\"height\":1440,\"caption\":\"A Man Speaks Out\u2026.\"},\"image\":{\"@id\":\"https:\\\/\\\/spiritprotect.org\\\/wordpress\\\/#\\\/schema\\\/logo\\\/image\\\/\"}}]}<\/script>\n<!-- \/ Yoast SEO plugin. -->","yoast_head_json":{"title":"Kontext: Die Arbeit des Bewilligungsausschusses und das Ende des Ausschusses - A Man Speaks Out\u2026.","robots":{"index":"index","follow":"follow","max-snippet":"max-snippet:-1","max-image-preview":"max-image-preview:large","max-video-preview":"max-video-preview:-1"},"canonical":"https:\/\/spiritprotect.org\/wordpress\/kontext-die-arbeit-des-bewilligungsausschusses-und-das-ende-des-ausschusses\/","og_locale":"en_US","og_type":"article","og_title":"Kontext: Die Arbeit des Bewilligungsausschusses und das Ende des Ausschusses - A Man Speaks Out\u2026.","og_description":"15 Monate lang traf sich jeden Montagabend ein Ausschuss f\u00fcr kulturelle Aneignung, um alle Bereiche der NWTA auf m\u00f6gliche kulturelle Aneignung zu untersuchen. Dieses Treffen stand allen indigenen M\u00e4nnern offen und sollte den wei\u00dfen M\u00e4nnern die M\u00f6glichkeit geben, die Stimmen der indigenen M\u00e4nner zu h\u00f6ren. Wei\u00dfe M\u00e4nner durften nicht reden. Es wurden Unteraussch\u00fcsse gebildet, die &hellip; Continue reading Kontext: Die Arbeit des Bewilligungsausschusses und das Ende des Ausschusses","og_url":"https:\/\/spiritprotect.org\/wordpress\/kontext-die-arbeit-des-bewilligungsausschusses-und-das-ende-des-ausschusses\/","og_site_name":"A Man Speaks Out\u2026.","article_modified_time":"2023-05-19T19:22:16+00:00","og_image":[{"width":2560,"height":1920,"url":"https:\/\/spiritprotect.org\/wordpress\/wp-content\/uploads\/2023\/04\/IMG_3045-scaled.jpg","type":"image\/jpeg"}],"twitter_card":"summary_large_image","twitter_misc":{"Est. reading time":"2 minutes"},"schema":{"@context":"https:\/\/schema.org","@graph":[{"@type":"WebPage","@id":"https:\/\/spiritprotect.org\/wordpress\/kontext-die-arbeit-des-bewilligungsausschusses-und-das-ende-des-ausschusses\/","url":"https:\/\/spiritprotect.org\/wordpress\/kontext-die-arbeit-des-bewilligungsausschusses-und-das-ende-des-ausschusses\/","name":"Kontext: Die Arbeit des Bewilligungsausschusses und das Ende des Ausschusses - A Man Speaks Out\u2026.","isPartOf":{"@id":"https:\/\/spiritprotect.org\/wordpress\/#website"},"primaryImageOfPage":{"@id":"https:\/\/spiritprotect.org\/wordpress\/kontext-die-arbeit-des-bewilligungsausschusses-und-das-ende-des-ausschusses\/#primaryimage"},"image":{"@id":"https:\/\/spiritprotect.org\/wordpress\/kontext-die-arbeit-des-bewilligungsausschusses-und-das-ende-des-ausschusses\/#primaryimage"},"thumbnailUrl":"https:\/\/spiritprotect.org\/wordpress\/wp-content\/uploads\/2023\/04\/IMG_3045-scaled.jpg","datePublished":"2023-05-19T19:05:49+00:00","dateModified":"2023-05-19T19:22:16+00:00","breadcrumb":{"@id":"https:\/\/spiritprotect.org\/wordpress\/kontext-die-arbeit-des-bewilligungsausschusses-und-das-ende-des-ausschusses\/#breadcrumb"},"inLanguage":"en-US","potentialAction":[{"@type":"ReadAction","target":["https:\/\/spiritprotect.org\/wordpress\/kontext-die-arbeit-des-bewilligungsausschusses-und-das-ende-des-ausschusses\/"]}]},{"@type":"ImageObject","inLanguage":"en-US","@id":"https:\/\/spiritprotect.org\/wordpress\/kontext-die-arbeit-des-bewilligungsausschusses-und-das-ende-des-ausschusses\/#primaryimage","url":"https:\/\/spiritprotect.org\/wordpress\/wp-content\/uploads\/2023\/04\/IMG_3045-scaled.jpg","contentUrl":"https:\/\/spiritprotect.org\/wordpress\/wp-content\/uploads\/2023\/04\/IMG_3045-scaled.jpg","width":2560,"height":1920},{"@type":"BreadcrumbList","@id":"https:\/\/spiritprotect.org\/wordpress\/kontext-die-arbeit-des-bewilligungsausschusses-und-das-ende-des-ausschusses\/#breadcrumb","itemListElement":[{"@type":"ListItem","position":1,"name":"Home","item":"https:\/\/spiritprotect.org\/wordpress\/"},{"@type":"ListItem","position":2,"name":"Kontext: Die Arbeit des Bewilligungsausschusses und das Ende des Ausschusses"}]},{"@type":"WebSite","@id":"https:\/\/spiritprotect.org\/wordpress\/#website","url":"https:\/\/spiritprotect.org\/wordpress\/","name":"A Man Speaks Out\u2026.","description":"The Truth be Told","publisher":{"@id":"https:\/\/spiritprotect.org\/wordpress\/#organization"},"potentialAction":[{"@type":"SearchAction","target":{"@type":"EntryPoint","urlTemplate":"https:\/\/spiritprotect.org\/wordpress\/?s={search_term_string}"},"query-input":{"@type":"PropertyValueSpecification","valueRequired":true,"valueName":"search_term_string"}}],"inLanguage":"en-US"},{"@type":"Organization","@id":"https:\/\/spiritprotect.org\/wordpress\/#organization","name":"A Man Speaks Out\u2026.","url":"https:\/\/spiritprotect.org\/wordpress\/","logo":{"@type":"ImageObject","inLanguage":"en-US","@id":"https:\/\/spiritprotect.org\/wordpress\/#\/schema\/logo\/image\/","url":"https:\/\/spiritprotect.org\/wordpress\/wp-content\/uploads\/2023\/03\/20140706_121413-scaled.jpg","contentUrl":"https:\/\/spiritprotect.org\/wordpress\/wp-content\/uploads\/2023\/03\/20140706_121413-scaled.jpg","width":2560,"height":1440,"caption":"A Man Speaks Out\u2026."},"image":{"@id":"https:\/\/spiritprotect.org\/wordpress\/#\/schema\/logo\/image\/"}}]}},"_links":{"self":[{"href":"https:\/\/spiritprotect.org\/wordpress\/wp-json\/wp\/v2\/pages\/479","targetHints":{"allow":["GET"]}}],"collection":[{"href":"https:\/\/spiritprotect.org\/wordpress\/wp-json\/wp\/v2\/pages"}],"about":[{"href":"https:\/\/spiritprotect.org\/wordpress\/wp-json\/wp\/v2\/types\/page"}],"author":[{"embeddable":true,"href":"https:\/\/spiritprotect.org\/wordpress\/wp-json\/wp\/v2\/users\/4"}],"replies":[{"embeddable":true,"href":"https:\/\/spiritprotect.org\/wordpress\/wp-json\/wp\/v2\/comments?post=479"}],"version-history":[{"count":2,"href":"https:\/\/spiritprotect.org\/wordpress\/wp-json\/wp\/v2\/pages\/479\/revisions"}],"predecessor-version":[{"id":532,"href":"https:\/\/spiritprotect.org\/wordpress\/wp-json\/wp\/v2\/pages\/479\/revisions\/532"}],"wp:featuredmedia":[{"embeddable":true,"href":"https:\/\/spiritprotect.org\/wordpress\/wp-json\/wp\/v2\/media\/212"}],"wp:attachment":[{"href":"https:\/\/spiritprotect.org\/wordpress\/wp-json\/wp\/v2\/media?parent=479"}],"curies":[{"name":"wp","href":"https:\/\/api.w.org\/{rel}","templated":true}]}}