{"id":481,"date":"2023-05-19T14:05:07","date_gmt":"2023-05-19T19:05:07","guid":{"rendered":"https:\/\/spiritprotect.org\/wordpress\/?page_id=481"},"modified":"2023-05-19T14:26:12","modified_gmt":"2023-05-19T19:26:12","slug":"kontext-der-ausschuss-zur-uberprufung-des-protokolls","status":"publish","type":"page","link":"https:\/\/spiritprotect.org\/wordpress\/kontext-der-ausschuss-zur-uberprufung-des-protokolls\/","title":{"rendered":"Kontext: Der Ausschuss zur \u00dcberpr\u00fcfung des Protokolls"},"content":{"rendered":"\n<p>Es wurde ein neuer Ausschuss zur \u00dcberpr\u00fcfung des Protokolls der P&amp;R-Zeremonie gebildet. Ihm geh\u00f6rten erfahrene M\u00e4nner an, sowohl indigene als auch wei\u00dfe. Er sollte Wege finden, das Protokoll &#8220;akzeptabel&#8221; zu machen. Die Mitgliedschaft in diesem Ausschuss wurde vom Vorsitzenden bestimmt. Keines der Mitglieder des Komitees<\/p>\n\n\n\n<p>waren Moderatoren aus dem US LB Video. W\u00e4hrend dieser Ausschuss tagte, griff die S.p.i.r.i.t.org an.<\/p>\n\n\n\n<div class=\"wp-block-buttons is-content-justification-center is-layout-flex wp-container-core-buttons-is-layout-16018d1d wp-block-buttons-is-layout-flex\">\n<div class=\"wp-block-button\"><a class=\"wp-block-button__link wp-element-button\" href=\"https:\/\/spiritprotect.org\/wordpress\/der-angriff-von-s-p-i-r-i-t-org\/\">n\u00e4chste<\/a><\/div>\n<\/div>\n","protected":false},"excerpt":{"rendered":"<p>Es wurde ein neuer Ausschuss zur \u00dcberpr\u00fcfung des Protokolls der P&amp;R-Zeremonie gebildet. Ihm geh\u00f6rten erfahrene M\u00e4nner an, sowohl indigene als auch wei\u00dfe. Er sollte Wege finden, das Protokoll &#8220;akzeptabel&#8221; zu machen. Die Mitgliedschaft in diesem Ausschuss wurde vom Vorsitzenden bestimmt. Keines der Mitglieder des Komitees waren Moderatoren aus dem US LB Video. W\u00e4hrend dieser Ausschuss &hellip; <a href=\"https:\/\/spiritprotect.org\/wordpress\/kontext-der-ausschuss-zur-uberprufung-des-protokolls\/\" class=\"more-link\">Continue reading <span class=\"screen-reader-text\">Kontext: Der Ausschuss zur \u00dcberpr\u00fcfung des Protokolls<\/span><\/a><\/p>\n","protected":false},"author":4,"featured_media":241,"parent":0,"menu_order":0,"comment_status":"closed","ping_status":"closed","template":"","meta":{"footnotes":""},"class_list":["post-481","page","type-page","status-publish","has-post-thumbnail","hentry"],"yoast_head":"<!-- This site is optimized with the Yoast SEO plugin v27.4 - https:\/\/yoast.com\/product\/yoast-seo-wordpress\/ -->\n<title>Kontext: Der Ausschuss zur \u00dcberpr\u00fcfung des Protokolls - A Man Speaks Out\u2026.<\/title>\n<meta name=\"robots\" content=\"index, follow, max-snippet:-1, max-image-preview:large, max-video-preview:-1\" \/>\n<link rel=\"canonical\" href=\"https:\/\/spiritprotect.org\/wordpress\/kontext-der-ausschuss-zur-uberprufung-des-protokolls\/\" \/>\n<meta property=\"og:locale\" content=\"en_US\" \/>\n<meta property=\"og:type\" content=\"article\" \/>\n<meta property=\"og:title\" content=\"Kontext: Der Ausschuss zur \u00dcberpr\u00fcfung des Protokolls - A Man Speaks Out\u2026.\" \/>\n<meta property=\"og:description\" content=\"Es wurde ein neuer Ausschuss zur \u00dcberpr\u00fcfung des Protokolls der P&amp;R-Zeremonie gebildet. Ihm geh\u00f6rten erfahrene M\u00e4nner an, sowohl indigene als auch wei\u00dfe. Er sollte Wege finden, das Protokoll &#8220;akzeptabel&#8221; zu machen. Die Mitgliedschaft in diesem Ausschuss wurde vom Vorsitzenden bestimmt. Keines der Mitglieder des Komitees waren Moderatoren aus dem US LB Video. W\u00e4hrend dieser Ausschuss &hellip; Continue reading Kontext: Der Ausschuss zur \u00dcberpr\u00fcfung des Protokolls\" \/>\n<meta property=\"og:url\" content=\"https:\/\/spiritprotect.org\/wordpress\/kontext-der-ausschuss-zur-uberprufung-des-protokolls\/\" \/>\n<meta property=\"og:site_name\" content=\"A Man Speaks Out\u2026.\" \/>\n<meta property=\"article:modified_time\" content=\"2023-05-19T19:26:12+00:00\" \/>\n<meta property=\"og:image\" content=\"https:\/\/spiritprotect.org\/wordpress\/wp-content\/uploads\/2023\/04\/vacation2013-221-scaled.jpg\" \/>\n\t<meta property=\"og:image:width\" content=\"2560\" \/>\n\t<meta property=\"og:image:height\" content=\"1920\" \/>\n\t<meta property=\"og:image:type\" content=\"image\/jpeg\" \/>\n<meta name=\"twitter:card\" content=\"summary_large_image\" \/>\n<meta name=\"twitter:label1\" content=\"Est. reading time\" \/>\n\t<meta name=\"twitter:data1\" content=\"1 minute\" \/>\n<script type=\"application\/ld+json\" class=\"yoast-schema-graph\">{\"@context\":\"https:\\\/\\\/schema.org\",\"@graph\":[{\"@type\":\"WebPage\",\"@id\":\"https:\\\/\\\/spiritprotect.org\\\/wordpress\\\/kontext-der-ausschuss-zur-uberprufung-des-protokolls\\\/\",\"url\":\"https:\\\/\\\/spiritprotect.org\\\/wordpress\\\/kontext-der-ausschuss-zur-uberprufung-des-protokolls\\\/\",\"name\":\"Kontext: Der Ausschuss zur \u00dcberpr\u00fcfung des Protokolls - A Man Speaks Out\u2026.\",\"isPartOf\":{\"@id\":\"https:\\\/\\\/spiritprotect.org\\\/wordpress\\\/#website\"},\"primaryImageOfPage\":{\"@id\":\"https:\\\/\\\/spiritprotect.org\\\/wordpress\\\/kontext-der-ausschuss-zur-uberprufung-des-protokolls\\\/#primaryimage\"},\"image\":{\"@id\":\"https:\\\/\\\/spiritprotect.org\\\/wordpress\\\/kontext-der-ausschuss-zur-uberprufung-des-protokolls\\\/#primaryimage\"},\"thumbnailUrl\":\"https:\\\/\\\/spiritprotect.org\\\/wordpress\\\/wp-content\\\/uploads\\\/2023\\\/04\\\/vacation2013-221-scaled.jpg\",\"datePublished\":\"2023-05-19T19:05:07+00:00\",\"dateModified\":\"2023-05-19T19:26:12+00:00\",\"breadcrumb\":{\"@id\":\"https:\\\/\\\/spiritprotect.org\\\/wordpress\\\/kontext-der-ausschuss-zur-uberprufung-des-protokolls\\\/#breadcrumb\"},\"inLanguage\":\"en-US\",\"potentialAction\":[{\"@type\":\"ReadAction\",\"target\":[\"https:\\\/\\\/spiritprotect.org\\\/wordpress\\\/kontext-der-ausschuss-zur-uberprufung-des-protokolls\\\/\"]}]},{\"@type\":\"ImageObject\",\"inLanguage\":\"en-US\",\"@id\":\"https:\\\/\\\/spiritprotect.org\\\/wordpress\\\/kontext-der-ausschuss-zur-uberprufung-des-protokolls\\\/#primaryimage\",\"url\":\"https:\\\/\\\/spiritprotect.org\\\/wordpress\\\/wp-content\\\/uploads\\\/2023\\\/04\\\/vacation2013-221-scaled.jpg\",\"contentUrl\":\"https:\\\/\\\/spiritprotect.org\\\/wordpress\\\/wp-content\\\/uploads\\\/2023\\\/04\\\/vacation2013-221-scaled.jpg\",\"width\":2560,\"height\":1920,\"caption\":\"GEDSC DIGITAL CAMERA\"},{\"@type\":\"BreadcrumbList\",\"@id\":\"https:\\\/\\\/spiritprotect.org\\\/wordpress\\\/kontext-der-ausschuss-zur-uberprufung-des-protokolls\\\/#breadcrumb\",\"itemListElement\":[{\"@type\":\"ListItem\",\"position\":1,\"name\":\"Home\",\"item\":\"https:\\\/\\\/spiritprotect.org\\\/wordpress\\\/\"},{\"@type\":\"ListItem\",\"position\":2,\"name\":\"Kontext: Der Ausschuss zur \u00dcberpr\u00fcfung des Protokolls\"}]},{\"@type\":\"WebSite\",\"@id\":\"https:\\\/\\\/spiritprotect.org\\\/wordpress\\\/#website\",\"url\":\"https:\\\/\\\/spiritprotect.org\\\/wordpress\\\/\",\"name\":\"A Man Speaks Out\u2026.\",\"description\":\"The Truth be Told\",\"publisher\":{\"@id\":\"https:\\\/\\\/spiritprotect.org\\\/wordpress\\\/#organization\"},\"potentialAction\":[{\"@type\":\"SearchAction\",\"target\":{\"@type\":\"EntryPoint\",\"urlTemplate\":\"https:\\\/\\\/spiritprotect.org\\\/wordpress\\\/?s={search_term_string}\"},\"query-input\":{\"@type\":\"PropertyValueSpecification\",\"valueRequired\":true,\"valueName\":\"search_term_string\"}}],\"inLanguage\":\"en-US\"},{\"@type\":\"Organization\",\"@id\":\"https:\\\/\\\/spiritprotect.org\\\/wordpress\\\/#organization\",\"name\":\"A Man Speaks Out\u2026.\",\"url\":\"https:\\\/\\\/spiritprotect.org\\\/wordpress\\\/\",\"logo\":{\"@type\":\"ImageObject\",\"inLanguage\":\"en-US\",\"@id\":\"https:\\\/\\\/spiritprotect.org\\\/wordpress\\\/#\\\/schema\\\/logo\\\/image\\\/\",\"url\":\"https:\\\/\\\/spiritprotect.org\\\/wordpress\\\/wp-content\\\/uploads\\\/2023\\\/03\\\/20140706_121413-scaled.jpg\",\"contentUrl\":\"https:\\\/\\\/spiritprotect.org\\\/wordpress\\\/wp-content\\\/uploads\\\/2023\\\/03\\\/20140706_121413-scaled.jpg\",\"width\":2560,\"height\":1440,\"caption\":\"A Man Speaks Out\u2026.\"},\"image\":{\"@id\":\"https:\\\/\\\/spiritprotect.org\\\/wordpress\\\/#\\\/schema\\\/logo\\\/image\\\/\"}}]}<\/script>\n<!-- \/ Yoast SEO plugin. -->","yoast_head_json":{"title":"Kontext: Der Ausschuss zur \u00dcberpr\u00fcfung des Protokolls - A Man Speaks Out\u2026.","robots":{"index":"index","follow":"follow","max-snippet":"max-snippet:-1","max-image-preview":"max-image-preview:large","max-video-preview":"max-video-preview:-1"},"canonical":"https:\/\/spiritprotect.org\/wordpress\/kontext-der-ausschuss-zur-uberprufung-des-protokolls\/","og_locale":"en_US","og_type":"article","og_title":"Kontext: Der Ausschuss zur \u00dcberpr\u00fcfung des Protokolls - A Man Speaks Out\u2026.","og_description":"Es wurde ein neuer Ausschuss zur \u00dcberpr\u00fcfung des Protokolls der P&amp;R-Zeremonie gebildet. Ihm geh\u00f6rten erfahrene M\u00e4nner an, sowohl indigene als auch wei\u00dfe. Er sollte Wege finden, das Protokoll &#8220;akzeptabel&#8221; zu machen. Die Mitgliedschaft in diesem Ausschuss wurde vom Vorsitzenden bestimmt. Keines der Mitglieder des Komitees waren Moderatoren aus dem US LB Video. W\u00e4hrend dieser Ausschuss &hellip; Continue reading Kontext: Der Ausschuss zur \u00dcberpr\u00fcfung des Protokolls","og_url":"https:\/\/spiritprotect.org\/wordpress\/kontext-der-ausschuss-zur-uberprufung-des-protokolls\/","og_site_name":"A Man Speaks Out\u2026.","article_modified_time":"2023-05-19T19:26:12+00:00","og_image":[{"width":2560,"height":1920,"url":"https:\/\/spiritprotect.org\/wordpress\/wp-content\/uploads\/2023\/04\/vacation2013-221-scaled.jpg","type":"image\/jpeg"}],"twitter_card":"summary_large_image","twitter_misc":{"Est. reading time":"1 minute"},"schema":{"@context":"https:\/\/schema.org","@graph":[{"@type":"WebPage","@id":"https:\/\/spiritprotect.org\/wordpress\/kontext-der-ausschuss-zur-uberprufung-des-protokolls\/","url":"https:\/\/spiritprotect.org\/wordpress\/kontext-der-ausschuss-zur-uberprufung-des-protokolls\/","name":"Kontext: Der Ausschuss zur \u00dcberpr\u00fcfung des Protokolls - A Man Speaks Out\u2026.","isPartOf":{"@id":"https:\/\/spiritprotect.org\/wordpress\/#website"},"primaryImageOfPage":{"@id":"https:\/\/spiritprotect.org\/wordpress\/kontext-der-ausschuss-zur-uberprufung-des-protokolls\/#primaryimage"},"image":{"@id":"https:\/\/spiritprotect.org\/wordpress\/kontext-der-ausschuss-zur-uberprufung-des-protokolls\/#primaryimage"},"thumbnailUrl":"https:\/\/spiritprotect.org\/wordpress\/wp-content\/uploads\/2023\/04\/vacation2013-221-scaled.jpg","datePublished":"2023-05-19T19:05:07+00:00","dateModified":"2023-05-19T19:26:12+00:00","breadcrumb":{"@id":"https:\/\/spiritprotect.org\/wordpress\/kontext-der-ausschuss-zur-uberprufung-des-protokolls\/#breadcrumb"},"inLanguage":"en-US","potentialAction":[{"@type":"ReadAction","target":["https:\/\/spiritprotect.org\/wordpress\/kontext-der-ausschuss-zur-uberprufung-des-protokolls\/"]}]},{"@type":"ImageObject","inLanguage":"en-US","@id":"https:\/\/spiritprotect.org\/wordpress\/kontext-der-ausschuss-zur-uberprufung-des-protokolls\/#primaryimage","url":"https:\/\/spiritprotect.org\/wordpress\/wp-content\/uploads\/2023\/04\/vacation2013-221-scaled.jpg","contentUrl":"https:\/\/spiritprotect.org\/wordpress\/wp-content\/uploads\/2023\/04\/vacation2013-221-scaled.jpg","width":2560,"height":1920,"caption":"GEDSC DIGITAL CAMERA"},{"@type":"BreadcrumbList","@id":"https:\/\/spiritprotect.org\/wordpress\/kontext-der-ausschuss-zur-uberprufung-des-protokolls\/#breadcrumb","itemListElement":[{"@type":"ListItem","position":1,"name":"Home","item":"https:\/\/spiritprotect.org\/wordpress\/"},{"@type":"ListItem","position":2,"name":"Kontext: Der Ausschuss zur \u00dcberpr\u00fcfung des Protokolls"}]},{"@type":"WebSite","@id":"https:\/\/spiritprotect.org\/wordpress\/#website","url":"https:\/\/spiritprotect.org\/wordpress\/","name":"A Man Speaks Out\u2026.","description":"The Truth be Told","publisher":{"@id":"https:\/\/spiritprotect.org\/wordpress\/#organization"},"potentialAction":[{"@type":"SearchAction","target":{"@type":"EntryPoint","urlTemplate":"https:\/\/spiritprotect.org\/wordpress\/?s={search_term_string}"},"query-input":{"@type":"PropertyValueSpecification","valueRequired":true,"valueName":"search_term_string"}}],"inLanguage":"en-US"},{"@type":"Organization","@id":"https:\/\/spiritprotect.org\/wordpress\/#organization","name":"A Man Speaks Out\u2026.","url":"https:\/\/spiritprotect.org\/wordpress\/","logo":{"@type":"ImageObject","inLanguage":"en-US","@id":"https:\/\/spiritprotect.org\/wordpress\/#\/schema\/logo\/image\/","url":"https:\/\/spiritprotect.org\/wordpress\/wp-content\/uploads\/2023\/03\/20140706_121413-scaled.jpg","contentUrl":"https:\/\/spiritprotect.org\/wordpress\/wp-content\/uploads\/2023\/03\/20140706_121413-scaled.jpg","width":2560,"height":1440,"caption":"A Man Speaks Out\u2026."},"image":{"@id":"https:\/\/spiritprotect.org\/wordpress\/#\/schema\/logo\/image\/"}}]}},"_links":{"self":[{"href":"https:\/\/spiritprotect.org\/wordpress\/wp-json\/wp\/v2\/pages\/481","targetHints":{"allow":["GET"]}}],"collection":[{"href":"https:\/\/spiritprotect.org\/wordpress\/wp-json\/wp\/v2\/pages"}],"about":[{"href":"https:\/\/spiritprotect.org\/wordpress\/wp-json\/wp\/v2\/types\/page"}],"author":[{"embeddable":true,"href":"https:\/\/spiritprotect.org\/wordpress\/wp-json\/wp\/v2\/users\/4"}],"replies":[{"embeddable":true,"href":"https:\/\/spiritprotect.org\/wordpress\/wp-json\/wp\/v2\/comments?post=481"}],"version-history":[{"count":2,"href":"https:\/\/spiritprotect.org\/wordpress\/wp-json\/wp\/v2\/pages\/481\/revisions"}],"predecessor-version":[{"id":535,"href":"https:\/\/spiritprotect.org\/wordpress\/wp-json\/wp\/v2\/pages\/481\/revisions\/535"}],"wp:featuredmedia":[{"embeddable":true,"href":"https:\/\/spiritprotect.org\/wordpress\/wp-json\/wp\/v2\/media\/241"}],"wp:attachment":[{"href":"https:\/\/spiritprotect.org\/wordpress\/wp-json\/wp\/v2\/media?parent=481"}],"curies":[{"name":"wp","href":"https:\/\/api.w.org\/{rel}","templated":true}]}}