{"id":483,"date":"2023-05-19T14:02:12","date_gmt":"2023-05-19T19:02:12","guid":{"rendered":"https:\/\/spiritprotect.org\/wordpress\/?page_id=483"},"modified":"2023-05-19T14:28:24","modified_gmt":"2023-05-19T19:28:24","slug":"der-angriff-von-s-p-i-r-i-t-org","status":"publish","type":"page","link":"https:\/\/spiritprotect.org\/wordpress\/der-angriff-von-s-p-i-r-i-t-org\/","title":{"rendered":"Kontext: Der Angriff von S.p.i.r.i.t.org"},"content":{"rendered":"\n<p>Eine weitere tragische Ironie steckt in den Forderungen von S.p.i.r.i.t.<\/p>\n\n\n\n<p>Sie haben die Aufl\u00f6sung der LKS gefordert. Die P&amp;R Zeremonie wurde suspendiert. Sie wollen sogar unseren Namen aus dem MKP verschwinden lassen. Wo sonst k\u00f6nnen Sie sich vorstellen, dass sogar Namen entfernt wurden?<\/p>\n\n\n\n<p>Woran erinnert Sie das? Es erinnert mich an den Namensentzug damals bei den Kindern in den Internaten f\u00fcr Ureinwohner Amerikas oder Australiens. Das Ausma\u00df, in dem der LKS-Name weggenommen wurde, ist nat\u00fcrlich nichts im Vergleich zu diesen Gr\u00e4ueln.<\/p>\n\n\n\n<p>Aber dieser Impuls das tun zu wollen, ein Impuls der aus tiefem Schatten r\u00fchrt, f\u00fchlt sich f\u00fcr mich \u00e4hnlich an. Es ist ein Versuch, zu entmenschlichen. Es ist ein Versuch, auszul\u00f6schen. Es ist eine Bem\u00fchung zu &#8220;annullieren&#8221;.<\/p>\n\n\n\n<p>Es wird mir bewusst wie wichtig es ist, dass ich mich daran erinnere, dass ironischerweise ein solcher Versuch nun vielleicht von denjenigen unternommen wird, die ihrerseits damals auf entmenschlichende Weise behandelt worden sind. Ich muss mich an den V\u00f6lkermord erinnern, an die aufgezwungene Assimilation, an die Auswirkungen der schrecklichen Unterdr\u00fcckung auf die Seelen der Menschen \u00fcber mehrere Generationen hinweg. In Anbetracht der Tatsache, dass mein Gesicht als \u201cWeisser\u201ddem Gesicht der Unterdr\u00fccker gleicht, es wird mir bewusst, wie gesegnet ich bin, dass ich \u00fcberhaupt Freunde unter den Menschen habe.<\/p>\n\n\n\n<p>Ich hatte das Gl\u00fcck, in den letzten Jahrzehnten viel Zeit in Pine Ridge verbringen zu k\u00f6nnen. Die Menschen, mit denen ich das Gl\u00fcck hatte, Zeit zu verbringen, sind traditionelle Menschen, die daran glauben, wie auch Fools Crow es tat &#8211; dass die Weisheit in den Traditionen geteilt werden muss und dass sie in Demut gem\u00e4\u00df den getroffenen Vereinbarungen und Protokollen eingehalten werden m\u00fcssen. Und ich bin mir bewusst, dass es auch traditionelle Menschen gibt, die das Gegenteil glauben &#8211; dass die Traditionen nicht geteilt werden sollten.<\/p>\n\n\n\n<p>Dennoch habe ich aus keiner dieser Gruppen &#8211; mit an sich gegens\u00e4tzlicher \u00dcberzeugung &#8211; ein Verhalten gesehen, das dem gleicht, was mit MKP passiert ist. Nach meiner Erfahrung, halten es traditionell lebende Menschen so, dass es beiden Seiten frei steht zu glauben, was sie wollen. Laut meiner Erfahrung ist es dort Sitte, dass man sich durchaus einig sein kann, nicht einer Meinung zu sein, und sie praktizieren was wir bei uns als: \u201cLeben und leben lassen\u201d bezeichnen.<\/p>\n\n\n\n<p>Demgegen\u00fcber erscheint mir das Verhalten von S.p.i.r.i.t. kein typisch traditionelles Verhalten zu sein.<\/p>\n\n\n\n<p>Es ist nicht die Art und Weise, wie sich traditionelle Menschen, die ich kenne, verhalten w\u00fcrden. Es ist unter diesen Menschen nicht \u00fcblich, Anschuldigungen, schikan\u00f6se Drohungen, Forderungen und Anschuldigungen zu \u00e4ussern. Vielmehr ist es dort Sitte, mit einander zu beraten und gegenseitig Rat zu suchen.<\/p>\n\n\n\n<p>Das Verhalten derjenigen, die MKP angegriffen haben, erinnert mich sehr an die Art von Verhalten, die ich typischerweise von einem Kolonisator erwarten w\u00fcrde. Es erinnert mich an das Verhalten wei\u00dfer Menschen. Es ist nicht die Art von Verhalten, das ich jemals von Mitgliedern aus irgendeinem der gegens\u00e4tzlichen Lager gesehen habe.<\/p>\n\n\n\n<p>All das mag wahr sein, doch ich kann es nicht verbessern oder ver\u00e4ndern, au\u00dfer durch mein eigenes Verhalten.<\/p>\n\n\n\n<p>Die Hauptfragen, die ich habe, richten sich an den Vorstand und das F\u00fchrungsgremium von MKP-US, die nicht mit der LKS sprechen wollen, die <em>nicht einmal mit uns sprechen<\/em> wollen, die die LKSI meiden, als ob sie eine unmoralische Handlung begangen h\u00e4tte. Ich kann nur fragen: Wie kann es sein, dass ihr in so einer Situation nicht einmal <em>mit uns sprechen<\/em> wollt?<\/p>\n\n\n\n<div class=\"wp-block-buttons is-content-justification-center is-layout-flex wp-container-core-buttons-is-layout-16018d1d wp-block-buttons-is-layout-flex\">\n<div class=\"wp-block-button\"><a class=\"wp-block-button__link wp-element-button\" href=\"https:\/\/spiritprotect.org\/wordpress\/die-looking-horse-proklamation\/\">n\u00e4chste<\/a><\/div>\n<\/div>\n","protected":false},"excerpt":{"rendered":"<p>Eine weitere tragische Ironie steckt in den Forderungen von S.p.i.r.i.t. Sie haben die Aufl\u00f6sung der LKS gefordert. Die P&amp;R Zeremonie wurde suspendiert. Sie wollen sogar unseren Namen aus dem MKP verschwinden lassen. Wo sonst k\u00f6nnen Sie sich vorstellen, dass sogar Namen entfernt wurden? Woran erinnert Sie das? Es erinnert mich an den Namensentzug damals bei &hellip; <a href=\"https:\/\/spiritprotect.org\/wordpress\/der-angriff-von-s-p-i-r-i-t-org\/\" class=\"more-link\">Continue reading <span class=\"screen-reader-text\">Kontext: Der Angriff von S.p.i.r.i.t.org<\/span><\/a><\/p>\n","protected":false},"author":4,"featured_media":213,"parent":0,"menu_order":0,"comment_status":"closed","ping_status":"closed","template":"","meta":{"footnotes":""},"class_list":["post-483","page","type-page","status-publish","has-post-thumbnail","hentry"],"yoast_head":"<!-- This site is optimized with the Yoast SEO plugin v27.4 - https:\/\/yoast.com\/product\/yoast-seo-wordpress\/ -->\n<title>Kontext: Der Angriff von S.p.i.r.i.t.org - A Man Speaks Out\u2026.<\/title>\n<meta name=\"robots\" content=\"index, follow, max-snippet:-1, max-image-preview:large, max-video-preview:-1\" \/>\n<link rel=\"canonical\" href=\"https:\/\/spiritprotect.org\/wordpress\/der-angriff-von-s-p-i-r-i-t-org\/\" \/>\n<meta property=\"og:locale\" content=\"en_US\" \/>\n<meta property=\"og:type\" content=\"article\" \/>\n<meta property=\"og:title\" content=\"Kontext: Der Angriff von S.p.i.r.i.t.org - A Man Speaks Out\u2026.\" \/>\n<meta property=\"og:description\" content=\"Eine weitere tragische Ironie steckt in den Forderungen von S.p.i.r.i.t. Sie haben die Aufl\u00f6sung der LKS gefordert. Die P&amp;R Zeremonie wurde suspendiert. Sie wollen sogar unseren Namen aus dem MKP verschwinden lassen. Wo sonst k\u00f6nnen Sie sich vorstellen, dass sogar Namen entfernt wurden? Woran erinnert Sie das? Es erinnert mich an den Namensentzug damals bei &hellip; Continue reading Kontext: Der Angriff von S.p.i.r.i.t.org\" \/>\n<meta property=\"og:url\" content=\"https:\/\/spiritprotect.org\/wordpress\/der-angriff-von-s-p-i-r-i-t-org\/\" \/>\n<meta property=\"og:site_name\" content=\"A Man Speaks Out\u2026.\" \/>\n<meta property=\"article:modified_time\" content=\"2023-05-19T19:28:24+00:00\" \/>\n<meta property=\"og:image\" content=\"https:\/\/spiritprotect.org\/wordpress\/wp-content\/uploads\/2023\/04\/IMG_3046-scaled.jpg\" \/>\n\t<meta property=\"og:image:width\" content=\"2560\" \/>\n\t<meta property=\"og:image:height\" content=\"1920\" \/>\n\t<meta property=\"og:image:type\" content=\"image\/jpeg\" \/>\n<meta name=\"twitter:card\" content=\"summary_large_image\" \/>\n<meta name=\"twitter:label1\" content=\"Est. reading time\" \/>\n\t<meta name=\"twitter:data1\" content=\"3 minutes\" \/>\n<script type=\"application\/ld+json\" class=\"yoast-schema-graph\">{\"@context\":\"https:\\\/\\\/schema.org\",\"@graph\":[{\"@type\":\"WebPage\",\"@id\":\"https:\\\/\\\/spiritprotect.org\\\/wordpress\\\/der-angriff-von-s-p-i-r-i-t-org\\\/\",\"url\":\"https:\\\/\\\/spiritprotect.org\\\/wordpress\\\/der-angriff-von-s-p-i-r-i-t-org\\\/\",\"name\":\"Kontext: Der Angriff von S.p.i.r.i.t.org - A Man Speaks Out\u2026.\",\"isPartOf\":{\"@id\":\"https:\\\/\\\/spiritprotect.org\\\/wordpress\\\/#website\"},\"primaryImageOfPage\":{\"@id\":\"https:\\\/\\\/spiritprotect.org\\\/wordpress\\\/der-angriff-von-s-p-i-r-i-t-org\\\/#primaryimage\"},\"image\":{\"@id\":\"https:\\\/\\\/spiritprotect.org\\\/wordpress\\\/der-angriff-von-s-p-i-r-i-t-org\\\/#primaryimage\"},\"thumbnailUrl\":\"https:\\\/\\\/spiritprotect.org\\\/wordpress\\\/wp-content\\\/uploads\\\/2023\\\/04\\\/IMG_3046-scaled.jpg\",\"datePublished\":\"2023-05-19T19:02:12+00:00\",\"dateModified\":\"2023-05-19T19:28:24+00:00\",\"breadcrumb\":{\"@id\":\"https:\\\/\\\/spiritprotect.org\\\/wordpress\\\/der-angriff-von-s-p-i-r-i-t-org\\\/#breadcrumb\"},\"inLanguage\":\"en-US\",\"potentialAction\":[{\"@type\":\"ReadAction\",\"target\":[\"https:\\\/\\\/spiritprotect.org\\\/wordpress\\\/der-angriff-von-s-p-i-r-i-t-org\\\/\"]}]},{\"@type\":\"ImageObject\",\"inLanguage\":\"en-US\",\"@id\":\"https:\\\/\\\/spiritprotect.org\\\/wordpress\\\/der-angriff-von-s-p-i-r-i-t-org\\\/#primaryimage\",\"url\":\"https:\\\/\\\/spiritprotect.org\\\/wordpress\\\/wp-content\\\/uploads\\\/2023\\\/04\\\/IMG_3046-scaled.jpg\",\"contentUrl\":\"https:\\\/\\\/spiritprotect.org\\\/wordpress\\\/wp-content\\\/uploads\\\/2023\\\/04\\\/IMG_3046-scaled.jpg\",\"width\":2560,\"height\":1920},{\"@type\":\"BreadcrumbList\",\"@id\":\"https:\\\/\\\/spiritprotect.org\\\/wordpress\\\/der-angriff-von-s-p-i-r-i-t-org\\\/#breadcrumb\",\"itemListElement\":[{\"@type\":\"ListItem\",\"position\":1,\"name\":\"Home\",\"item\":\"https:\\\/\\\/spiritprotect.org\\\/wordpress\\\/\"},{\"@type\":\"ListItem\",\"position\":2,\"name\":\"Kontext: Der Angriff von S.p.i.r.i.t.org\"}]},{\"@type\":\"WebSite\",\"@id\":\"https:\\\/\\\/spiritprotect.org\\\/wordpress\\\/#website\",\"url\":\"https:\\\/\\\/spiritprotect.org\\\/wordpress\\\/\",\"name\":\"A Man Speaks Out\u2026.\",\"description\":\"The Truth be Told\",\"publisher\":{\"@id\":\"https:\\\/\\\/spiritprotect.org\\\/wordpress\\\/#organization\"},\"potentialAction\":[{\"@type\":\"SearchAction\",\"target\":{\"@type\":\"EntryPoint\",\"urlTemplate\":\"https:\\\/\\\/spiritprotect.org\\\/wordpress\\\/?s={search_term_string}\"},\"query-input\":{\"@type\":\"PropertyValueSpecification\",\"valueRequired\":true,\"valueName\":\"search_term_string\"}}],\"inLanguage\":\"en-US\"},{\"@type\":\"Organization\",\"@id\":\"https:\\\/\\\/spiritprotect.org\\\/wordpress\\\/#organization\",\"name\":\"A Man Speaks Out\u2026.\",\"url\":\"https:\\\/\\\/spiritprotect.org\\\/wordpress\\\/\",\"logo\":{\"@type\":\"ImageObject\",\"inLanguage\":\"en-US\",\"@id\":\"https:\\\/\\\/spiritprotect.org\\\/wordpress\\\/#\\\/schema\\\/logo\\\/image\\\/\",\"url\":\"https:\\\/\\\/spiritprotect.org\\\/wordpress\\\/wp-content\\\/uploads\\\/2023\\\/03\\\/20140706_121413-scaled.jpg\",\"contentUrl\":\"https:\\\/\\\/spiritprotect.org\\\/wordpress\\\/wp-content\\\/uploads\\\/2023\\\/03\\\/20140706_121413-scaled.jpg\",\"width\":2560,\"height\":1440,\"caption\":\"A Man Speaks Out\u2026.\"},\"image\":{\"@id\":\"https:\\\/\\\/spiritprotect.org\\\/wordpress\\\/#\\\/schema\\\/logo\\\/image\\\/\"}}]}<\/script>\n<!-- \/ Yoast SEO plugin. -->","yoast_head_json":{"title":"Kontext: Der Angriff von S.p.i.r.i.t.org - A Man Speaks Out\u2026.","robots":{"index":"index","follow":"follow","max-snippet":"max-snippet:-1","max-image-preview":"max-image-preview:large","max-video-preview":"max-video-preview:-1"},"canonical":"https:\/\/spiritprotect.org\/wordpress\/der-angriff-von-s-p-i-r-i-t-org\/","og_locale":"en_US","og_type":"article","og_title":"Kontext: Der Angriff von S.p.i.r.i.t.org - A Man Speaks Out\u2026.","og_description":"Eine weitere tragische Ironie steckt in den Forderungen von S.p.i.r.i.t. Sie haben die Aufl\u00f6sung der LKS gefordert. Die P&amp;R Zeremonie wurde suspendiert. Sie wollen sogar unseren Namen aus dem MKP verschwinden lassen. Wo sonst k\u00f6nnen Sie sich vorstellen, dass sogar Namen entfernt wurden? Woran erinnert Sie das? Es erinnert mich an den Namensentzug damals bei &hellip; Continue reading Kontext: Der Angriff von S.p.i.r.i.t.org","og_url":"https:\/\/spiritprotect.org\/wordpress\/der-angriff-von-s-p-i-r-i-t-org\/","og_site_name":"A Man Speaks Out\u2026.","article_modified_time":"2023-05-19T19:28:24+00:00","og_image":[{"width":2560,"height":1920,"url":"https:\/\/spiritprotect.org\/wordpress\/wp-content\/uploads\/2023\/04\/IMG_3046-scaled.jpg","type":"image\/jpeg"}],"twitter_card":"summary_large_image","twitter_misc":{"Est. reading time":"3 minutes"},"schema":{"@context":"https:\/\/schema.org","@graph":[{"@type":"WebPage","@id":"https:\/\/spiritprotect.org\/wordpress\/der-angriff-von-s-p-i-r-i-t-org\/","url":"https:\/\/spiritprotect.org\/wordpress\/der-angriff-von-s-p-i-r-i-t-org\/","name":"Kontext: Der Angriff von S.p.i.r.i.t.org - A Man Speaks Out\u2026.","isPartOf":{"@id":"https:\/\/spiritprotect.org\/wordpress\/#website"},"primaryImageOfPage":{"@id":"https:\/\/spiritprotect.org\/wordpress\/der-angriff-von-s-p-i-r-i-t-org\/#primaryimage"},"image":{"@id":"https:\/\/spiritprotect.org\/wordpress\/der-angriff-von-s-p-i-r-i-t-org\/#primaryimage"},"thumbnailUrl":"https:\/\/spiritprotect.org\/wordpress\/wp-content\/uploads\/2023\/04\/IMG_3046-scaled.jpg","datePublished":"2023-05-19T19:02:12+00:00","dateModified":"2023-05-19T19:28:24+00:00","breadcrumb":{"@id":"https:\/\/spiritprotect.org\/wordpress\/der-angriff-von-s-p-i-r-i-t-org\/#breadcrumb"},"inLanguage":"en-US","potentialAction":[{"@type":"ReadAction","target":["https:\/\/spiritprotect.org\/wordpress\/der-angriff-von-s-p-i-r-i-t-org\/"]}]},{"@type":"ImageObject","inLanguage":"en-US","@id":"https:\/\/spiritprotect.org\/wordpress\/der-angriff-von-s-p-i-r-i-t-org\/#primaryimage","url":"https:\/\/spiritprotect.org\/wordpress\/wp-content\/uploads\/2023\/04\/IMG_3046-scaled.jpg","contentUrl":"https:\/\/spiritprotect.org\/wordpress\/wp-content\/uploads\/2023\/04\/IMG_3046-scaled.jpg","width":2560,"height":1920},{"@type":"BreadcrumbList","@id":"https:\/\/spiritprotect.org\/wordpress\/der-angriff-von-s-p-i-r-i-t-org\/#breadcrumb","itemListElement":[{"@type":"ListItem","position":1,"name":"Home","item":"https:\/\/spiritprotect.org\/wordpress\/"},{"@type":"ListItem","position":2,"name":"Kontext: Der Angriff von S.p.i.r.i.t.org"}]},{"@type":"WebSite","@id":"https:\/\/spiritprotect.org\/wordpress\/#website","url":"https:\/\/spiritprotect.org\/wordpress\/","name":"A Man Speaks Out\u2026.","description":"The Truth be Told","publisher":{"@id":"https:\/\/spiritprotect.org\/wordpress\/#organization"},"potentialAction":[{"@type":"SearchAction","target":{"@type":"EntryPoint","urlTemplate":"https:\/\/spiritprotect.org\/wordpress\/?s={search_term_string}"},"query-input":{"@type":"PropertyValueSpecification","valueRequired":true,"valueName":"search_term_string"}}],"inLanguage":"en-US"},{"@type":"Organization","@id":"https:\/\/spiritprotect.org\/wordpress\/#organization","name":"A Man Speaks Out\u2026.","url":"https:\/\/spiritprotect.org\/wordpress\/","logo":{"@type":"ImageObject","inLanguage":"en-US","@id":"https:\/\/spiritprotect.org\/wordpress\/#\/schema\/logo\/image\/","url":"https:\/\/spiritprotect.org\/wordpress\/wp-content\/uploads\/2023\/03\/20140706_121413-scaled.jpg","contentUrl":"https:\/\/spiritprotect.org\/wordpress\/wp-content\/uploads\/2023\/03\/20140706_121413-scaled.jpg","width":2560,"height":1440,"caption":"A Man Speaks Out\u2026."},"image":{"@id":"https:\/\/spiritprotect.org\/wordpress\/#\/schema\/logo\/image\/"}}]}},"_links":{"self":[{"href":"https:\/\/spiritprotect.org\/wordpress\/wp-json\/wp\/v2\/pages\/483","targetHints":{"allow":["GET"]}}],"collection":[{"href":"https:\/\/spiritprotect.org\/wordpress\/wp-json\/wp\/v2\/pages"}],"about":[{"href":"https:\/\/spiritprotect.org\/wordpress\/wp-json\/wp\/v2\/types\/page"}],"author":[{"embeddable":true,"href":"https:\/\/spiritprotect.org\/wordpress\/wp-json\/wp\/v2\/users\/4"}],"replies":[{"embeddable":true,"href":"https:\/\/spiritprotect.org\/wordpress\/wp-json\/wp\/v2\/comments?post=483"}],"version-history":[{"count":2,"href":"https:\/\/spiritprotect.org\/wordpress\/wp-json\/wp\/v2\/pages\/483\/revisions"}],"predecessor-version":[{"id":536,"href":"https:\/\/spiritprotect.org\/wordpress\/wp-json\/wp\/v2\/pages\/483\/revisions\/536"}],"wp:featuredmedia":[{"embeddable":true,"href":"https:\/\/spiritprotect.org\/wordpress\/wp-json\/wp\/v2\/media\/213"}],"wp:attachment":[{"href":"https:\/\/spiritprotect.org\/wordpress\/wp-json\/wp\/v2\/media?parent=483"}],"curies":[{"name":"wp","href":"https:\/\/api.w.org\/{rel}","templated":true}]}}