{"id":485,"date":"2023-05-19T14:04:38","date_gmt":"2023-05-19T19:04:38","guid":{"rendered":"https:\/\/spiritprotect.org\/wordpress\/?page_id=485"},"modified":"2023-05-19T14:31:40","modified_gmt":"2023-05-19T19:31:40","slug":"die-looking-horse-proklamation","status":"publish","type":"page","link":"https:\/\/spiritprotect.org\/wordpress\/die-looking-horse-proklamation\/","title":{"rendered":"Die Looking Horse Proklamation"},"content":{"rendered":"\n<p><em>Warum dies wichtig ist: die Looking Horse Proklamation sagt an sich selbst im Klartext, dass wir keine Inipi Zeremonien ED durchf\u00fchren.<\/em><\/p>\n\n\n\n<p>Bevor die Looking Horse Proklamation erschienen war, gab eine Sommerkonferenz auf Pine Ridge eine Kriegserkl\u00e4rung gegen die Ausbeuter der Lakota-Spiritualit\u00e4t heraus. H\u00e4uptling Lone Hill kannte diese Erkl\u00e4rung sehr gut, da er zu dieser Zeit Vizepr\u00e4sident des Stammesrates war. Ich fragte ihn 1995 danach, als er dem MKP das OK gegeben hatte, das zu tun, was wir tun. Er sagte: &#8220;Oh, diese Leute haben nicht mit uns gesprochen. Sie haben nicht mit den \u00c4ltesten geredet. Sie haben nicht mit dem Rat der H\u00e4uptlinge gesprochen. Sie h\u00e4tten die Erkl\u00e4rung nicht machen sollen. Sie haben es dem Rest von uns nur noch schwerer gemacht.&#8221;<\/p>\n\n\n\n<p>Und er stimmte zu, dass MKP keinen &#8220;Plastik-Schamanismus&#8221; praktiziere, noch irgendeine der verwerflichen Verhaltensweisen, die in diesem Dokument angesprochen wurden.<\/p>\n\n\n\n<p>Als die Looking Horse Proclamation 2003 erstmals ver\u00f6ffentlicht wurde, kam sie bei vielen Lakota nicht gut an. Die Indian Country Times erhielt daraufhin etliche Leserbriefe, die von Vertretern mehrerer Familien aus Pine Ridge und Rosebud verfasst wurden. Darin wurde die Proklamation als &#8220;rassistisch&#8221; und &#8220;bigott&#8221; bezeichnet. Viele dieser Leute, darunter auch die Familie, mit der das MKP in erster Linie verbunden ist, lehnten sie als diskriminierend gegen\u00fcber den Menschen ab, mit denen viele von ihnen verwandt sind.<\/p>\n\n\n\n<p>Die MKP LKS wurde f\u00e4lschlicherweise beschuldigt, &#8220;Inipi&#8221;-Zeremonien durchzuf\u00fchren. Was ist eine Inipi-Zeremonie?<\/p>\n\n\n\n<p>Wenn Sie das Wort &#8220;Inipi&#8221; im Lakota-W\u00f6rterbuch nachschlagen, finden Sie das Wort &#8220;Schwitzh\u00fctte&#8221;. Und da es das Lakota-W\u00f6rterbuch ist, bedeutet die Definition, dass es das Wort f\u00fcr die Lakota-Schwitzh\u00fctte ist.<\/p>\n\n\n\n<p>Wenn sie die Looking Horse Proklamation lesen, macht diese selber schon deutlich, dass die in MKP LKS verwendete Zeremonie kein Inipi sein kann. Um eine Inipi zu machen, muss man Adlerfedern und die Heilige Pfeife (Channunpah) benutzen. Und man muss in der Lage sein, mit den Vorfahren der Lakota (den Tunkashila oder Gro\u00dfv\u00e4tern) in ihrer urspr\u00fcnglichen &#8220;Native Plains Zunge&#8221; \u2013 also die Lakota-Sprache zu sprechen.<\/p>\n\n\n\n<p>Die folgenden Gegenst\u00e4nde waren bereits seit dem ersten urspr\u00fcnglichen Protokoll f\u00fcr die P&amp;R Zeremonie ausdr\u00fccklich verboten, also 8 Jahre vor der Proklamation:<\/p>\n\n\n\n<p>&nbsp;&nbsp;&nbsp;&nbsp;&nbsp;&nbsp;&nbsp;&nbsp;&nbsp; Adlerfedern<\/p>\n\n\n\n<p>&nbsp;&nbsp;&nbsp;&nbsp;&nbsp;&nbsp;&nbsp;&nbsp;&nbsp; Heilige Pfeifen<\/p>\n\n\n\n<p>&nbsp;&nbsp;&nbsp;&nbsp;&nbsp;&nbsp;&nbsp;&nbsp;&nbsp; &#8220;Die Gro\u00dfv\u00e4ter anrufen&#8221; in irgendeiner Sprache<\/p>\n\n\n\n<p>&nbsp;&nbsp;&nbsp;&nbsp;&nbsp;&nbsp;&nbsp;&nbsp;&nbsp; B\u00fcffelsch\u00e4del<\/p>\n\n\n\n<p>Die Behauptung, die LKS f\u00fchre eine Inipi-Zeremonie durch, ist folglich falsch. Und egal, wie oft jemand sagt, dass wir Inipi machen, das macht es nicht wahrer. Wir machen keine Inipi.<\/p>\n\n\n\n<p>Ich habe Chief Lone Hill einmal gefragt, ob jemand die LKS beschuldigt, Inipi zu machen.<\/p>\n\n\n\n<p>Seine Antwort war: <em>&#8220;Wenn jemand, der wei\u00df, was ein Inipi ist, sehen w\u00fcrde, was ihr macht, w\u00fcrde er wissen, dass ihr kein Inipi macht.&#8221;<\/em><\/p>\n\n\n\n<p>Ich dr\u00e4ngte ihn ein wenig mehr zu diesem Thema und fragte ihn: &#8220;Was sollen wir tun, wenn wir trotzdem angegriffen werden?&#8221;<\/p>\n\n\n\n<p>Er sagte: &#8220;<em>Sag die Wahrheit. Sag einfach die Wahrheit und erz\u00e4hl sie immer wieder.&#8221;<\/em><\/p>\n\n\n\n<p>Also erz\u00e4hle ich die Wahrheit.<\/p>\n\n\n\n<div class=\"wp-block-buttons is-content-justification-center is-layout-flex wp-container-core-buttons-is-layout-16018d1d wp-block-buttons-is-layout-flex\">\n<div class=\"wp-block-button\"><a class=\"wp-block-button__link wp-element-button\" href=\"https:\/\/spiritprotect.org\/wordpress\/undrip-un-erklarung-der-rechte-indigener-volker\/\">n\u00e4chste<\/a><\/div>\n<\/div>\n","protected":false},"excerpt":{"rendered":"<p>Warum dies wichtig ist: die Looking Horse Proklamation sagt an sich selbst im Klartext, dass wir keine Inipi Zeremonien ED durchf\u00fchren. Bevor die Looking Horse Proklamation erschienen war, gab eine Sommerkonferenz auf Pine Ridge eine Kriegserkl\u00e4rung gegen die Ausbeuter der Lakota-Spiritualit\u00e4t heraus. H\u00e4uptling Lone Hill kannte diese Erkl\u00e4rung sehr gut, da er zu dieser Zeit &hellip; <a href=\"https:\/\/spiritprotect.org\/wordpress\/die-looking-horse-proklamation\/\" class=\"more-link\">Continue reading <span class=\"screen-reader-text\">Die Looking Horse Proklamation<\/span><\/a><\/p>\n","protected":false},"author":4,"featured_media":265,"parent":0,"menu_order":0,"comment_status":"closed","ping_status":"closed","template":"","meta":{"footnotes":""},"class_list":["post-485","page","type-page","status-publish","has-post-thumbnail","hentry"],"yoast_head":"<!-- This site is optimized with the Yoast SEO plugin v27.4 - https:\/\/yoast.com\/product\/yoast-seo-wordpress\/ -->\n<title>Die Looking Horse Proklamation - A Man Speaks Out\u2026.<\/title>\n<meta name=\"robots\" content=\"index, follow, max-snippet:-1, max-image-preview:large, max-video-preview:-1\" \/>\n<link rel=\"canonical\" href=\"https:\/\/spiritprotect.org\/wordpress\/die-looking-horse-proklamation\/\" \/>\n<meta property=\"og:locale\" content=\"en_US\" \/>\n<meta property=\"og:type\" content=\"article\" \/>\n<meta property=\"og:title\" content=\"Die Looking Horse Proklamation - A Man Speaks Out\u2026.\" \/>\n<meta property=\"og:description\" content=\"Warum dies wichtig ist: die Looking Horse Proklamation sagt an sich selbst im Klartext, dass wir keine Inipi Zeremonien ED durchf\u00fchren. Bevor die Looking Horse Proklamation erschienen war, gab eine Sommerkonferenz auf Pine Ridge eine Kriegserkl\u00e4rung gegen die Ausbeuter der Lakota-Spiritualit\u00e4t heraus. H\u00e4uptling Lone Hill kannte diese Erkl\u00e4rung sehr gut, da er zu dieser Zeit &hellip; Continue reading Die Looking Horse Proklamation\" \/>\n<meta property=\"og:url\" content=\"https:\/\/spiritprotect.org\/wordpress\/die-looking-horse-proklamation\/\" \/>\n<meta property=\"og:site_name\" content=\"A Man Speaks Out\u2026.\" \/>\n<meta property=\"article:modified_time\" content=\"2023-05-19T19:31:40+00:00\" \/>\n<meta property=\"og:image\" content=\"https:\/\/spiritprotect.org\/wordpress\/wp-content\/uploads\/2023\/04\/20140706_121433-scaled.jpg\" \/>\n\t<meta property=\"og:image:width\" content=\"2560\" \/>\n\t<meta property=\"og:image:height\" content=\"1440\" \/>\n\t<meta property=\"og:image:type\" content=\"image\/jpeg\" \/>\n<meta name=\"twitter:card\" content=\"summary_large_image\" \/>\n<meta name=\"twitter:label1\" content=\"Est. reading time\" \/>\n\t<meta name=\"twitter:data1\" content=\"3 minutes\" \/>\n<script type=\"application\/ld+json\" class=\"yoast-schema-graph\">{\"@context\":\"https:\\\/\\\/schema.org\",\"@graph\":[{\"@type\":\"WebPage\",\"@id\":\"https:\\\/\\\/spiritprotect.org\\\/wordpress\\\/die-looking-horse-proklamation\\\/\",\"url\":\"https:\\\/\\\/spiritprotect.org\\\/wordpress\\\/die-looking-horse-proklamation\\\/\",\"name\":\"Die Looking Horse Proklamation - A Man Speaks Out\u2026.\",\"isPartOf\":{\"@id\":\"https:\\\/\\\/spiritprotect.org\\\/wordpress\\\/#website\"},\"primaryImageOfPage\":{\"@id\":\"https:\\\/\\\/spiritprotect.org\\\/wordpress\\\/die-looking-horse-proklamation\\\/#primaryimage\"},\"image\":{\"@id\":\"https:\\\/\\\/spiritprotect.org\\\/wordpress\\\/die-looking-horse-proklamation\\\/#primaryimage\"},\"thumbnailUrl\":\"https:\\\/\\\/spiritprotect.org\\\/wordpress\\\/wp-content\\\/uploads\\\/2023\\\/04\\\/20140706_121433-scaled.jpg\",\"datePublished\":\"2023-05-19T19:04:38+00:00\",\"dateModified\":\"2023-05-19T19:31:40+00:00\",\"breadcrumb\":{\"@id\":\"https:\\\/\\\/spiritprotect.org\\\/wordpress\\\/die-looking-horse-proklamation\\\/#breadcrumb\"},\"inLanguage\":\"en-US\",\"potentialAction\":[{\"@type\":\"ReadAction\",\"target\":[\"https:\\\/\\\/spiritprotect.org\\\/wordpress\\\/die-looking-horse-proklamation\\\/\"]}]},{\"@type\":\"ImageObject\",\"inLanguage\":\"en-US\",\"@id\":\"https:\\\/\\\/spiritprotect.org\\\/wordpress\\\/die-looking-horse-proklamation\\\/#primaryimage\",\"url\":\"https:\\\/\\\/spiritprotect.org\\\/wordpress\\\/wp-content\\\/uploads\\\/2023\\\/04\\\/20140706_121433-scaled.jpg\",\"contentUrl\":\"https:\\\/\\\/spiritprotect.org\\\/wordpress\\\/wp-content\\\/uploads\\\/2023\\\/04\\\/20140706_121433-scaled.jpg\",\"width\":2560,\"height\":1440},{\"@type\":\"BreadcrumbList\",\"@id\":\"https:\\\/\\\/spiritprotect.org\\\/wordpress\\\/die-looking-horse-proklamation\\\/#breadcrumb\",\"itemListElement\":[{\"@type\":\"ListItem\",\"position\":1,\"name\":\"Home\",\"item\":\"https:\\\/\\\/spiritprotect.org\\\/wordpress\\\/\"},{\"@type\":\"ListItem\",\"position\":2,\"name\":\"Die Looking Horse Proklamation\"}]},{\"@type\":\"WebSite\",\"@id\":\"https:\\\/\\\/spiritprotect.org\\\/wordpress\\\/#website\",\"url\":\"https:\\\/\\\/spiritprotect.org\\\/wordpress\\\/\",\"name\":\"A Man Speaks Out\u2026.\",\"description\":\"The Truth be Told\",\"publisher\":{\"@id\":\"https:\\\/\\\/spiritprotect.org\\\/wordpress\\\/#organization\"},\"potentialAction\":[{\"@type\":\"SearchAction\",\"target\":{\"@type\":\"EntryPoint\",\"urlTemplate\":\"https:\\\/\\\/spiritprotect.org\\\/wordpress\\\/?s={search_term_string}\"},\"query-input\":{\"@type\":\"PropertyValueSpecification\",\"valueRequired\":true,\"valueName\":\"search_term_string\"}}],\"inLanguage\":\"en-US\"},{\"@type\":\"Organization\",\"@id\":\"https:\\\/\\\/spiritprotect.org\\\/wordpress\\\/#organization\",\"name\":\"A Man Speaks Out\u2026.\",\"url\":\"https:\\\/\\\/spiritprotect.org\\\/wordpress\\\/\",\"logo\":{\"@type\":\"ImageObject\",\"inLanguage\":\"en-US\",\"@id\":\"https:\\\/\\\/spiritprotect.org\\\/wordpress\\\/#\\\/schema\\\/logo\\\/image\\\/\",\"url\":\"https:\\\/\\\/spiritprotect.org\\\/wordpress\\\/wp-content\\\/uploads\\\/2023\\\/03\\\/20140706_121413-scaled.jpg\",\"contentUrl\":\"https:\\\/\\\/spiritprotect.org\\\/wordpress\\\/wp-content\\\/uploads\\\/2023\\\/03\\\/20140706_121413-scaled.jpg\",\"width\":2560,\"height\":1440,\"caption\":\"A Man Speaks Out\u2026.\"},\"image\":{\"@id\":\"https:\\\/\\\/spiritprotect.org\\\/wordpress\\\/#\\\/schema\\\/logo\\\/image\\\/\"}}]}<\/script>\n<!-- \/ Yoast SEO plugin. -->","yoast_head_json":{"title":"Die Looking Horse Proklamation - A Man Speaks Out\u2026.","robots":{"index":"index","follow":"follow","max-snippet":"max-snippet:-1","max-image-preview":"max-image-preview:large","max-video-preview":"max-video-preview:-1"},"canonical":"https:\/\/spiritprotect.org\/wordpress\/die-looking-horse-proklamation\/","og_locale":"en_US","og_type":"article","og_title":"Die Looking Horse Proklamation - A Man Speaks Out\u2026.","og_description":"Warum dies wichtig ist: die Looking Horse Proklamation sagt an sich selbst im Klartext, dass wir keine Inipi Zeremonien ED durchf\u00fchren. Bevor die Looking Horse Proklamation erschienen war, gab eine Sommerkonferenz auf Pine Ridge eine Kriegserkl\u00e4rung gegen die Ausbeuter der Lakota-Spiritualit\u00e4t heraus. H\u00e4uptling Lone Hill kannte diese Erkl\u00e4rung sehr gut, da er zu dieser Zeit &hellip; Continue reading Die Looking Horse Proklamation","og_url":"https:\/\/spiritprotect.org\/wordpress\/die-looking-horse-proklamation\/","og_site_name":"A Man Speaks Out\u2026.","article_modified_time":"2023-05-19T19:31:40+00:00","og_image":[{"width":2560,"height":1440,"url":"https:\/\/spiritprotect.org\/wordpress\/wp-content\/uploads\/2023\/04\/20140706_121433-scaled.jpg","type":"image\/jpeg"}],"twitter_card":"summary_large_image","twitter_misc":{"Est. reading time":"3 minutes"},"schema":{"@context":"https:\/\/schema.org","@graph":[{"@type":"WebPage","@id":"https:\/\/spiritprotect.org\/wordpress\/die-looking-horse-proklamation\/","url":"https:\/\/spiritprotect.org\/wordpress\/die-looking-horse-proklamation\/","name":"Die Looking Horse Proklamation - A Man Speaks Out\u2026.","isPartOf":{"@id":"https:\/\/spiritprotect.org\/wordpress\/#website"},"primaryImageOfPage":{"@id":"https:\/\/spiritprotect.org\/wordpress\/die-looking-horse-proklamation\/#primaryimage"},"image":{"@id":"https:\/\/spiritprotect.org\/wordpress\/die-looking-horse-proklamation\/#primaryimage"},"thumbnailUrl":"https:\/\/spiritprotect.org\/wordpress\/wp-content\/uploads\/2023\/04\/20140706_121433-scaled.jpg","datePublished":"2023-05-19T19:04:38+00:00","dateModified":"2023-05-19T19:31:40+00:00","breadcrumb":{"@id":"https:\/\/spiritprotect.org\/wordpress\/die-looking-horse-proklamation\/#breadcrumb"},"inLanguage":"en-US","potentialAction":[{"@type":"ReadAction","target":["https:\/\/spiritprotect.org\/wordpress\/die-looking-horse-proklamation\/"]}]},{"@type":"ImageObject","inLanguage":"en-US","@id":"https:\/\/spiritprotect.org\/wordpress\/die-looking-horse-proklamation\/#primaryimage","url":"https:\/\/spiritprotect.org\/wordpress\/wp-content\/uploads\/2023\/04\/20140706_121433-scaled.jpg","contentUrl":"https:\/\/spiritprotect.org\/wordpress\/wp-content\/uploads\/2023\/04\/20140706_121433-scaled.jpg","width":2560,"height":1440},{"@type":"BreadcrumbList","@id":"https:\/\/spiritprotect.org\/wordpress\/die-looking-horse-proklamation\/#breadcrumb","itemListElement":[{"@type":"ListItem","position":1,"name":"Home","item":"https:\/\/spiritprotect.org\/wordpress\/"},{"@type":"ListItem","position":2,"name":"Die Looking Horse Proklamation"}]},{"@type":"WebSite","@id":"https:\/\/spiritprotect.org\/wordpress\/#website","url":"https:\/\/spiritprotect.org\/wordpress\/","name":"A Man Speaks Out\u2026.","description":"The Truth be Told","publisher":{"@id":"https:\/\/spiritprotect.org\/wordpress\/#organization"},"potentialAction":[{"@type":"SearchAction","target":{"@type":"EntryPoint","urlTemplate":"https:\/\/spiritprotect.org\/wordpress\/?s={search_term_string}"},"query-input":{"@type":"PropertyValueSpecification","valueRequired":true,"valueName":"search_term_string"}}],"inLanguage":"en-US"},{"@type":"Organization","@id":"https:\/\/spiritprotect.org\/wordpress\/#organization","name":"A Man Speaks Out\u2026.","url":"https:\/\/spiritprotect.org\/wordpress\/","logo":{"@type":"ImageObject","inLanguage":"en-US","@id":"https:\/\/spiritprotect.org\/wordpress\/#\/schema\/logo\/image\/","url":"https:\/\/spiritprotect.org\/wordpress\/wp-content\/uploads\/2023\/03\/20140706_121413-scaled.jpg","contentUrl":"https:\/\/spiritprotect.org\/wordpress\/wp-content\/uploads\/2023\/03\/20140706_121413-scaled.jpg","width":2560,"height":1440,"caption":"A Man Speaks Out\u2026."},"image":{"@id":"https:\/\/spiritprotect.org\/wordpress\/#\/schema\/logo\/image\/"}}]}},"_links":{"self":[{"href":"https:\/\/spiritprotect.org\/wordpress\/wp-json\/wp\/v2\/pages\/485","targetHints":{"allow":["GET"]}}],"collection":[{"href":"https:\/\/spiritprotect.org\/wordpress\/wp-json\/wp\/v2\/pages"}],"about":[{"href":"https:\/\/spiritprotect.org\/wordpress\/wp-json\/wp\/v2\/types\/page"}],"author":[{"embeddable":true,"href":"https:\/\/spiritprotect.org\/wordpress\/wp-json\/wp\/v2\/users\/4"}],"replies":[{"embeddable":true,"href":"https:\/\/spiritprotect.org\/wordpress\/wp-json\/wp\/v2\/comments?post=485"}],"version-history":[{"count":2,"href":"https:\/\/spiritprotect.org\/wordpress\/wp-json\/wp\/v2\/pages\/485\/revisions"}],"predecessor-version":[{"id":538,"href":"https:\/\/spiritprotect.org\/wordpress\/wp-json\/wp\/v2\/pages\/485\/revisions\/538"}],"wp:featuredmedia":[{"embeddable":true,"href":"https:\/\/spiritprotect.org\/wordpress\/wp-json\/wp\/v2\/media\/265"}],"wp:attachment":[{"href":"https:\/\/spiritprotect.org\/wordpress\/wp-json\/wp\/v2\/media?parent=485"}],"curies":[{"name":"wp","href":"https:\/\/api.w.org\/{rel}","templated":true}]}}