{"id":489,"date":"2023-05-19T14:01:56","date_gmt":"2023-05-19T19:01:56","guid":{"rendered":"https:\/\/spiritprotect.org\/wordpress\/?page_id=489"},"modified":"2023-05-19T14:34:27","modified_gmt":"2023-05-19T19:34:27","slug":"ad-hominem-angriffe","status":"publish","type":"page","link":"https:\/\/spiritprotect.org\/wordpress\/ad-hominem-angriffe\/","title":{"rendered":"Ad-hominem-Angriffe"},"content":{"rendered":"\n<p>Wenn ein Rhetoriker vermutet, dass sein Gegner ein starkes Argument hat, greift er ihn auf der pers\u00f6nlichen Ebene an, anstatt auf der urspr\u00fcnglichen Ebene des Dialogs zu antworten, um den Argumentierenden herabzusetzen. In der Rhetorik nennt man dies einen Ad-hominem-Angriff.<\/p>\n\n\n\n<p>Die S.p.i.r.i.t.-Website enth\u00e4lt verleumderische Angriffe gegen meine Person. Die ungeheuerlichste L\u00fcge ist, dass ich betrunken zur Zeremonie erschienen sei.<\/p>\n\n\n\n<p>Man sollte meinen, dass so etwas an einem drogen- und alkoholfreien M\u00e4nnerwochenende jemandem auffallen w\u00fcrde. Es gibt keine Zeugen f\u00fcr ein solches Ereignis, weder am Wochenende noch au\u00dferhalb des Wochenendes.<\/p>\n\n\n\n<p>S.p.i.r.i.t. hat behauptet, sie h\u00e4tten &#8220;Beweise&#8221;. Alles, was sie als Beweis anbieten, ist eine F\u00e4lschung.<\/p>\n\n\n\n<p>Mir ist eine solche gest\u00f6rte Aussage bekannt, die von einem MKP-Listendienst entwendet wurde, geschrieben von jemandem, der bei den beschriebenen &#8220;Ereignissen&#8221; nicht einmal anwesend war. Auch sie ist eine F\u00e4lschung. Ich hoffe, dass S.p.i.r.i.t. etwas Reife zeigt und das verleumderische Material von sich aus von ihrer Website entfernt. Und ich glaube, eine Entschuldigung w\u00e4re mehr als angebracht.<\/p>\n\n\n\n<p>Ein weiterer Ad-hominem-Angriff war ein auf YouTube ver\u00f6ffentlichtes Video, in dem den M\u00e4nnern des MKP vorgeworfen wurde, sie seien wiederholt belogen worden. Obwohl ich nicht namentlich erw\u00e4hnt wurde, ist mir gesagt worden, dass ich derjenige bin, der beschuldigt wird, ein L\u00fcgner zu sein.<\/p>\n\n\n\n<p>Ich habe in keiner Weise gelogen, nicht im Geringsten. Die Geschichte selbst mag au\u00dfergew\u00f6hnlich sein, aber wahre Geschichten brauchen bekanntlich keine Ausschm\u00fcckung.<\/p>\n\n\n\n<div class=\"wp-block-buttons is-content-justification-center is-layout-flex wp-container-core-buttons-is-layout-16018d1d wp-block-buttons-is-layout-flex\">\n<div class=\"wp-block-button\"><a class=\"wp-block-button__link wp-element-button\" href=\"https:\/\/spiritprotect.org\/wordpress\/der-ausschuss-zur-uberprufung-des-protokolls\/\">n\u00e4chste<\/a><\/div>\n<\/div>\n","protected":false},"excerpt":{"rendered":"<p>Wenn ein Rhetoriker vermutet, dass sein Gegner ein starkes Argument hat, greift er ihn auf der pers\u00f6nlichen Ebene an, anstatt auf der urspr\u00fcnglichen Ebene des Dialogs zu antworten, um den Argumentierenden herabzusetzen. In der Rhetorik nennt man dies einen Ad-hominem-Angriff. Die S.p.i.r.i.t.-Website enth\u00e4lt verleumderische Angriffe gegen meine Person. Die ungeheuerlichste L\u00fcge ist, dass ich betrunken &hellip; <a href=\"https:\/\/spiritprotect.org\/wordpress\/ad-hominem-angriffe\/\" class=\"more-link\">Continue reading <span class=\"screen-reader-text\">Ad-hominem-Angriffe<\/span><\/a><\/p>\n","protected":false},"author":4,"featured_media":257,"parent":0,"menu_order":0,"comment_status":"closed","ping_status":"closed","template":"","meta":{"footnotes":""},"class_list":["post-489","page","type-page","status-publish","has-post-thumbnail","hentry"],"yoast_head":"<!-- This site is optimized with the Yoast SEO plugin v27.3 - https:\/\/yoast.com\/product\/yoast-seo-wordpress\/ -->\n<title>Ad-hominem-Angriffe - A Man Speaks Out\u2026.<\/title>\n<meta name=\"robots\" content=\"index, follow, max-snippet:-1, max-image-preview:large, max-video-preview:-1\" \/>\n<link rel=\"canonical\" href=\"https:\/\/spiritprotect.org\/wordpress\/ad-hominem-angriffe\/\" \/>\n<meta property=\"og:locale\" content=\"en_US\" \/>\n<meta property=\"og:type\" content=\"article\" \/>\n<meta property=\"og:title\" content=\"Ad-hominem-Angriffe - A Man Speaks Out\u2026.\" \/>\n<meta property=\"og:description\" content=\"Wenn ein Rhetoriker vermutet, dass sein Gegner ein starkes Argument hat, greift er ihn auf der pers\u00f6nlichen Ebene an, anstatt auf der urspr\u00fcnglichen Ebene des Dialogs zu antworten, um den Argumentierenden herabzusetzen. In der Rhetorik nennt man dies einen Ad-hominem-Angriff. Die S.p.i.r.i.t.-Website enth\u00e4lt verleumderische Angriffe gegen meine Person. Die ungeheuerlichste L\u00fcge ist, dass ich betrunken &hellip; Continue reading Ad-hominem-Angriffe\" \/>\n<meta property=\"og:url\" content=\"https:\/\/spiritprotect.org\/wordpress\/ad-hominem-angriffe\/\" \/>\n<meta property=\"og:site_name\" content=\"A Man Speaks Out\u2026.\" \/>\n<meta property=\"article:modified_time\" content=\"2023-05-19T19:34:27+00:00\" \/>\n<meta property=\"og:image\" content=\"https:\/\/spiritprotect.org\/wordpress\/wp-content\/uploads\/2023\/04\/20140706_102830-scaled.jpg\" \/>\n\t<meta property=\"og:image:width\" content=\"2560\" \/>\n\t<meta property=\"og:image:height\" content=\"1440\" \/>\n\t<meta property=\"og:image:type\" content=\"image\/jpeg\" \/>\n<meta name=\"twitter:card\" content=\"summary_large_image\" \/>\n<meta name=\"twitter:label1\" content=\"Est. reading time\" \/>\n\t<meta name=\"twitter:data1\" content=\"1 minute\" \/>\n<script type=\"application\/ld+json\" class=\"yoast-schema-graph\">{\"@context\":\"https:\\\/\\\/schema.org\",\"@graph\":[{\"@type\":\"WebPage\",\"@id\":\"https:\\\/\\\/spiritprotect.org\\\/wordpress\\\/ad-hominem-angriffe\\\/\",\"url\":\"https:\\\/\\\/spiritprotect.org\\\/wordpress\\\/ad-hominem-angriffe\\\/\",\"name\":\"Ad-hominem-Angriffe - A Man Speaks Out\u2026.\",\"isPartOf\":{\"@id\":\"https:\\\/\\\/spiritprotect.org\\\/wordpress\\\/#website\"},\"primaryImageOfPage\":{\"@id\":\"https:\\\/\\\/spiritprotect.org\\\/wordpress\\\/ad-hominem-angriffe\\\/#primaryimage\"},\"image\":{\"@id\":\"https:\\\/\\\/spiritprotect.org\\\/wordpress\\\/ad-hominem-angriffe\\\/#primaryimage\"},\"thumbnailUrl\":\"https:\\\/\\\/spiritprotect.org\\\/wordpress\\\/wp-content\\\/uploads\\\/2023\\\/04\\\/20140706_102830-scaled.jpg\",\"datePublished\":\"2023-05-19T19:01:56+00:00\",\"dateModified\":\"2023-05-19T19:34:27+00:00\",\"breadcrumb\":{\"@id\":\"https:\\\/\\\/spiritprotect.org\\\/wordpress\\\/ad-hominem-angriffe\\\/#breadcrumb\"},\"inLanguage\":\"en-US\",\"potentialAction\":[{\"@type\":\"ReadAction\",\"target\":[\"https:\\\/\\\/spiritprotect.org\\\/wordpress\\\/ad-hominem-angriffe\\\/\"]}]},{\"@type\":\"ImageObject\",\"inLanguage\":\"en-US\",\"@id\":\"https:\\\/\\\/spiritprotect.org\\\/wordpress\\\/ad-hominem-angriffe\\\/#primaryimage\",\"url\":\"https:\\\/\\\/spiritprotect.org\\\/wordpress\\\/wp-content\\\/uploads\\\/2023\\\/04\\\/20140706_102830-scaled.jpg\",\"contentUrl\":\"https:\\\/\\\/spiritprotect.org\\\/wordpress\\\/wp-content\\\/uploads\\\/2023\\\/04\\\/20140706_102830-scaled.jpg\",\"width\":2560,\"height\":1440},{\"@type\":\"BreadcrumbList\",\"@id\":\"https:\\\/\\\/spiritprotect.org\\\/wordpress\\\/ad-hominem-angriffe\\\/#breadcrumb\",\"itemListElement\":[{\"@type\":\"ListItem\",\"position\":1,\"name\":\"Home\",\"item\":\"https:\\\/\\\/spiritprotect.org\\\/wordpress\\\/\"},{\"@type\":\"ListItem\",\"position\":2,\"name\":\"Ad-hominem-Angriffe\"}]},{\"@type\":\"WebSite\",\"@id\":\"https:\\\/\\\/spiritprotect.org\\\/wordpress\\\/#website\",\"url\":\"https:\\\/\\\/spiritprotect.org\\\/wordpress\\\/\",\"name\":\"A Man Speaks Out\u2026.\",\"description\":\"The Truth be Told\",\"publisher\":{\"@id\":\"https:\\\/\\\/spiritprotect.org\\\/wordpress\\\/#organization\"},\"potentialAction\":[{\"@type\":\"SearchAction\",\"target\":{\"@type\":\"EntryPoint\",\"urlTemplate\":\"https:\\\/\\\/spiritprotect.org\\\/wordpress\\\/?s={search_term_string}\"},\"query-input\":{\"@type\":\"PropertyValueSpecification\",\"valueRequired\":true,\"valueName\":\"search_term_string\"}}],\"inLanguage\":\"en-US\"},{\"@type\":\"Organization\",\"@id\":\"https:\\\/\\\/spiritprotect.org\\\/wordpress\\\/#organization\",\"name\":\"A Man Speaks Out\u2026.\",\"url\":\"https:\\\/\\\/spiritprotect.org\\\/wordpress\\\/\",\"logo\":{\"@type\":\"ImageObject\",\"inLanguage\":\"en-US\",\"@id\":\"https:\\\/\\\/spiritprotect.org\\\/wordpress\\\/#\\\/schema\\\/logo\\\/image\\\/\",\"url\":\"https:\\\/\\\/spiritprotect.org\\\/wordpress\\\/wp-content\\\/uploads\\\/2023\\\/03\\\/20140706_121413-scaled.jpg\",\"contentUrl\":\"https:\\\/\\\/spiritprotect.org\\\/wordpress\\\/wp-content\\\/uploads\\\/2023\\\/03\\\/20140706_121413-scaled.jpg\",\"width\":2560,\"height\":1440,\"caption\":\"A Man Speaks Out\u2026.\"},\"image\":{\"@id\":\"https:\\\/\\\/spiritprotect.org\\\/wordpress\\\/#\\\/schema\\\/logo\\\/image\\\/\"}}]}<\/script>\n<!-- \/ Yoast SEO plugin. -->","yoast_head_json":{"title":"Ad-hominem-Angriffe - A Man Speaks Out\u2026.","robots":{"index":"index","follow":"follow","max-snippet":"max-snippet:-1","max-image-preview":"max-image-preview:large","max-video-preview":"max-video-preview:-1"},"canonical":"https:\/\/spiritprotect.org\/wordpress\/ad-hominem-angriffe\/","og_locale":"en_US","og_type":"article","og_title":"Ad-hominem-Angriffe - A Man Speaks Out\u2026.","og_description":"Wenn ein Rhetoriker vermutet, dass sein Gegner ein starkes Argument hat, greift er ihn auf der pers\u00f6nlichen Ebene an, anstatt auf der urspr\u00fcnglichen Ebene des Dialogs zu antworten, um den Argumentierenden herabzusetzen. In der Rhetorik nennt man dies einen Ad-hominem-Angriff. Die S.p.i.r.i.t.-Website enth\u00e4lt verleumderische Angriffe gegen meine Person. Die ungeheuerlichste L\u00fcge ist, dass ich betrunken &hellip; Continue reading Ad-hominem-Angriffe","og_url":"https:\/\/spiritprotect.org\/wordpress\/ad-hominem-angriffe\/","og_site_name":"A Man Speaks Out\u2026.","article_modified_time":"2023-05-19T19:34:27+00:00","og_image":[{"width":2560,"height":1440,"url":"https:\/\/spiritprotect.org\/wordpress\/wp-content\/uploads\/2023\/04\/20140706_102830-scaled.jpg","type":"image\/jpeg"}],"twitter_card":"summary_large_image","twitter_misc":{"Est. reading time":"1 minute"},"schema":{"@context":"https:\/\/schema.org","@graph":[{"@type":"WebPage","@id":"https:\/\/spiritprotect.org\/wordpress\/ad-hominem-angriffe\/","url":"https:\/\/spiritprotect.org\/wordpress\/ad-hominem-angriffe\/","name":"Ad-hominem-Angriffe - A Man Speaks Out\u2026.","isPartOf":{"@id":"https:\/\/spiritprotect.org\/wordpress\/#website"},"primaryImageOfPage":{"@id":"https:\/\/spiritprotect.org\/wordpress\/ad-hominem-angriffe\/#primaryimage"},"image":{"@id":"https:\/\/spiritprotect.org\/wordpress\/ad-hominem-angriffe\/#primaryimage"},"thumbnailUrl":"https:\/\/spiritprotect.org\/wordpress\/wp-content\/uploads\/2023\/04\/20140706_102830-scaled.jpg","datePublished":"2023-05-19T19:01:56+00:00","dateModified":"2023-05-19T19:34:27+00:00","breadcrumb":{"@id":"https:\/\/spiritprotect.org\/wordpress\/ad-hominem-angriffe\/#breadcrumb"},"inLanguage":"en-US","potentialAction":[{"@type":"ReadAction","target":["https:\/\/spiritprotect.org\/wordpress\/ad-hominem-angriffe\/"]}]},{"@type":"ImageObject","inLanguage":"en-US","@id":"https:\/\/spiritprotect.org\/wordpress\/ad-hominem-angriffe\/#primaryimage","url":"https:\/\/spiritprotect.org\/wordpress\/wp-content\/uploads\/2023\/04\/20140706_102830-scaled.jpg","contentUrl":"https:\/\/spiritprotect.org\/wordpress\/wp-content\/uploads\/2023\/04\/20140706_102830-scaled.jpg","width":2560,"height":1440},{"@type":"BreadcrumbList","@id":"https:\/\/spiritprotect.org\/wordpress\/ad-hominem-angriffe\/#breadcrumb","itemListElement":[{"@type":"ListItem","position":1,"name":"Home","item":"https:\/\/spiritprotect.org\/wordpress\/"},{"@type":"ListItem","position":2,"name":"Ad-hominem-Angriffe"}]},{"@type":"WebSite","@id":"https:\/\/spiritprotect.org\/wordpress\/#website","url":"https:\/\/spiritprotect.org\/wordpress\/","name":"A Man Speaks Out\u2026.","description":"The Truth be Told","publisher":{"@id":"https:\/\/spiritprotect.org\/wordpress\/#organization"},"potentialAction":[{"@type":"SearchAction","target":{"@type":"EntryPoint","urlTemplate":"https:\/\/spiritprotect.org\/wordpress\/?s={search_term_string}"},"query-input":{"@type":"PropertyValueSpecification","valueRequired":true,"valueName":"search_term_string"}}],"inLanguage":"en-US"},{"@type":"Organization","@id":"https:\/\/spiritprotect.org\/wordpress\/#organization","name":"A Man Speaks Out\u2026.","url":"https:\/\/spiritprotect.org\/wordpress\/","logo":{"@type":"ImageObject","inLanguage":"en-US","@id":"https:\/\/spiritprotect.org\/wordpress\/#\/schema\/logo\/image\/","url":"https:\/\/spiritprotect.org\/wordpress\/wp-content\/uploads\/2023\/03\/20140706_121413-scaled.jpg","contentUrl":"https:\/\/spiritprotect.org\/wordpress\/wp-content\/uploads\/2023\/03\/20140706_121413-scaled.jpg","width":2560,"height":1440,"caption":"A Man Speaks Out\u2026."},"image":{"@id":"https:\/\/spiritprotect.org\/wordpress\/#\/schema\/logo\/image\/"}}]}},"_links":{"self":[{"href":"https:\/\/spiritprotect.org\/wordpress\/wp-json\/wp\/v2\/pages\/489","targetHints":{"allow":["GET"]}}],"collection":[{"href":"https:\/\/spiritprotect.org\/wordpress\/wp-json\/wp\/v2\/pages"}],"about":[{"href":"https:\/\/spiritprotect.org\/wordpress\/wp-json\/wp\/v2\/types\/page"}],"author":[{"embeddable":true,"href":"https:\/\/spiritprotect.org\/wordpress\/wp-json\/wp\/v2\/users\/4"}],"replies":[{"embeddable":true,"href":"https:\/\/spiritprotect.org\/wordpress\/wp-json\/wp\/v2\/comments?post=489"}],"version-history":[{"count":2,"href":"https:\/\/spiritprotect.org\/wordpress\/wp-json\/wp\/v2\/pages\/489\/revisions"}],"predecessor-version":[{"id":542,"href":"https:\/\/spiritprotect.org\/wordpress\/wp-json\/wp\/v2\/pages\/489\/revisions\/542"}],"wp:featuredmedia":[{"embeddable":true,"href":"https:\/\/spiritprotect.org\/wordpress\/wp-json\/wp\/v2\/media\/257"}],"wp:attachment":[{"href":"https:\/\/spiritprotect.org\/wordpress\/wp-json\/wp\/v2\/media?parent=489"}],"curies":[{"name":"wp","href":"https:\/\/api.w.org\/{rel}","templated":true}]}}