{"id":491,"date":"2023-05-19T14:02:50","date_gmt":"2023-05-19T19:02:50","guid":{"rendered":"https:\/\/spiritprotect.org\/wordpress\/?page_id=491"},"modified":"2023-05-19T14:38:46","modified_gmt":"2023-05-19T19:38:46","slug":"der-ausschuss-zur-uberprufung-des-protokolls","status":"publish","type":"page","link":"https:\/\/spiritprotect.org\/wordpress\/der-ausschuss-zur-uberprufung-des-protokolls\/","title":{"rendered":"Der Ausschuss zur \u00dcberpr\u00fcfung des Protokolls"},"content":{"rendered":"\n<p><strong>Der gegenw\u00e4rtige Moment<\/strong><\/p>\n\n\n\n<p>Es wurde ein Ad-hoc-Ausschuss gebildet, der das Protokoll daraufhin \u00fcberpr\u00fcfen soll, wo es angepasst werden k\u00f6nnte, um es akzeptabler zu machen.<\/p>\n\n\n\n<p>Im Mai wurde auf der LKSI-Tagung ein neuer Kontext gut geheissen, der die Urspr\u00fcnge unserer Arbeit aufzeigt. Er anerkennt die Tatsache, dass es sich hier um einen Akt tiefgreifender Gro\u00dfz\u00fcgigkeit seitens der indigenen V\u00f6lker handelt. Dies ist um so eindr\u00fccklicher, als diese V\u00f6lker jahrhundertelangen \u00fcberlebten V\u00f6lkermord und eine grausame, erzwungene Assimilierung hinter sich haben.<\/p>\n\n\n\n<p>In den darauffolgenden Monaten wurden weitere \u00c4nderungsantr\u00e4ge in \u00dcbereinstimmung mit dem Protokoll formuliert, die alle darauf abzielten, deutlich zu machen, dass wir uns nichts angeeignet haben. So wurde beispielsweise der Kontext f\u00fcr die Lieder festgelegt.<\/p>\n\n\n\n<p>Im Oktober setzte der Vorstand als Reaktion auf die von S.p.i.r.i.t. versandten Drohungen alle NWTAs aus.<\/p>\n\n\n\n<p>Im November setzte der Vorstand ohne R\u00fccksprache mit der LKSI die Nutzung der P&amp;R-Zeremonie aus. Der Vorsitzende setzte formell einen neuen Ausschuss ein, um ein neues Verfahren, die Erdungs- und Erneuerungszeremonie, zu schaffen. Der Vorstand, so wurde mir berichtet, beschloss, den Namen LKS zu verleugnen und ihn aus, der mkpconnect-Zugangs-Plattform, zu entfernen.<\/p>\n\n\n\n<p>W\u00e4hrend dies geschah, wurde eine weitere Anstrengung unternommen, die P&amp;R Zeremonie zu \u00e4ndern, mit dem Ziel, seine &#8220;Indianerhaftigkeit&#8221; zu entfernen und sich mehr auf das zuzubewegen, was dem Heiligen Maskulinen global gemeinsam ist.<\/p>\n\n\n\n<p>In Zusammenarbeit mit den \u00c4ltesten der Familie wurde in diesem Dokument zum Beispiel die Symbolik der von uns gebauten Struktur deutlich gemacht: Sie representiert die Erde, der H\u00fcgel ist der Mond, das Feuer entspricht der Sonne, und die Ring aus Steinen zeigt die Milchstra\u00dfe und die Sterne.<\/p>\n\n\n\n<p>Offensichtlich k\u00f6nnen diese Elemente von niemandem besessen werden. Diese Symbolik ist nicht das, was indigene V\u00f6lker tun (soweit ich wei\u00df). Es ist sicherlich nicht der Inhalt einer traditionellen Inipi.<\/p>\n\n\n\n<p>In einem anderen Beispiel wurden andere Ausdr\u00fccke wie zum Beispiel &#8220;Zweibeiner, Vierbeiner und Gefl\u00fcgelte&#8221; gestrichen.<\/p>\n\n\n\n<p>Dieses ge\u00e4nderte Protokoll, das im Dezember fertiggestellt wurde, erblickte nie wirklich das Licht der Welt, da ein neuer Ausschuss, der Ausschuss f\u00fcr Erdungs- und Erneuerungszeremonien, der von einem Beauftragten des Vorsitzenden geleitet wird, die Arbeit \u00fcbernahm. Das Feedback, entweder vom Vorstand oder von S.p.i.r.i.t &#8211; ich wei\u00df es nicht &#8211; wurde zunehmend noch absurder.<\/p>\n\n\n\n<p>Die Struktur durfte nicht rund sein. Kein Erdh\u00fcgel war erlaubt. Sogar Heugabeln wurden verboten, weil die Ureinwohner sie benutzen (obwohl diese offensichlich von Weissen erfunden worden sind).<\/p>\n\n\n\n<p>Dann kam das &#8220;Edikt&#8221; &#8220;keine Steine, kein Dampf, keine Dunkelheit&#8221;.<\/p>\n\n\n\n<p>Und der Vorstand gehorchte. Und gehorchte weiter.<\/p>\n\n\n\n<p>Der Weg war frei f\u00fcr die neue Erdungs- und Erneuerungszeremonie.<\/p>\n\n\n\n<div class=\"wp-block-buttons is-content-justification-center is-layout-flex wp-container-core-buttons-is-layout-16018d1d wp-block-buttons-is-layout-flex\">\n<div class=\"wp-block-button\"><a class=\"wp-block-button__link wp-element-button\" href=\"https:\/\/spiritprotect.org\/wordpress\/analyse-die-befurchtungen-des-mkp-vorstands\/\">n\u00e4chste<\/a><\/div>\n<\/div>\n","protected":false},"excerpt":{"rendered":"<p>Der gegenw\u00e4rtige Moment Es wurde ein Ad-hoc-Ausschuss gebildet, der das Protokoll daraufhin \u00fcberpr\u00fcfen soll, wo es angepasst werden k\u00f6nnte, um es akzeptabler zu machen. Im Mai wurde auf der LKSI-Tagung ein neuer Kontext gut geheissen, der die Urspr\u00fcnge unserer Arbeit aufzeigt. Er anerkennt die Tatsache, dass es sich hier um einen Akt tiefgreifender Gro\u00dfz\u00fcgigkeit seitens &hellip; <a href=\"https:\/\/spiritprotect.org\/wordpress\/der-ausschuss-zur-uberprufung-des-protokolls\/\" class=\"more-link\">Continue reading <span class=\"screen-reader-text\">Der Ausschuss zur \u00dcberpr\u00fcfung des Protokolls<\/span><\/a><\/p>\n","protected":false},"author":4,"featured_media":253,"parent":0,"menu_order":0,"comment_status":"closed","ping_status":"closed","template":"","meta":{"footnotes":""},"class_list":["post-491","page","type-page","status-publish","has-post-thumbnail","hentry"],"yoast_head":"<!-- This site is optimized with the Yoast SEO plugin v27.4 - https:\/\/yoast.com\/product\/yoast-seo-wordpress\/ -->\n<title>Der Ausschuss zur \u00dcberpr\u00fcfung des Protokolls - A Man Speaks Out\u2026.<\/title>\n<meta name=\"robots\" content=\"index, follow, max-snippet:-1, max-image-preview:large, max-video-preview:-1\" \/>\n<link rel=\"canonical\" href=\"https:\/\/spiritprotect.org\/wordpress\/der-ausschuss-zur-uberprufung-des-protokolls\/\" \/>\n<meta property=\"og:locale\" content=\"en_US\" \/>\n<meta property=\"og:type\" content=\"article\" \/>\n<meta property=\"og:title\" content=\"Der Ausschuss zur \u00dcberpr\u00fcfung des Protokolls - A Man Speaks Out\u2026.\" \/>\n<meta property=\"og:description\" content=\"Der gegenw\u00e4rtige Moment Es wurde ein Ad-hoc-Ausschuss gebildet, der das Protokoll daraufhin \u00fcberpr\u00fcfen soll, wo es angepasst werden k\u00f6nnte, um es akzeptabler zu machen. Im Mai wurde auf der LKSI-Tagung ein neuer Kontext gut geheissen, der die Urspr\u00fcnge unserer Arbeit aufzeigt. Er anerkennt die Tatsache, dass es sich hier um einen Akt tiefgreifender Gro\u00dfz\u00fcgigkeit seitens &hellip; Continue reading Der Ausschuss zur \u00dcberpr\u00fcfung des Protokolls\" \/>\n<meta property=\"og:url\" content=\"https:\/\/spiritprotect.org\/wordpress\/der-ausschuss-zur-uberprufung-des-protokolls\/\" \/>\n<meta property=\"og:site_name\" content=\"A Man Speaks Out\u2026.\" \/>\n<meta property=\"article:modified_time\" content=\"2023-05-19T19:38:46+00:00\" \/>\n<meta property=\"og:image\" content=\"https:\/\/spiritprotect.org\/wordpress\/wp-content\/uploads\/2023\/04\/IMG_0855-scaled.jpg\" \/>\n\t<meta property=\"og:image:width\" content=\"2560\" \/>\n\t<meta property=\"og:image:height\" content=\"1920\" \/>\n\t<meta property=\"og:image:type\" content=\"image\/jpeg\" \/>\n<meta name=\"twitter:card\" content=\"summary_large_image\" \/>\n<meta name=\"twitter:label1\" content=\"Est. reading time\" \/>\n\t<meta name=\"twitter:data1\" content=\"2 minutes\" \/>\n<script type=\"application\/ld+json\" class=\"yoast-schema-graph\">{\"@context\":\"https:\\\/\\\/schema.org\",\"@graph\":[{\"@type\":\"WebPage\",\"@id\":\"https:\\\/\\\/spiritprotect.org\\\/wordpress\\\/der-ausschuss-zur-uberprufung-des-protokolls\\\/\",\"url\":\"https:\\\/\\\/spiritprotect.org\\\/wordpress\\\/der-ausschuss-zur-uberprufung-des-protokolls\\\/\",\"name\":\"Der Ausschuss zur \u00dcberpr\u00fcfung des Protokolls - A Man Speaks Out\u2026.\",\"isPartOf\":{\"@id\":\"https:\\\/\\\/spiritprotect.org\\\/wordpress\\\/#website\"},\"primaryImageOfPage\":{\"@id\":\"https:\\\/\\\/spiritprotect.org\\\/wordpress\\\/der-ausschuss-zur-uberprufung-des-protokolls\\\/#primaryimage\"},\"image\":{\"@id\":\"https:\\\/\\\/spiritprotect.org\\\/wordpress\\\/der-ausschuss-zur-uberprufung-des-protokolls\\\/#primaryimage\"},\"thumbnailUrl\":\"https:\\\/\\\/spiritprotect.org\\\/wordpress\\\/wp-content\\\/uploads\\\/2023\\\/04\\\/IMG_0855-scaled.jpg\",\"datePublished\":\"2023-05-19T19:02:50+00:00\",\"dateModified\":\"2023-05-19T19:38:46+00:00\",\"breadcrumb\":{\"@id\":\"https:\\\/\\\/spiritprotect.org\\\/wordpress\\\/der-ausschuss-zur-uberprufung-des-protokolls\\\/#breadcrumb\"},\"inLanguage\":\"en-US\",\"potentialAction\":[{\"@type\":\"ReadAction\",\"target\":[\"https:\\\/\\\/spiritprotect.org\\\/wordpress\\\/der-ausschuss-zur-uberprufung-des-protokolls\\\/\"]}]},{\"@type\":\"ImageObject\",\"inLanguage\":\"en-US\",\"@id\":\"https:\\\/\\\/spiritprotect.org\\\/wordpress\\\/der-ausschuss-zur-uberprufung-des-protokolls\\\/#primaryimage\",\"url\":\"https:\\\/\\\/spiritprotect.org\\\/wordpress\\\/wp-content\\\/uploads\\\/2023\\\/04\\\/IMG_0855-scaled.jpg\",\"contentUrl\":\"https:\\\/\\\/spiritprotect.org\\\/wordpress\\\/wp-content\\\/uploads\\\/2023\\\/04\\\/IMG_0855-scaled.jpg\",\"width\":2560,\"height\":1920},{\"@type\":\"BreadcrumbList\",\"@id\":\"https:\\\/\\\/spiritprotect.org\\\/wordpress\\\/der-ausschuss-zur-uberprufung-des-protokolls\\\/#breadcrumb\",\"itemListElement\":[{\"@type\":\"ListItem\",\"position\":1,\"name\":\"Home\",\"item\":\"https:\\\/\\\/spiritprotect.org\\\/wordpress\\\/\"},{\"@type\":\"ListItem\",\"position\":2,\"name\":\"Der Ausschuss zur \u00dcberpr\u00fcfung des Protokolls\"}]},{\"@type\":\"WebSite\",\"@id\":\"https:\\\/\\\/spiritprotect.org\\\/wordpress\\\/#website\",\"url\":\"https:\\\/\\\/spiritprotect.org\\\/wordpress\\\/\",\"name\":\"A Man Speaks Out\u2026.\",\"description\":\"The Truth be Told\",\"publisher\":{\"@id\":\"https:\\\/\\\/spiritprotect.org\\\/wordpress\\\/#organization\"},\"potentialAction\":[{\"@type\":\"SearchAction\",\"target\":{\"@type\":\"EntryPoint\",\"urlTemplate\":\"https:\\\/\\\/spiritprotect.org\\\/wordpress\\\/?s={search_term_string}\"},\"query-input\":{\"@type\":\"PropertyValueSpecification\",\"valueRequired\":true,\"valueName\":\"search_term_string\"}}],\"inLanguage\":\"en-US\"},{\"@type\":\"Organization\",\"@id\":\"https:\\\/\\\/spiritprotect.org\\\/wordpress\\\/#organization\",\"name\":\"A Man Speaks Out\u2026.\",\"url\":\"https:\\\/\\\/spiritprotect.org\\\/wordpress\\\/\",\"logo\":{\"@type\":\"ImageObject\",\"inLanguage\":\"en-US\",\"@id\":\"https:\\\/\\\/spiritprotect.org\\\/wordpress\\\/#\\\/schema\\\/logo\\\/image\\\/\",\"url\":\"https:\\\/\\\/spiritprotect.org\\\/wordpress\\\/wp-content\\\/uploads\\\/2023\\\/03\\\/20140706_121413-scaled.jpg\",\"contentUrl\":\"https:\\\/\\\/spiritprotect.org\\\/wordpress\\\/wp-content\\\/uploads\\\/2023\\\/03\\\/20140706_121413-scaled.jpg\",\"width\":2560,\"height\":1440,\"caption\":\"A Man Speaks Out\u2026.\"},\"image\":{\"@id\":\"https:\\\/\\\/spiritprotect.org\\\/wordpress\\\/#\\\/schema\\\/logo\\\/image\\\/\"}}]}<\/script>\n<!-- \/ Yoast SEO plugin. -->","yoast_head_json":{"title":"Der Ausschuss zur \u00dcberpr\u00fcfung des Protokolls - A Man Speaks Out\u2026.","robots":{"index":"index","follow":"follow","max-snippet":"max-snippet:-1","max-image-preview":"max-image-preview:large","max-video-preview":"max-video-preview:-1"},"canonical":"https:\/\/spiritprotect.org\/wordpress\/der-ausschuss-zur-uberprufung-des-protokolls\/","og_locale":"en_US","og_type":"article","og_title":"Der Ausschuss zur \u00dcberpr\u00fcfung des Protokolls - A Man Speaks Out\u2026.","og_description":"Der gegenw\u00e4rtige Moment Es wurde ein Ad-hoc-Ausschuss gebildet, der das Protokoll daraufhin \u00fcberpr\u00fcfen soll, wo es angepasst werden k\u00f6nnte, um es akzeptabler zu machen. Im Mai wurde auf der LKSI-Tagung ein neuer Kontext gut geheissen, der die Urspr\u00fcnge unserer Arbeit aufzeigt. Er anerkennt die Tatsache, dass es sich hier um einen Akt tiefgreifender Gro\u00dfz\u00fcgigkeit seitens &hellip; Continue reading Der Ausschuss zur \u00dcberpr\u00fcfung des Protokolls","og_url":"https:\/\/spiritprotect.org\/wordpress\/der-ausschuss-zur-uberprufung-des-protokolls\/","og_site_name":"A Man Speaks Out\u2026.","article_modified_time":"2023-05-19T19:38:46+00:00","og_image":[{"width":2560,"height":1920,"url":"https:\/\/spiritprotect.org\/wordpress\/wp-content\/uploads\/2023\/04\/IMG_0855-scaled.jpg","type":"image\/jpeg"}],"twitter_card":"summary_large_image","twitter_misc":{"Est. reading time":"2 minutes"},"schema":{"@context":"https:\/\/schema.org","@graph":[{"@type":"WebPage","@id":"https:\/\/spiritprotect.org\/wordpress\/der-ausschuss-zur-uberprufung-des-protokolls\/","url":"https:\/\/spiritprotect.org\/wordpress\/der-ausschuss-zur-uberprufung-des-protokolls\/","name":"Der Ausschuss zur \u00dcberpr\u00fcfung des Protokolls - A Man Speaks Out\u2026.","isPartOf":{"@id":"https:\/\/spiritprotect.org\/wordpress\/#website"},"primaryImageOfPage":{"@id":"https:\/\/spiritprotect.org\/wordpress\/der-ausschuss-zur-uberprufung-des-protokolls\/#primaryimage"},"image":{"@id":"https:\/\/spiritprotect.org\/wordpress\/der-ausschuss-zur-uberprufung-des-protokolls\/#primaryimage"},"thumbnailUrl":"https:\/\/spiritprotect.org\/wordpress\/wp-content\/uploads\/2023\/04\/IMG_0855-scaled.jpg","datePublished":"2023-05-19T19:02:50+00:00","dateModified":"2023-05-19T19:38:46+00:00","breadcrumb":{"@id":"https:\/\/spiritprotect.org\/wordpress\/der-ausschuss-zur-uberprufung-des-protokolls\/#breadcrumb"},"inLanguage":"en-US","potentialAction":[{"@type":"ReadAction","target":["https:\/\/spiritprotect.org\/wordpress\/der-ausschuss-zur-uberprufung-des-protokolls\/"]}]},{"@type":"ImageObject","inLanguage":"en-US","@id":"https:\/\/spiritprotect.org\/wordpress\/der-ausschuss-zur-uberprufung-des-protokolls\/#primaryimage","url":"https:\/\/spiritprotect.org\/wordpress\/wp-content\/uploads\/2023\/04\/IMG_0855-scaled.jpg","contentUrl":"https:\/\/spiritprotect.org\/wordpress\/wp-content\/uploads\/2023\/04\/IMG_0855-scaled.jpg","width":2560,"height":1920},{"@type":"BreadcrumbList","@id":"https:\/\/spiritprotect.org\/wordpress\/der-ausschuss-zur-uberprufung-des-protokolls\/#breadcrumb","itemListElement":[{"@type":"ListItem","position":1,"name":"Home","item":"https:\/\/spiritprotect.org\/wordpress\/"},{"@type":"ListItem","position":2,"name":"Der Ausschuss zur \u00dcberpr\u00fcfung des Protokolls"}]},{"@type":"WebSite","@id":"https:\/\/spiritprotect.org\/wordpress\/#website","url":"https:\/\/spiritprotect.org\/wordpress\/","name":"A Man Speaks Out\u2026.","description":"The Truth be Told","publisher":{"@id":"https:\/\/spiritprotect.org\/wordpress\/#organization"},"potentialAction":[{"@type":"SearchAction","target":{"@type":"EntryPoint","urlTemplate":"https:\/\/spiritprotect.org\/wordpress\/?s={search_term_string}"},"query-input":{"@type":"PropertyValueSpecification","valueRequired":true,"valueName":"search_term_string"}}],"inLanguage":"en-US"},{"@type":"Organization","@id":"https:\/\/spiritprotect.org\/wordpress\/#organization","name":"A Man Speaks Out\u2026.","url":"https:\/\/spiritprotect.org\/wordpress\/","logo":{"@type":"ImageObject","inLanguage":"en-US","@id":"https:\/\/spiritprotect.org\/wordpress\/#\/schema\/logo\/image\/","url":"https:\/\/spiritprotect.org\/wordpress\/wp-content\/uploads\/2023\/03\/20140706_121413-scaled.jpg","contentUrl":"https:\/\/spiritprotect.org\/wordpress\/wp-content\/uploads\/2023\/03\/20140706_121413-scaled.jpg","width":2560,"height":1440,"caption":"A Man Speaks Out\u2026."},"image":{"@id":"https:\/\/spiritprotect.org\/wordpress\/#\/schema\/logo\/image\/"}}]}},"_links":{"self":[{"href":"https:\/\/spiritprotect.org\/wordpress\/wp-json\/wp\/v2\/pages\/491","targetHints":{"allow":["GET"]}}],"collection":[{"href":"https:\/\/spiritprotect.org\/wordpress\/wp-json\/wp\/v2\/pages"}],"about":[{"href":"https:\/\/spiritprotect.org\/wordpress\/wp-json\/wp\/v2\/types\/page"}],"author":[{"embeddable":true,"href":"https:\/\/spiritprotect.org\/wordpress\/wp-json\/wp\/v2\/users\/4"}],"replies":[{"embeddable":true,"href":"https:\/\/spiritprotect.org\/wordpress\/wp-json\/wp\/v2\/comments?post=491"}],"version-history":[{"count":2,"href":"https:\/\/spiritprotect.org\/wordpress\/wp-json\/wp\/v2\/pages\/491\/revisions"}],"predecessor-version":[{"id":546,"href":"https:\/\/spiritprotect.org\/wordpress\/wp-json\/wp\/v2\/pages\/491\/revisions\/546"}],"wp:featuredmedia":[{"embeddable":true,"href":"https:\/\/spiritprotect.org\/wordpress\/wp-json\/wp\/v2\/media\/253"}],"wp:attachment":[{"href":"https:\/\/spiritprotect.org\/wordpress\/wp-json\/wp\/v2\/media?parent=491"}],"curies":[{"name":"wp","href":"https:\/\/api.w.org\/{rel}","templated":true}]}}