{"id":493,"date":"2023-05-19T14:01:22","date_gmt":"2023-05-19T19:01:22","guid":{"rendered":"https:\/\/spiritprotect.org\/wordpress\/?page_id=493"},"modified":"2023-05-19T14:40:48","modified_gmt":"2023-05-19T19:40:48","slug":"analyse-die-befurchtungen-des-mkp-vorstands","status":"publish","type":"page","link":"https:\/\/spiritprotect.org\/wordpress\/analyse-die-befurchtungen-des-mkp-vorstands\/","title":{"rendered":"Analyse \/ Die Bef\u00fcrchtungen des MKP-Vorstands"},"content":{"rendered":"\n<p><strong>Analyse<\/strong><\/p>\n\n\n\n<p>Das erste Prinzip, das ich verwenden werde, ist das Sprichwort: &#8220;Das Wohl der Vielen \u00fcberwiegt das Wohl der Wenigen und das des Einzelnen.&#8221; F\u00fcr die Zwecke dieser Analyse entsprechen \u201cdie Vielen\u201d der Vorstand, der all jene M\u00e4nner repr\u00e4sentiert, die zur NWTA kommen. Die LKSI entspricht \u201cden Wenigen\u201d. Und S.p.i.r.i.t. ist in jeder Hinsicht \u201cder Einzelne\u201d.<\/p>\n\n\n\n<p><strong>Die Bef\u00fcrchtungen des MKP-Vorstands.<\/strong><\/p>\n\n\n\n<p>Nach Erhalt des ersten Briefes seitens des \u201cEinzelnen\u201d, mit den Drohungen einer Kampagne in den sozialen Medien und organisierten Protesten bei NWTA&#8217;s, bekamen die \u201cVielen\u201d Angst um die Sicherheit des Trainings &#8211; sie bekamen sogar Angst vor dem Ausbruch von Gewalt. Meiner Meinung nach war die Angst des Vorstandes nicht v\u00f6llig unberechtigt. Sie entschieden sich, diese Angst zu respektieren und die NWTA zu suspendieren, die \u201cVielen\u201d f\u00fcrchteten um die Sicherheit des Wochenendes und der Organisation.<\/p>\n\n\n\n<p>Als Reaktion auf die Forderung, die LKSI aufzul\u00f6sen, und in der Erkenntnis, dass die LKSI innerhalb des MKP als nahezu unabh\u00e4ngiger Dienstleister funktionierte und nicht aufgel\u00f6st werden konnte, suspendierte der Vorstand die P&amp;R Zeremonie und desavouierte die LKSI.<\/p>\n\n\n\n<p>Die \u201cVielen\u201d opferten das Wohl der \u201cWenigen\u201d f\u00fcr das, was sie f\u00fcr das Wohl der \u201cVielen\u201d hielten.<\/p>\n\n\n\n<p>\u201cDie Vielen\u201d opferten mit dem Einverst\u00e4ndnis der F\u00fchrer (einer separaten Gruppe der \u201cWenigen\u201d im MKP, zusammen mit den \u00c4ltesten) \u201cdie Wenigen\u201d zu Gunsten der Forderungen der \u201cEinzlnen.<\/p>\n\n\n\n<p>\u201cDie Vielen\u201d haben sich selbst ins Fleisch geschnitten, um f\u00fcr die Forderungen des \u201cEinzelnen\u201d zu bluten. Und damit haben sie auch denen geschadet, die noch kommen werden, indem sie ihnen einen gro\u00dfen Segen f\u00fcr die ganze Menschheit, sein Soma, seine Seele und seinen Geist vorenthalten haben. Sie haben sich von ihrer \u00e4ltesten Wurzel abgeschnitten.<\/p>\n\n\n\n<div class=\"wp-block-buttons is-content-justification-center is-layout-flex wp-container-core-buttons-is-layout-16018d1d wp-block-buttons-is-layout-flex\">\n<div class=\"wp-block-button\"><a class=\"wp-block-button__link wp-element-button\" href=\"https:\/\/spiritprotect.org\/wordpress\/die-wunden-der-kultur-und-die-wunden-der-menschen\/\">n\u00e4chste<\/a><\/div>\n<\/div>\n","protected":false},"excerpt":{"rendered":"<p>Analyse Das erste Prinzip, das ich verwenden werde, ist das Sprichwort: &#8220;Das Wohl der Vielen \u00fcberwiegt das Wohl der Wenigen und das des Einzelnen.&#8221; F\u00fcr die Zwecke dieser Analyse entsprechen \u201cdie Vielen\u201d der Vorstand, der all jene M\u00e4nner repr\u00e4sentiert, die zur NWTA kommen. Die LKSI entspricht \u201cden Wenigen\u201d. Und S.p.i.r.i.t. ist in jeder Hinsicht \u201cder &hellip; <a href=\"https:\/\/spiritprotect.org\/wordpress\/analyse-die-befurchtungen-des-mkp-vorstands\/\" class=\"more-link\">Continue reading <span class=\"screen-reader-text\">Analyse \/ Die Bef\u00fcrchtungen des MKP-Vorstands<\/span><\/a><\/p>\n","protected":false},"author":4,"featured_media":216,"parent":0,"menu_order":0,"comment_status":"closed","ping_status":"closed","template":"","meta":{"footnotes":""},"class_list":["post-493","page","type-page","status-publish","has-post-thumbnail","hentry"],"yoast_head":"<!-- This site is optimized with the Yoast SEO plugin v27.4 - https:\/\/yoast.com\/product\/yoast-seo-wordpress\/ -->\n<title>Analyse \/ Die Bef\u00fcrchtungen des MKP-Vorstands - A Man Speaks Out\u2026.<\/title>\n<meta name=\"robots\" content=\"index, follow, max-snippet:-1, max-image-preview:large, max-video-preview:-1\" \/>\n<link rel=\"canonical\" href=\"https:\/\/spiritprotect.org\/wordpress\/analyse-die-befurchtungen-des-mkp-vorstands\/\" \/>\n<meta property=\"og:locale\" content=\"en_US\" \/>\n<meta property=\"og:type\" content=\"article\" \/>\n<meta property=\"og:title\" content=\"Analyse \/ Die Bef\u00fcrchtungen des MKP-Vorstands - A Man Speaks Out\u2026.\" \/>\n<meta property=\"og:description\" content=\"Analyse Das erste Prinzip, das ich verwenden werde, ist das Sprichwort: &#8220;Das Wohl der Vielen \u00fcberwiegt das Wohl der Wenigen und das des Einzelnen.&#8221; F\u00fcr die Zwecke dieser Analyse entsprechen \u201cdie Vielen\u201d der Vorstand, der all jene M\u00e4nner repr\u00e4sentiert, die zur NWTA kommen. Die LKSI entspricht \u201cden Wenigen\u201d. Und S.p.i.r.i.t. ist in jeder Hinsicht \u201cder &hellip; Continue reading Analyse \/ Die Bef\u00fcrchtungen des MKP-Vorstands\" \/>\n<meta property=\"og:url\" content=\"https:\/\/spiritprotect.org\/wordpress\/analyse-die-befurchtungen-des-mkp-vorstands\/\" \/>\n<meta property=\"og:site_name\" content=\"A Man Speaks Out\u2026.\" \/>\n<meta property=\"article:modified_time\" content=\"2023-05-19T19:40:48+00:00\" \/>\n<meta property=\"og:image\" content=\"https:\/\/spiritprotect.org\/wordpress\/wp-content\/uploads\/2023\/04\/IMG_3123-scaled.jpg\" \/>\n\t<meta property=\"og:image:width\" content=\"2560\" \/>\n\t<meta property=\"og:image:height\" content=\"1920\" \/>\n\t<meta property=\"og:image:type\" content=\"image\/jpeg\" \/>\n<meta name=\"twitter:card\" content=\"summary_large_image\" \/>\n<meta name=\"twitter:label1\" content=\"Est. reading time\" \/>\n\t<meta name=\"twitter:data1\" content=\"2 minutes\" \/>\n<script type=\"application\/ld+json\" class=\"yoast-schema-graph\">{\"@context\":\"https:\\\/\\\/schema.org\",\"@graph\":[{\"@type\":\"WebPage\",\"@id\":\"https:\\\/\\\/spiritprotect.org\\\/wordpress\\\/analyse-die-befurchtungen-des-mkp-vorstands\\\/\",\"url\":\"https:\\\/\\\/spiritprotect.org\\\/wordpress\\\/analyse-die-befurchtungen-des-mkp-vorstands\\\/\",\"name\":\"Analyse \\\/ Die Bef\u00fcrchtungen des MKP-Vorstands - A Man Speaks Out\u2026.\",\"isPartOf\":{\"@id\":\"https:\\\/\\\/spiritprotect.org\\\/wordpress\\\/#website\"},\"primaryImageOfPage\":{\"@id\":\"https:\\\/\\\/spiritprotect.org\\\/wordpress\\\/analyse-die-befurchtungen-des-mkp-vorstands\\\/#primaryimage\"},\"image\":{\"@id\":\"https:\\\/\\\/spiritprotect.org\\\/wordpress\\\/analyse-die-befurchtungen-des-mkp-vorstands\\\/#primaryimage\"},\"thumbnailUrl\":\"https:\\\/\\\/spiritprotect.org\\\/wordpress\\\/wp-content\\\/uploads\\\/2023\\\/04\\\/IMG_3123-scaled.jpg\",\"datePublished\":\"2023-05-19T19:01:22+00:00\",\"dateModified\":\"2023-05-19T19:40:48+00:00\",\"breadcrumb\":{\"@id\":\"https:\\\/\\\/spiritprotect.org\\\/wordpress\\\/analyse-die-befurchtungen-des-mkp-vorstands\\\/#breadcrumb\"},\"inLanguage\":\"en-US\",\"potentialAction\":[{\"@type\":\"ReadAction\",\"target\":[\"https:\\\/\\\/spiritprotect.org\\\/wordpress\\\/analyse-die-befurchtungen-des-mkp-vorstands\\\/\"]}]},{\"@type\":\"ImageObject\",\"inLanguage\":\"en-US\",\"@id\":\"https:\\\/\\\/spiritprotect.org\\\/wordpress\\\/analyse-die-befurchtungen-des-mkp-vorstands\\\/#primaryimage\",\"url\":\"https:\\\/\\\/spiritprotect.org\\\/wordpress\\\/wp-content\\\/uploads\\\/2023\\\/04\\\/IMG_3123-scaled.jpg\",\"contentUrl\":\"https:\\\/\\\/spiritprotect.org\\\/wordpress\\\/wp-content\\\/uploads\\\/2023\\\/04\\\/IMG_3123-scaled.jpg\",\"width\":2560,\"height\":1920},{\"@type\":\"BreadcrumbList\",\"@id\":\"https:\\\/\\\/spiritprotect.org\\\/wordpress\\\/analyse-die-befurchtungen-des-mkp-vorstands\\\/#breadcrumb\",\"itemListElement\":[{\"@type\":\"ListItem\",\"position\":1,\"name\":\"Home\",\"item\":\"https:\\\/\\\/spiritprotect.org\\\/wordpress\\\/\"},{\"@type\":\"ListItem\",\"position\":2,\"name\":\"Analyse \\\/ Die Bef\u00fcrchtungen des MKP-Vorstands\"}]},{\"@type\":\"WebSite\",\"@id\":\"https:\\\/\\\/spiritprotect.org\\\/wordpress\\\/#website\",\"url\":\"https:\\\/\\\/spiritprotect.org\\\/wordpress\\\/\",\"name\":\"A Man Speaks Out\u2026.\",\"description\":\"The Truth be Told\",\"publisher\":{\"@id\":\"https:\\\/\\\/spiritprotect.org\\\/wordpress\\\/#organization\"},\"potentialAction\":[{\"@type\":\"SearchAction\",\"target\":{\"@type\":\"EntryPoint\",\"urlTemplate\":\"https:\\\/\\\/spiritprotect.org\\\/wordpress\\\/?s={search_term_string}\"},\"query-input\":{\"@type\":\"PropertyValueSpecification\",\"valueRequired\":true,\"valueName\":\"search_term_string\"}}],\"inLanguage\":\"en-US\"},{\"@type\":\"Organization\",\"@id\":\"https:\\\/\\\/spiritprotect.org\\\/wordpress\\\/#organization\",\"name\":\"A Man Speaks Out\u2026.\",\"url\":\"https:\\\/\\\/spiritprotect.org\\\/wordpress\\\/\",\"logo\":{\"@type\":\"ImageObject\",\"inLanguage\":\"en-US\",\"@id\":\"https:\\\/\\\/spiritprotect.org\\\/wordpress\\\/#\\\/schema\\\/logo\\\/image\\\/\",\"url\":\"https:\\\/\\\/spiritprotect.org\\\/wordpress\\\/wp-content\\\/uploads\\\/2023\\\/03\\\/20140706_121413-scaled.jpg\",\"contentUrl\":\"https:\\\/\\\/spiritprotect.org\\\/wordpress\\\/wp-content\\\/uploads\\\/2023\\\/03\\\/20140706_121413-scaled.jpg\",\"width\":2560,\"height\":1440,\"caption\":\"A Man Speaks Out\u2026.\"},\"image\":{\"@id\":\"https:\\\/\\\/spiritprotect.org\\\/wordpress\\\/#\\\/schema\\\/logo\\\/image\\\/\"}}]}<\/script>\n<!-- \/ Yoast SEO plugin. -->","yoast_head_json":{"title":"Analyse \/ Die Bef\u00fcrchtungen des MKP-Vorstands - A Man Speaks Out\u2026.","robots":{"index":"index","follow":"follow","max-snippet":"max-snippet:-1","max-image-preview":"max-image-preview:large","max-video-preview":"max-video-preview:-1"},"canonical":"https:\/\/spiritprotect.org\/wordpress\/analyse-die-befurchtungen-des-mkp-vorstands\/","og_locale":"en_US","og_type":"article","og_title":"Analyse \/ Die Bef\u00fcrchtungen des MKP-Vorstands - A Man Speaks Out\u2026.","og_description":"Analyse Das erste Prinzip, das ich verwenden werde, ist das Sprichwort: &#8220;Das Wohl der Vielen \u00fcberwiegt das Wohl der Wenigen und das des Einzelnen.&#8221; F\u00fcr die Zwecke dieser Analyse entsprechen \u201cdie Vielen\u201d der Vorstand, der all jene M\u00e4nner repr\u00e4sentiert, die zur NWTA kommen. Die LKSI entspricht \u201cden Wenigen\u201d. Und S.p.i.r.i.t. ist in jeder Hinsicht \u201cder &hellip; Continue reading Analyse \/ Die Bef\u00fcrchtungen des MKP-Vorstands","og_url":"https:\/\/spiritprotect.org\/wordpress\/analyse-die-befurchtungen-des-mkp-vorstands\/","og_site_name":"A Man Speaks Out\u2026.","article_modified_time":"2023-05-19T19:40:48+00:00","og_image":[{"width":2560,"height":1920,"url":"https:\/\/spiritprotect.org\/wordpress\/wp-content\/uploads\/2023\/04\/IMG_3123-scaled.jpg","type":"image\/jpeg"}],"twitter_card":"summary_large_image","twitter_misc":{"Est. reading time":"2 minutes"},"schema":{"@context":"https:\/\/schema.org","@graph":[{"@type":"WebPage","@id":"https:\/\/spiritprotect.org\/wordpress\/analyse-die-befurchtungen-des-mkp-vorstands\/","url":"https:\/\/spiritprotect.org\/wordpress\/analyse-die-befurchtungen-des-mkp-vorstands\/","name":"Analyse \/ Die Bef\u00fcrchtungen des MKP-Vorstands - A Man Speaks Out\u2026.","isPartOf":{"@id":"https:\/\/spiritprotect.org\/wordpress\/#website"},"primaryImageOfPage":{"@id":"https:\/\/spiritprotect.org\/wordpress\/analyse-die-befurchtungen-des-mkp-vorstands\/#primaryimage"},"image":{"@id":"https:\/\/spiritprotect.org\/wordpress\/analyse-die-befurchtungen-des-mkp-vorstands\/#primaryimage"},"thumbnailUrl":"https:\/\/spiritprotect.org\/wordpress\/wp-content\/uploads\/2023\/04\/IMG_3123-scaled.jpg","datePublished":"2023-05-19T19:01:22+00:00","dateModified":"2023-05-19T19:40:48+00:00","breadcrumb":{"@id":"https:\/\/spiritprotect.org\/wordpress\/analyse-die-befurchtungen-des-mkp-vorstands\/#breadcrumb"},"inLanguage":"en-US","potentialAction":[{"@type":"ReadAction","target":["https:\/\/spiritprotect.org\/wordpress\/analyse-die-befurchtungen-des-mkp-vorstands\/"]}]},{"@type":"ImageObject","inLanguage":"en-US","@id":"https:\/\/spiritprotect.org\/wordpress\/analyse-die-befurchtungen-des-mkp-vorstands\/#primaryimage","url":"https:\/\/spiritprotect.org\/wordpress\/wp-content\/uploads\/2023\/04\/IMG_3123-scaled.jpg","contentUrl":"https:\/\/spiritprotect.org\/wordpress\/wp-content\/uploads\/2023\/04\/IMG_3123-scaled.jpg","width":2560,"height":1920},{"@type":"BreadcrumbList","@id":"https:\/\/spiritprotect.org\/wordpress\/analyse-die-befurchtungen-des-mkp-vorstands\/#breadcrumb","itemListElement":[{"@type":"ListItem","position":1,"name":"Home","item":"https:\/\/spiritprotect.org\/wordpress\/"},{"@type":"ListItem","position":2,"name":"Analyse \/ Die Bef\u00fcrchtungen des MKP-Vorstands"}]},{"@type":"WebSite","@id":"https:\/\/spiritprotect.org\/wordpress\/#website","url":"https:\/\/spiritprotect.org\/wordpress\/","name":"A Man Speaks Out\u2026.","description":"The Truth be Told","publisher":{"@id":"https:\/\/spiritprotect.org\/wordpress\/#organization"},"potentialAction":[{"@type":"SearchAction","target":{"@type":"EntryPoint","urlTemplate":"https:\/\/spiritprotect.org\/wordpress\/?s={search_term_string}"},"query-input":{"@type":"PropertyValueSpecification","valueRequired":true,"valueName":"search_term_string"}}],"inLanguage":"en-US"},{"@type":"Organization","@id":"https:\/\/spiritprotect.org\/wordpress\/#organization","name":"A Man Speaks Out\u2026.","url":"https:\/\/spiritprotect.org\/wordpress\/","logo":{"@type":"ImageObject","inLanguage":"en-US","@id":"https:\/\/spiritprotect.org\/wordpress\/#\/schema\/logo\/image\/","url":"https:\/\/spiritprotect.org\/wordpress\/wp-content\/uploads\/2023\/03\/20140706_121413-scaled.jpg","contentUrl":"https:\/\/spiritprotect.org\/wordpress\/wp-content\/uploads\/2023\/03\/20140706_121413-scaled.jpg","width":2560,"height":1440,"caption":"A Man Speaks Out\u2026."},"image":{"@id":"https:\/\/spiritprotect.org\/wordpress\/#\/schema\/logo\/image\/"}}]}},"_links":{"self":[{"href":"https:\/\/spiritprotect.org\/wordpress\/wp-json\/wp\/v2\/pages\/493","targetHints":{"allow":["GET"]}}],"collection":[{"href":"https:\/\/spiritprotect.org\/wordpress\/wp-json\/wp\/v2\/pages"}],"about":[{"href":"https:\/\/spiritprotect.org\/wordpress\/wp-json\/wp\/v2\/types\/page"}],"author":[{"embeddable":true,"href":"https:\/\/spiritprotect.org\/wordpress\/wp-json\/wp\/v2\/users\/4"}],"replies":[{"embeddable":true,"href":"https:\/\/spiritprotect.org\/wordpress\/wp-json\/wp\/v2\/comments?post=493"}],"version-history":[{"count":2,"href":"https:\/\/spiritprotect.org\/wordpress\/wp-json\/wp\/v2\/pages\/493\/revisions"}],"predecessor-version":[{"id":548,"href":"https:\/\/spiritprotect.org\/wordpress\/wp-json\/wp\/v2\/pages\/493\/revisions\/548"}],"wp:featuredmedia":[{"embeddable":true,"href":"https:\/\/spiritprotect.org\/wordpress\/wp-json\/wp\/v2\/media\/216"}],"wp:attachment":[{"href":"https:\/\/spiritprotect.org\/wordpress\/wp-json\/wp\/v2\/media?parent=493"}],"curies":[{"name":"wp","href":"https:\/\/api.w.org\/{rel}","templated":true}]}}