{"id":495,"date":"2023-05-19T14:04:26","date_gmt":"2023-05-19T19:04:26","guid":{"rendered":"https:\/\/spiritprotect.org\/wordpress\/?page_id=495"},"modified":"2023-05-19T14:43:02","modified_gmt":"2023-05-19T19:43:02","slug":"die-wunden-der-kultur-und-die-wunden-der-menschen","status":"publish","type":"page","link":"https:\/\/spiritprotect.org\/wordpress\/die-wunden-der-kultur-und-die-wunden-der-menschen\/","title":{"rendered":"Die Wunden der Kultur und die Wunden der Menschen"},"content":{"rendered":"\n<p>Ich f\u00fchle mich gefordert, hier das Zitat von Fools Crow zu wiederholen:<\/p>\n\n\n\n<p><em>&#8220;Die Kraft und unser Weg sind uns gegeben worden, damit wir sie an andere weitergeben. Etwas anderes zu denken ist reine Selbstsucht. Wir haben mehr davon, wenn wir sie weitergeben, und wenn wir sie nicht weitergeben, verlieren wir sie.&#8221;<\/em><\/p>\n\n\n\n<p class=\"has-text-align-right\">&nbsp;&nbsp;&nbsp;&nbsp;&nbsp;&nbsp;&nbsp;&nbsp;&nbsp;&nbsp;&nbsp;&nbsp;&nbsp;&nbsp;&nbsp;&nbsp;&nbsp;&nbsp;&nbsp;&nbsp;&nbsp;&nbsp;&nbsp;&nbsp;&nbsp;&nbsp;&nbsp;&nbsp;&nbsp;&nbsp;&nbsp;&nbsp;&nbsp;&nbsp;&nbsp;&nbsp;&nbsp; H\u00e4uptling Frank Fools Crow (Mails 2001:11)<\/p>\n\n\n\n<p class=\"has-text-align-right\">zitiert von Suzanne Owens in<\/p>\n\n\n\n<p class=\"has-text-align-right\">Die Aneignung der Spiritualit\u00e4t der amerikanischen Ureinwohner<\/p>\n\n\n\n<p>Ja, einige M\u00e4nner tragen tiefe Wunden, die von der dominierenden Kultur herr\u00fchren, und f\u00fcr sie empfinde ich tiefes Mitgef\u00fchl und Bedauern, dass ich ihnen nicht helfen kann. Und der Impuls, aus Rache zu zerst\u00f6ren, ist ebenfalls menschlich und verst\u00e4ndlich. Es ist aber auch etwas, \u00fcber das wir uns erheben k\u00f6nnten. Denn wenn wir stattdessen im Schatten verweilen und insgeheim zu hassen beginnen, schadet dies sicherlich der eigenen Seele und den Seelen derer, die uns umgeben, und es ist grunds\u00e4tzlich egoistisch.<\/p>\n\n\n\n<p>Zehntausende von M\u00e4nnern haben sicher von dem P&amp;R profitiert und wurden daran erinnert, sich im Dienst an anderen neu zu orientieren, anstatt sich selbst und den eigenen Wunden zu dienen. Und wir werden weiterhin von unseren einheimischen Vorfahren unterst\u00fctzt.<\/p>\n\n\n\n<p>Wir alle erz\u00e4hlen uns Geschichten. Das Problem ist, wenn wir anfangen, sie zu glauben und sie auf die Welt zu projizieren. Anstatt die Dinge so zu sehen, wie sie sind, versuchen wir, sie so zu machen, wie wir glauben, dass sie sind, und erfinden Geschichten \u00fcber sie. Und wir versuchen, diejenigen zu verletzen, auf die wir projizieren, wenn sie nicht unseren Erwartungen entsprechen, welche darauf basieren, woran wir glauben.<\/p>\n\n\n\n<p>Vor Jahrzehnten sagte NWTA-Gr\u00fcnder Rich Tosi, dass dieses Training nicht f\u00fcr jeden geeignet ist. Ich glaube, er hat nach wie vor Recht.<\/p>\n\n\n\n<p>Schatten, Angst und Wut griffen MKP-US an, und die Strategie des MKP-US Vorstands bestand darin, sich selbst zu verletzen und die \u201cWenigen\u201d zu verletzen, ohne auch nur ein Dankesch\u00f6n und ein &#8220;Lebe wohl&#8221; zu \u00e4ussern.<\/p>\n\n\n\n<p>Obwohl einzelne Vorstandsmitglieder einige Anrufe bei diesem Mann und der F\u00fchrung der LKSI t\u00e4tigten, lud der Vorstand die LKS nie zu einem Gespr\u00e4ch mit ihnen ein.<\/p>\n\n\n\n<p>Auch auf Bitten um ein Gespr\u00e4ch reagierten die Verantwortlichen nicht.<\/p>\n\n\n\n<p>Die Missachtung der LKSI durch den MKP US-Vorstand (und die Leiter) hat die Wunden die schon vorhanden waren nur noch viel mehr vertieft.<\/p>\n\n\n\n<p>Keine Warnungen, keine Konsultationen \u2013 stattdessen einfach wegschneiden und ausradieren. Eine Entschuldigung &#8211; zumindest eine logische Erkl\u00e4rung \u2013 w\u00e4re hier das Mindeste was angebracht w\u00e4re.<\/p>\n\n\n\n<p>Vielleicht haben bereits Hunderte von M\u00e4nnern das Projekt verlassen. Vielleicht ist es noch m\u00f6glich, sie zur\u00fcckzuholen.<\/p>\n\n\n\n<p>Ich und viele andere haben den Eindruck, dass der Vorstand schikaniert und das Leader-Gremium gemobbt wurde.<\/p>\n\n\n\n<p>Es bleibt abzuwarten, ob das Opfer des Verwaltungsrats umsonst war oder nicht.<\/p>\n\n\n\n<p>Schlie\u00dflich wurde im Umfeld des MKP dar\u00fcber gesprochen, dass das MKP von allen Lakota-St\u00e4mmen und nun auch von allen &#8220;Sioux&#8221;-V\u00f6lkern die Erlaubnis einholen will, das zu tun, was wir tun. Ich denke, damit sind auch alle Dakota- und Nakota-V\u00f6lker gemeint.<\/p>\n\n\n\n<p>Das ist sicherlich eine vision\u00e4re Idee, aber es ist keine Idee, die traditionellem Denken entsprechen k\u00f6nnte.<\/p>\n\n\n\n<p>Es ist auch eine kolonialistische oder m\u00f6glicherweise &#8220;postkolonialistische&#8221; Idee &#8211; ein weiterer Versuch &#8220;moderner&#8221; Denker, die zu glauben scheinen, sie w\u00fcssten es besser als die traditionelle Art, Dinge zu tun.<\/p>\n\n\n\n<p>Es scheint mir auf jeden Fall eine Vision aus einer assimilierten Perspektive zu sein, und nicht aus einer traditionellen Perspektive. Bedenken Sie, dass viele, wenn nicht sogar die meisten indigenen V\u00f6lker in diesen St\u00e4mmen keine Traditionalisten mehr sind. Die Assimilierung ist schon seit \u00fcber 150 Jahren im Gange, und indigene V\u00f6lker sind nicht monolithisch.<\/p>\n\n\n\n<p>Soweit ich die traditionelle Sichtweise verstehe, kann eine Entscheidung, die jemanden zu einer bestimmten Handlung erm\u00e4chtigt, nur von einem traditionellen H\u00e4uptling oder seinem Nachfolger widerrufen werden. Wenn ein anderer Traditioneller Chief mit dieser Entscheidung nicht einverstanden ist, liegt es in seiner Verantwortung, sich an den ersten Chief zu wenden und ihn von der Fehlerhaftigkeit seines Vorgehens zu \u00fcberzeugen. Der zweite H\u00e4uptling hat nicht die Befugnis, die Entscheidung des ersten H\u00e4uptlings aufzuheben, ebenso wenig wie der erste H\u00e4uptling die Befugnis hat, eine Entscheidung des zweiten H\u00e4uptlings aufzuheben.<\/p>\n\n\n\n<p>Diese vision\u00e4re Idee &#8211; die Idee, dass es m\u00f6glich ist, die &#8220;Sioux&#8221;-Nation zusammenzubringen, um zu beurteilen, was das MKP tut, ganz zu schweigen davon, dass dies etwas ist, was das MKP versuchen sollte &#8211; w\u00e4re ein tragischer Versuch, der zum Scheitern verurteilt ist, und ich hoffe, dass das MKP keine seiner begrenzten Ressourcen daf\u00fcr verwenden wird.<\/p>\n\n\n\n<p>\u00dcbrigens, Sioux&#8221; genannt zu werden, ist f\u00fcr viele Lakota, die ich kenne, eine \u00fcble Beleidigung. Es ist ein Wort, das &#8220;Schlangen&#8221; bedeutet, ein Wort, das einige ihrer alten indigenen Feinde ihnen gegeben haben und das sich die franz\u00f6sischen Fallensteller angeeignet haben\u2026<\/p>\n\n\n\n<div class=\"wp-block-buttons is-content-justification-center is-layout-flex wp-container-core-buttons-is-layout-16018d1d wp-block-buttons-is-layout-flex\">\n<div class=\"wp-block-button\"><a class=\"wp-block-button__link wp-element-button\" href=\"https:\/\/spiritprotect.org\/wordpress\/schlussfolgerung\/\">n\u00e4chste<\/a><\/div>\n<\/div>\n","protected":false},"excerpt":{"rendered":"<p>Ich f\u00fchle mich gefordert, hier das Zitat von Fools Crow zu wiederholen: &#8220;Die Kraft und unser Weg sind uns gegeben worden, damit wir sie an andere weitergeben. Etwas anderes zu denken ist reine Selbstsucht. Wir haben mehr davon, wenn wir sie weitergeben, und wenn wir sie nicht weitergeben, verlieren wir sie.&#8221; &nbsp;&nbsp;&nbsp;&nbsp;&nbsp;&nbsp;&nbsp;&nbsp;&nbsp;&nbsp;&nbsp;&nbsp;&nbsp;&nbsp;&nbsp;&nbsp;&nbsp;&nbsp;&nbsp;&nbsp;&nbsp;&nbsp;&nbsp;&nbsp;&nbsp;&nbsp;&nbsp;&nbsp;&nbsp;&nbsp;&nbsp;&nbsp;&nbsp;&nbsp;&nbsp;&nbsp;&nbsp; H\u00e4uptling Frank Fools &hellip; <a href=\"https:\/\/spiritprotect.org\/wordpress\/die-wunden-der-kultur-und-die-wunden-der-menschen\/\" class=\"more-link\">Continue reading <span class=\"screen-reader-text\">Die Wunden der Kultur und die Wunden der Menschen<\/span><\/a><\/p>\n","protected":false},"author":4,"featured_media":42,"parent":0,"menu_order":0,"comment_status":"closed","ping_status":"closed","template":"","meta":{"footnotes":""},"class_list":["post-495","page","type-page","status-publish","has-post-thumbnail","hentry"],"yoast_head":"<!-- This site is optimized with the Yoast SEO plugin v27.4 - https:\/\/yoast.com\/product\/yoast-seo-wordpress\/ -->\n<title>Die Wunden der Kultur und die Wunden der Menschen - A Man Speaks Out\u2026.<\/title>\n<meta name=\"robots\" content=\"index, follow, max-snippet:-1, max-image-preview:large, max-video-preview:-1\" \/>\n<link rel=\"canonical\" href=\"https:\/\/spiritprotect.org\/wordpress\/die-wunden-der-kultur-und-die-wunden-der-menschen\/\" \/>\n<meta property=\"og:locale\" content=\"en_US\" \/>\n<meta property=\"og:type\" content=\"article\" \/>\n<meta property=\"og:title\" content=\"Die Wunden der Kultur und die Wunden der Menschen - A Man Speaks Out\u2026.\" \/>\n<meta property=\"og:description\" content=\"Ich f\u00fchle mich gefordert, hier das Zitat von Fools Crow zu wiederholen: &#8220;Die Kraft und unser Weg sind uns gegeben worden, damit wir sie an andere weitergeben. Etwas anderes zu denken ist reine Selbstsucht. Wir haben mehr davon, wenn wir sie weitergeben, und wenn wir sie nicht weitergeben, verlieren wir sie.&#8221; &nbsp;&nbsp;&nbsp;&nbsp;&nbsp;&nbsp;&nbsp;&nbsp;&nbsp;&nbsp;&nbsp;&nbsp;&nbsp;&nbsp;&nbsp;&nbsp;&nbsp;&nbsp;&nbsp;&nbsp;&nbsp;&nbsp;&nbsp;&nbsp;&nbsp;&nbsp;&nbsp;&nbsp;&nbsp;&nbsp;&nbsp;&nbsp;&nbsp;&nbsp;&nbsp;&nbsp;&nbsp; H\u00e4uptling Frank Fools &hellip; Continue reading Die Wunden der Kultur und die Wunden der Menschen\" \/>\n<meta property=\"og:url\" content=\"https:\/\/spiritprotect.org\/wordpress\/die-wunden-der-kultur-und-die-wunden-der-menschen\/\" \/>\n<meta property=\"og:site_name\" content=\"A Man Speaks Out\u2026.\" \/>\n<meta property=\"article:modified_time\" content=\"2023-05-19T19:43:02+00:00\" \/>\n<meta property=\"og:image\" content=\"https:\/\/spiritprotect.org\/wordpress\/wp-content\/uploads\/2023\/03\/IMG_0829-scaled-e1682164372293.jpg\" \/>\n\t<meta property=\"og:image:width\" content=\"2560\" \/>\n\t<meta property=\"og:image:height\" content=\"1920\" \/>\n\t<meta property=\"og:image:type\" content=\"image\/jpeg\" \/>\n<meta name=\"twitter:card\" content=\"summary_large_image\" \/>\n<meta name=\"twitter:label1\" content=\"Est. reading time\" \/>\n\t<meta name=\"twitter:data1\" content=\"4 minutes\" \/>\n<script type=\"application\/ld+json\" class=\"yoast-schema-graph\">{\"@context\":\"https:\\\/\\\/schema.org\",\"@graph\":[{\"@type\":\"WebPage\",\"@id\":\"https:\\\/\\\/spiritprotect.org\\\/wordpress\\\/die-wunden-der-kultur-und-die-wunden-der-menschen\\\/\",\"url\":\"https:\\\/\\\/spiritprotect.org\\\/wordpress\\\/die-wunden-der-kultur-und-die-wunden-der-menschen\\\/\",\"name\":\"Die Wunden der Kultur und die Wunden der Menschen - A Man Speaks Out\u2026.\",\"isPartOf\":{\"@id\":\"https:\\\/\\\/spiritprotect.org\\\/wordpress\\\/#website\"},\"primaryImageOfPage\":{\"@id\":\"https:\\\/\\\/spiritprotect.org\\\/wordpress\\\/die-wunden-der-kultur-und-die-wunden-der-menschen\\\/#primaryimage\"},\"image\":{\"@id\":\"https:\\\/\\\/spiritprotect.org\\\/wordpress\\\/die-wunden-der-kultur-und-die-wunden-der-menschen\\\/#primaryimage\"},\"thumbnailUrl\":\"https:\\\/\\\/spiritprotect.org\\\/wordpress\\\/wp-content\\\/uploads\\\/2023\\\/03\\\/IMG_0829-scaled-e1682164372293.jpg\",\"datePublished\":\"2023-05-19T19:04:26+00:00\",\"dateModified\":\"2023-05-19T19:43:02+00:00\",\"breadcrumb\":{\"@id\":\"https:\\\/\\\/spiritprotect.org\\\/wordpress\\\/die-wunden-der-kultur-und-die-wunden-der-menschen\\\/#breadcrumb\"},\"inLanguage\":\"en-US\",\"potentialAction\":[{\"@type\":\"ReadAction\",\"target\":[\"https:\\\/\\\/spiritprotect.org\\\/wordpress\\\/die-wunden-der-kultur-und-die-wunden-der-menschen\\\/\"]}]},{\"@type\":\"ImageObject\",\"inLanguage\":\"en-US\",\"@id\":\"https:\\\/\\\/spiritprotect.org\\\/wordpress\\\/die-wunden-der-kultur-und-die-wunden-der-menschen\\\/#primaryimage\",\"url\":\"https:\\\/\\\/spiritprotect.org\\\/wordpress\\\/wp-content\\\/uploads\\\/2023\\\/03\\\/IMG_0829-scaled-e1682164372293.jpg\",\"contentUrl\":\"https:\\\/\\\/spiritprotect.org\\\/wordpress\\\/wp-content\\\/uploads\\\/2023\\\/03\\\/IMG_0829-scaled-e1682164372293.jpg\",\"width\":2560,\"height\":1920},{\"@type\":\"BreadcrumbList\",\"@id\":\"https:\\\/\\\/spiritprotect.org\\\/wordpress\\\/die-wunden-der-kultur-und-die-wunden-der-menschen\\\/#breadcrumb\",\"itemListElement\":[{\"@type\":\"ListItem\",\"position\":1,\"name\":\"Home\",\"item\":\"https:\\\/\\\/spiritprotect.org\\\/wordpress\\\/\"},{\"@type\":\"ListItem\",\"position\":2,\"name\":\"Die Wunden der Kultur und die Wunden der Menschen\"}]},{\"@type\":\"WebSite\",\"@id\":\"https:\\\/\\\/spiritprotect.org\\\/wordpress\\\/#website\",\"url\":\"https:\\\/\\\/spiritprotect.org\\\/wordpress\\\/\",\"name\":\"A Man Speaks Out\u2026.\",\"description\":\"The Truth be Told\",\"publisher\":{\"@id\":\"https:\\\/\\\/spiritprotect.org\\\/wordpress\\\/#organization\"},\"potentialAction\":[{\"@type\":\"SearchAction\",\"target\":{\"@type\":\"EntryPoint\",\"urlTemplate\":\"https:\\\/\\\/spiritprotect.org\\\/wordpress\\\/?s={search_term_string}\"},\"query-input\":{\"@type\":\"PropertyValueSpecification\",\"valueRequired\":true,\"valueName\":\"search_term_string\"}}],\"inLanguage\":\"en-US\"},{\"@type\":\"Organization\",\"@id\":\"https:\\\/\\\/spiritprotect.org\\\/wordpress\\\/#organization\",\"name\":\"A Man Speaks Out\u2026.\",\"url\":\"https:\\\/\\\/spiritprotect.org\\\/wordpress\\\/\",\"logo\":{\"@type\":\"ImageObject\",\"inLanguage\":\"en-US\",\"@id\":\"https:\\\/\\\/spiritprotect.org\\\/wordpress\\\/#\\\/schema\\\/logo\\\/image\\\/\",\"url\":\"https:\\\/\\\/spiritprotect.org\\\/wordpress\\\/wp-content\\\/uploads\\\/2023\\\/03\\\/20140706_121413-scaled.jpg\",\"contentUrl\":\"https:\\\/\\\/spiritprotect.org\\\/wordpress\\\/wp-content\\\/uploads\\\/2023\\\/03\\\/20140706_121413-scaled.jpg\",\"width\":2560,\"height\":1440,\"caption\":\"A Man Speaks Out\u2026.\"},\"image\":{\"@id\":\"https:\\\/\\\/spiritprotect.org\\\/wordpress\\\/#\\\/schema\\\/logo\\\/image\\\/\"}}]}<\/script>\n<!-- \/ Yoast SEO plugin. -->","yoast_head_json":{"title":"Die Wunden der Kultur und die Wunden der Menschen - A Man Speaks Out\u2026.","robots":{"index":"index","follow":"follow","max-snippet":"max-snippet:-1","max-image-preview":"max-image-preview:large","max-video-preview":"max-video-preview:-1"},"canonical":"https:\/\/spiritprotect.org\/wordpress\/die-wunden-der-kultur-und-die-wunden-der-menschen\/","og_locale":"en_US","og_type":"article","og_title":"Die Wunden der Kultur und die Wunden der Menschen - A Man Speaks Out\u2026.","og_description":"Ich f\u00fchle mich gefordert, hier das Zitat von Fools Crow zu wiederholen: &#8220;Die Kraft und unser Weg sind uns gegeben worden, damit wir sie an andere weitergeben. Etwas anderes zu denken ist reine Selbstsucht. Wir haben mehr davon, wenn wir sie weitergeben, und wenn wir sie nicht weitergeben, verlieren wir sie.&#8221; &nbsp;&nbsp;&nbsp;&nbsp;&nbsp;&nbsp;&nbsp;&nbsp;&nbsp;&nbsp;&nbsp;&nbsp;&nbsp;&nbsp;&nbsp;&nbsp;&nbsp;&nbsp;&nbsp;&nbsp;&nbsp;&nbsp;&nbsp;&nbsp;&nbsp;&nbsp;&nbsp;&nbsp;&nbsp;&nbsp;&nbsp;&nbsp;&nbsp;&nbsp;&nbsp;&nbsp;&nbsp; H\u00e4uptling Frank Fools &hellip; Continue reading Die Wunden der Kultur und die Wunden der Menschen","og_url":"https:\/\/spiritprotect.org\/wordpress\/die-wunden-der-kultur-und-die-wunden-der-menschen\/","og_site_name":"A Man Speaks Out\u2026.","article_modified_time":"2023-05-19T19:43:02+00:00","og_image":[{"width":2560,"height":1920,"url":"https:\/\/spiritprotect.org\/wordpress\/wp-content\/uploads\/2023\/03\/IMG_0829-scaled-e1682164372293.jpg","type":"image\/jpeg"}],"twitter_card":"summary_large_image","twitter_misc":{"Est. reading time":"4 minutes"},"schema":{"@context":"https:\/\/schema.org","@graph":[{"@type":"WebPage","@id":"https:\/\/spiritprotect.org\/wordpress\/die-wunden-der-kultur-und-die-wunden-der-menschen\/","url":"https:\/\/spiritprotect.org\/wordpress\/die-wunden-der-kultur-und-die-wunden-der-menschen\/","name":"Die Wunden der Kultur und die Wunden der Menschen - A Man Speaks Out\u2026.","isPartOf":{"@id":"https:\/\/spiritprotect.org\/wordpress\/#website"},"primaryImageOfPage":{"@id":"https:\/\/spiritprotect.org\/wordpress\/die-wunden-der-kultur-und-die-wunden-der-menschen\/#primaryimage"},"image":{"@id":"https:\/\/spiritprotect.org\/wordpress\/die-wunden-der-kultur-und-die-wunden-der-menschen\/#primaryimage"},"thumbnailUrl":"https:\/\/spiritprotect.org\/wordpress\/wp-content\/uploads\/2023\/03\/IMG_0829-scaled-e1682164372293.jpg","datePublished":"2023-05-19T19:04:26+00:00","dateModified":"2023-05-19T19:43:02+00:00","breadcrumb":{"@id":"https:\/\/spiritprotect.org\/wordpress\/die-wunden-der-kultur-und-die-wunden-der-menschen\/#breadcrumb"},"inLanguage":"en-US","potentialAction":[{"@type":"ReadAction","target":["https:\/\/spiritprotect.org\/wordpress\/die-wunden-der-kultur-und-die-wunden-der-menschen\/"]}]},{"@type":"ImageObject","inLanguage":"en-US","@id":"https:\/\/spiritprotect.org\/wordpress\/die-wunden-der-kultur-und-die-wunden-der-menschen\/#primaryimage","url":"https:\/\/spiritprotect.org\/wordpress\/wp-content\/uploads\/2023\/03\/IMG_0829-scaled-e1682164372293.jpg","contentUrl":"https:\/\/spiritprotect.org\/wordpress\/wp-content\/uploads\/2023\/03\/IMG_0829-scaled-e1682164372293.jpg","width":2560,"height":1920},{"@type":"BreadcrumbList","@id":"https:\/\/spiritprotect.org\/wordpress\/die-wunden-der-kultur-und-die-wunden-der-menschen\/#breadcrumb","itemListElement":[{"@type":"ListItem","position":1,"name":"Home","item":"https:\/\/spiritprotect.org\/wordpress\/"},{"@type":"ListItem","position":2,"name":"Die Wunden der Kultur und die Wunden der Menschen"}]},{"@type":"WebSite","@id":"https:\/\/spiritprotect.org\/wordpress\/#website","url":"https:\/\/spiritprotect.org\/wordpress\/","name":"A Man Speaks Out\u2026.","description":"The Truth be Told","publisher":{"@id":"https:\/\/spiritprotect.org\/wordpress\/#organization"},"potentialAction":[{"@type":"SearchAction","target":{"@type":"EntryPoint","urlTemplate":"https:\/\/spiritprotect.org\/wordpress\/?s={search_term_string}"},"query-input":{"@type":"PropertyValueSpecification","valueRequired":true,"valueName":"search_term_string"}}],"inLanguage":"en-US"},{"@type":"Organization","@id":"https:\/\/spiritprotect.org\/wordpress\/#organization","name":"A Man Speaks Out\u2026.","url":"https:\/\/spiritprotect.org\/wordpress\/","logo":{"@type":"ImageObject","inLanguage":"en-US","@id":"https:\/\/spiritprotect.org\/wordpress\/#\/schema\/logo\/image\/","url":"https:\/\/spiritprotect.org\/wordpress\/wp-content\/uploads\/2023\/03\/20140706_121413-scaled.jpg","contentUrl":"https:\/\/spiritprotect.org\/wordpress\/wp-content\/uploads\/2023\/03\/20140706_121413-scaled.jpg","width":2560,"height":1440,"caption":"A Man Speaks Out\u2026."},"image":{"@id":"https:\/\/spiritprotect.org\/wordpress\/#\/schema\/logo\/image\/"}}]}},"_links":{"self":[{"href":"https:\/\/spiritprotect.org\/wordpress\/wp-json\/wp\/v2\/pages\/495","targetHints":{"allow":["GET"]}}],"collection":[{"href":"https:\/\/spiritprotect.org\/wordpress\/wp-json\/wp\/v2\/pages"}],"about":[{"href":"https:\/\/spiritprotect.org\/wordpress\/wp-json\/wp\/v2\/types\/page"}],"author":[{"embeddable":true,"href":"https:\/\/spiritprotect.org\/wordpress\/wp-json\/wp\/v2\/users\/4"}],"replies":[{"embeddable":true,"href":"https:\/\/spiritprotect.org\/wordpress\/wp-json\/wp\/v2\/comments?post=495"}],"version-history":[{"count":2,"href":"https:\/\/spiritprotect.org\/wordpress\/wp-json\/wp\/v2\/pages\/495\/revisions"}],"predecessor-version":[{"id":549,"href":"https:\/\/spiritprotect.org\/wordpress\/wp-json\/wp\/v2\/pages\/495\/revisions\/549"}],"wp:featuredmedia":[{"embeddable":true,"href":"https:\/\/spiritprotect.org\/wordpress\/wp-json\/wp\/v2\/media\/42"}],"wp:attachment":[{"href":"https:\/\/spiritprotect.org\/wordpress\/wp-json\/wp\/v2\/media?parent=495"}],"curies":[{"name":"wp","href":"https:\/\/api.w.org\/{rel}","templated":true}]}}