{"id":497,"date":"2023-05-19T14:03:53","date_gmt":"2023-05-19T19:03:53","guid":{"rendered":"https:\/\/spiritprotect.org\/wordpress\/?page_id=497"},"modified":"2023-05-19T14:44:36","modified_gmt":"2023-05-19T19:44:36","slug":"schlussfolgerung","status":"publish","type":"page","link":"https:\/\/spiritprotect.org\/wordpress\/schlussfolgerung\/","title":{"rendered":"Schlussfolgerung"},"content":{"rendered":"\n<p>Ein enormer Akt spiritueller Gro\u00dfz\u00fcgigkeit seitens einer hoch respektierten Person, gegen\u00fcber MKP wird nicht respektiert und aufgegeben. Einige wenige M\u00e4nner, denen es offensichtlich nicht gelingt, sich an ihr eigenes pers\u00f6nliches und echt empfundenes Leiden anzupassen, haben sich diese Forderungen auf ihre Fahne der scheinbaren Tugendhaftigkeit geschrieben, auf welcher \u201ckulturelle Aneignung\u201c steht, und ich muss sagen, es ist leider eine falsche Flagge.<\/p>\n\n\n\n<p>Die LKS hat nichts falsch gemacht und niemandem Unrecht getan. Die LKS hat immer ein gutes Verh\u00e4ltnis zu ihren traditionellen Wurzeln gehabt. Die LKS zu bestrafen halte ich f\u00fcr falsch, und ich hoffe, dass sich der Vorstand dazu durchringen kann, die Suspendierung des P&amp;R bald zu beenden.<\/p>\n\n\n\n<p>Der Ersatzprozess ist nicht so effektiv wie der urspr\u00fcngliche, und ich sehe keinen Grund, warum den M\u00e4nnern, die sich am NWTA anmelden, der Nutzen der P&amp;R-Zeremonie vorenthalten werden sollte.<\/p>\n\n\n\n<p>Ich m\u00f6chte diejenigen LKS-M\u00e4nner segnen, die sich trotz allem entschieden haben, weiterhin mit MKP US zusammenzuarbeiten, als einen Akt des Dienstes f\u00fcr die M\u00e4nner, die noch kommen werden.<\/p>\n\n\n\n<p>M\u00f6gen eure Herzen mit der Kraft des Alten Weges gl\u00fchen, damit die Herzen der neuen Br\u00fcder ber\u00fchrt, gest\u00e4rkt und gereinigt werden. Ich ehre den Mut euch M\u00e4nnern, euch trotz der Ungerechtigkeit eure neue Aufgabe wahr zu nehmen. M\u00f6get ihr gesegnet sein, w\u00e4hrend ihr aufrecht die Energien von unten haltet.<\/p>\n\n\n\n<p>Und ich m\u00f6chte jene LKS-M\u00e4nner segnen, die sich entschieden haben, nicht mitzumachen. Euer treuer Dienst am MKP wurde ohne euer Verschulden missachtet und entehrt. K\u00fcmmert euch um einander und um das Protokoll.<\/p>\n\n\n\n<p>Denkt daran, dass wir alle immer noch Br\u00fcder sind.<\/p>\n\n\n\n<p>Ich erinnere mich in diesem Moment an den alten Archetyp, der fr\u00fcher den Platz des Liebhabers einnahm.<\/p>\n\n\n\n<p>Ich erinnere mich an den heiligen Clown.<\/p>\n\n\n\n<p>Ich erinnere mich an die Macht des Heiligen Clowns, mit dem Absurden, dem L\u00e4cherlichen und dem Ungerechten umzugehen. Ich l\u00e4chle.<\/p>\n\n\n\n<p>M\u00f6gest du den Weg finden, dich unter das Leiden deiner verletzten Liebe und deines Hasses fallen zu lassen, dich unter deine Wut fallen zu lassen und Zugang zur Weisheit des Humors der hervorstechenden Ironie zu finden.<\/p>\n\n\n\n<p>Sei das Gespenst, das in den Tr\u00e4umen derer spukt, die dich ausradieren wollen, derer, die dir Unrecht getan haben. Wenn sie sich wie Wei\u00dfe verhalten, wie Kolonisatoren, dann verhalte dich wie ein traditioneller Mensch.<\/p>\n\n\n\n<p><em>&#8220;Diejenigen, die am lautesten schreien, sind meist diejenigen, die am wenigsten wissen.&#8221;<\/em><\/p>\n\n\n\n<p class=\"has-text-align-right\">&nbsp;&nbsp;&nbsp;&nbsp;&nbsp;&nbsp;&nbsp;&nbsp;&nbsp;&nbsp;&nbsp;&nbsp;&nbsp;&nbsp;&nbsp;&nbsp;&nbsp;&nbsp;&nbsp;&nbsp;&nbsp;&nbsp;&nbsp;&nbsp;&nbsp;&nbsp;&nbsp;&nbsp;&nbsp;&nbsp;&nbsp;&nbsp;&nbsp;&nbsp;&nbsp;&nbsp;&nbsp;&nbsp;&nbsp;&nbsp;&nbsp;&nbsp;&nbsp;&nbsp;&nbsp;&nbsp;&nbsp;&nbsp;&nbsp;&nbsp;&nbsp;&nbsp;&nbsp;&nbsp;&nbsp;&nbsp;&nbsp; &#8211;Fools Crow<\/p>\n\n\n\n<p>Ich habe versucht, die Wahrheit genauso zu schildern, wie ich sie kenne und erlebt habe. Meine Meinung ist und bleibt meine eigene.<\/p>\n\n\n\n<p>Wie immer auch die LKS gewirkt hat, es ist stets auf eine gute Art und Weise getan worden.&nbsp;&nbsp;&nbsp;&nbsp;&nbsp;&nbsp;&nbsp;&nbsp;&nbsp;<\/p>\n\n\n\n<p>Dies ist, was ich zu sagen habe.<\/p>\n\n\n\n<p>Curtis Mitchell, Stehender Kojote<\/p>\n\n\n\n<div class=\"wp-block-buttons is-content-justification-center is-layout-flex wp-container-core-buttons-is-layout-16018d1d wp-block-buttons-is-layout-flex\">\n<div class=\"wp-block-button\"><a class=\"wp-block-button__link wp-element-button\" href=\"https:\/\/spiritprotect.org\/\">heim<\/a><\/div>\n<\/div>\n","protected":false},"excerpt":{"rendered":"<p>Ein enormer Akt spiritueller Gro\u00dfz\u00fcgigkeit seitens einer hoch respektierten Person, gegen\u00fcber MKP wird nicht respektiert und aufgegeben. Einige wenige M\u00e4nner, denen es offensichtlich nicht gelingt, sich an ihr eigenes pers\u00f6nliches und echt empfundenes Leiden anzupassen, haben sich diese Forderungen auf ihre Fahne der scheinbaren Tugendhaftigkeit geschrieben, auf welcher \u201ckulturelle Aneignung\u201c steht, und ich muss sagen, &hellip; <a href=\"https:\/\/spiritprotect.org\/wordpress\/schlussfolgerung\/\" class=\"more-link\">Continue reading <span class=\"screen-reader-text\">Schlussfolgerung<\/span><\/a><\/p>\n","protected":false},"author":4,"featured_media":217,"parent":0,"menu_order":0,"comment_status":"closed","ping_status":"closed","template":"","meta":{"footnotes":""},"class_list":["post-497","page","type-page","status-publish","has-post-thumbnail","hentry"],"yoast_head":"<!-- This site is optimized with the Yoast SEO plugin v27.4 - https:\/\/yoast.com\/product\/yoast-seo-wordpress\/ -->\n<title>Schlussfolgerung - A Man Speaks Out\u2026.<\/title>\n<meta name=\"robots\" content=\"index, follow, max-snippet:-1, max-image-preview:large, max-video-preview:-1\" \/>\n<link rel=\"canonical\" href=\"https:\/\/spiritprotect.org\/wordpress\/schlussfolgerung\/\" \/>\n<meta property=\"og:locale\" content=\"en_US\" \/>\n<meta property=\"og:type\" content=\"article\" \/>\n<meta property=\"og:title\" content=\"Schlussfolgerung - A Man Speaks Out\u2026.\" \/>\n<meta property=\"og:description\" content=\"Ein enormer Akt spiritueller Gro\u00dfz\u00fcgigkeit seitens einer hoch respektierten Person, gegen\u00fcber MKP wird nicht respektiert und aufgegeben. Einige wenige M\u00e4nner, denen es offensichtlich nicht gelingt, sich an ihr eigenes pers\u00f6nliches und echt empfundenes Leiden anzupassen, haben sich diese Forderungen auf ihre Fahne der scheinbaren Tugendhaftigkeit geschrieben, auf welcher \u201ckulturelle Aneignung\u201c steht, und ich muss sagen, &hellip; Continue reading Schlussfolgerung\" \/>\n<meta property=\"og:url\" content=\"https:\/\/spiritprotect.org\/wordpress\/schlussfolgerung\/\" \/>\n<meta property=\"og:site_name\" content=\"A Man Speaks Out\u2026.\" \/>\n<meta property=\"article:modified_time\" content=\"2023-05-19T19:44:36+00:00\" \/>\n<meta property=\"og:image\" content=\"https:\/\/spiritprotect.org\/wordpress\/wp-content\/uploads\/2023\/04\/IMG_3170-scaled.jpg\" \/>\n\t<meta property=\"og:image:width\" content=\"2560\" \/>\n\t<meta property=\"og:image:height\" content=\"1920\" \/>\n\t<meta property=\"og:image:type\" content=\"image\/jpeg\" \/>\n<meta name=\"twitter:card\" content=\"summary_large_image\" \/>\n<meta name=\"twitter:label1\" content=\"Est. reading time\" \/>\n\t<meta name=\"twitter:data1\" content=\"2 minutes\" \/>\n<script type=\"application\/ld+json\" class=\"yoast-schema-graph\">{\"@context\":\"https:\\\/\\\/schema.org\",\"@graph\":[{\"@type\":\"WebPage\",\"@id\":\"https:\\\/\\\/spiritprotect.org\\\/wordpress\\\/schlussfolgerung\\\/\",\"url\":\"https:\\\/\\\/spiritprotect.org\\\/wordpress\\\/schlussfolgerung\\\/\",\"name\":\"Schlussfolgerung - A Man Speaks Out\u2026.\",\"isPartOf\":{\"@id\":\"https:\\\/\\\/spiritprotect.org\\\/wordpress\\\/#website\"},\"primaryImageOfPage\":{\"@id\":\"https:\\\/\\\/spiritprotect.org\\\/wordpress\\\/schlussfolgerung\\\/#primaryimage\"},\"image\":{\"@id\":\"https:\\\/\\\/spiritprotect.org\\\/wordpress\\\/schlussfolgerung\\\/#primaryimage\"},\"thumbnailUrl\":\"https:\\\/\\\/spiritprotect.org\\\/wordpress\\\/wp-content\\\/uploads\\\/2023\\\/04\\\/IMG_3170-scaled.jpg\",\"datePublished\":\"2023-05-19T19:03:53+00:00\",\"dateModified\":\"2023-05-19T19:44:36+00:00\",\"breadcrumb\":{\"@id\":\"https:\\\/\\\/spiritprotect.org\\\/wordpress\\\/schlussfolgerung\\\/#breadcrumb\"},\"inLanguage\":\"en-US\",\"potentialAction\":[{\"@type\":\"ReadAction\",\"target\":[\"https:\\\/\\\/spiritprotect.org\\\/wordpress\\\/schlussfolgerung\\\/\"]}]},{\"@type\":\"ImageObject\",\"inLanguage\":\"en-US\",\"@id\":\"https:\\\/\\\/spiritprotect.org\\\/wordpress\\\/schlussfolgerung\\\/#primaryimage\",\"url\":\"https:\\\/\\\/spiritprotect.org\\\/wordpress\\\/wp-content\\\/uploads\\\/2023\\\/04\\\/IMG_3170-scaled.jpg\",\"contentUrl\":\"https:\\\/\\\/spiritprotect.org\\\/wordpress\\\/wp-content\\\/uploads\\\/2023\\\/04\\\/IMG_3170-scaled.jpg\",\"width\":2560,\"height\":1920},{\"@type\":\"BreadcrumbList\",\"@id\":\"https:\\\/\\\/spiritprotect.org\\\/wordpress\\\/schlussfolgerung\\\/#breadcrumb\",\"itemListElement\":[{\"@type\":\"ListItem\",\"position\":1,\"name\":\"Home\",\"item\":\"https:\\\/\\\/spiritprotect.org\\\/wordpress\\\/\"},{\"@type\":\"ListItem\",\"position\":2,\"name\":\"Schlussfolgerung\"}]},{\"@type\":\"WebSite\",\"@id\":\"https:\\\/\\\/spiritprotect.org\\\/wordpress\\\/#website\",\"url\":\"https:\\\/\\\/spiritprotect.org\\\/wordpress\\\/\",\"name\":\"A Man Speaks Out\u2026.\",\"description\":\"The Truth be Told\",\"publisher\":{\"@id\":\"https:\\\/\\\/spiritprotect.org\\\/wordpress\\\/#organization\"},\"potentialAction\":[{\"@type\":\"SearchAction\",\"target\":{\"@type\":\"EntryPoint\",\"urlTemplate\":\"https:\\\/\\\/spiritprotect.org\\\/wordpress\\\/?s={search_term_string}\"},\"query-input\":{\"@type\":\"PropertyValueSpecification\",\"valueRequired\":true,\"valueName\":\"search_term_string\"}}],\"inLanguage\":\"en-US\"},{\"@type\":\"Organization\",\"@id\":\"https:\\\/\\\/spiritprotect.org\\\/wordpress\\\/#organization\",\"name\":\"A Man Speaks Out\u2026.\",\"url\":\"https:\\\/\\\/spiritprotect.org\\\/wordpress\\\/\",\"logo\":{\"@type\":\"ImageObject\",\"inLanguage\":\"en-US\",\"@id\":\"https:\\\/\\\/spiritprotect.org\\\/wordpress\\\/#\\\/schema\\\/logo\\\/image\\\/\",\"url\":\"https:\\\/\\\/spiritprotect.org\\\/wordpress\\\/wp-content\\\/uploads\\\/2023\\\/03\\\/20140706_121413-scaled.jpg\",\"contentUrl\":\"https:\\\/\\\/spiritprotect.org\\\/wordpress\\\/wp-content\\\/uploads\\\/2023\\\/03\\\/20140706_121413-scaled.jpg\",\"width\":2560,\"height\":1440,\"caption\":\"A Man Speaks Out\u2026.\"},\"image\":{\"@id\":\"https:\\\/\\\/spiritprotect.org\\\/wordpress\\\/#\\\/schema\\\/logo\\\/image\\\/\"}}]}<\/script>\n<!-- \/ Yoast SEO plugin. -->","yoast_head_json":{"title":"Schlussfolgerung - A Man Speaks Out\u2026.","robots":{"index":"index","follow":"follow","max-snippet":"max-snippet:-1","max-image-preview":"max-image-preview:large","max-video-preview":"max-video-preview:-1"},"canonical":"https:\/\/spiritprotect.org\/wordpress\/schlussfolgerung\/","og_locale":"en_US","og_type":"article","og_title":"Schlussfolgerung - A Man Speaks Out\u2026.","og_description":"Ein enormer Akt spiritueller Gro\u00dfz\u00fcgigkeit seitens einer hoch respektierten Person, gegen\u00fcber MKP wird nicht respektiert und aufgegeben. Einige wenige M\u00e4nner, denen es offensichtlich nicht gelingt, sich an ihr eigenes pers\u00f6nliches und echt empfundenes Leiden anzupassen, haben sich diese Forderungen auf ihre Fahne der scheinbaren Tugendhaftigkeit geschrieben, auf welcher \u201ckulturelle Aneignung\u201c steht, und ich muss sagen, &hellip; Continue reading Schlussfolgerung","og_url":"https:\/\/spiritprotect.org\/wordpress\/schlussfolgerung\/","og_site_name":"A Man Speaks Out\u2026.","article_modified_time":"2023-05-19T19:44:36+00:00","og_image":[{"width":2560,"height":1920,"url":"https:\/\/spiritprotect.org\/wordpress\/wp-content\/uploads\/2023\/04\/IMG_3170-scaled.jpg","type":"image\/jpeg"}],"twitter_card":"summary_large_image","twitter_misc":{"Est. reading time":"2 minutes"},"schema":{"@context":"https:\/\/schema.org","@graph":[{"@type":"WebPage","@id":"https:\/\/spiritprotect.org\/wordpress\/schlussfolgerung\/","url":"https:\/\/spiritprotect.org\/wordpress\/schlussfolgerung\/","name":"Schlussfolgerung - A Man Speaks Out\u2026.","isPartOf":{"@id":"https:\/\/spiritprotect.org\/wordpress\/#website"},"primaryImageOfPage":{"@id":"https:\/\/spiritprotect.org\/wordpress\/schlussfolgerung\/#primaryimage"},"image":{"@id":"https:\/\/spiritprotect.org\/wordpress\/schlussfolgerung\/#primaryimage"},"thumbnailUrl":"https:\/\/spiritprotect.org\/wordpress\/wp-content\/uploads\/2023\/04\/IMG_3170-scaled.jpg","datePublished":"2023-05-19T19:03:53+00:00","dateModified":"2023-05-19T19:44:36+00:00","breadcrumb":{"@id":"https:\/\/spiritprotect.org\/wordpress\/schlussfolgerung\/#breadcrumb"},"inLanguage":"en-US","potentialAction":[{"@type":"ReadAction","target":["https:\/\/spiritprotect.org\/wordpress\/schlussfolgerung\/"]}]},{"@type":"ImageObject","inLanguage":"en-US","@id":"https:\/\/spiritprotect.org\/wordpress\/schlussfolgerung\/#primaryimage","url":"https:\/\/spiritprotect.org\/wordpress\/wp-content\/uploads\/2023\/04\/IMG_3170-scaled.jpg","contentUrl":"https:\/\/spiritprotect.org\/wordpress\/wp-content\/uploads\/2023\/04\/IMG_3170-scaled.jpg","width":2560,"height":1920},{"@type":"BreadcrumbList","@id":"https:\/\/spiritprotect.org\/wordpress\/schlussfolgerung\/#breadcrumb","itemListElement":[{"@type":"ListItem","position":1,"name":"Home","item":"https:\/\/spiritprotect.org\/wordpress\/"},{"@type":"ListItem","position":2,"name":"Schlussfolgerung"}]},{"@type":"WebSite","@id":"https:\/\/spiritprotect.org\/wordpress\/#website","url":"https:\/\/spiritprotect.org\/wordpress\/","name":"A Man Speaks Out\u2026.","description":"The Truth be Told","publisher":{"@id":"https:\/\/spiritprotect.org\/wordpress\/#organization"},"potentialAction":[{"@type":"SearchAction","target":{"@type":"EntryPoint","urlTemplate":"https:\/\/spiritprotect.org\/wordpress\/?s={search_term_string}"},"query-input":{"@type":"PropertyValueSpecification","valueRequired":true,"valueName":"search_term_string"}}],"inLanguage":"en-US"},{"@type":"Organization","@id":"https:\/\/spiritprotect.org\/wordpress\/#organization","name":"A Man Speaks Out\u2026.","url":"https:\/\/spiritprotect.org\/wordpress\/","logo":{"@type":"ImageObject","inLanguage":"en-US","@id":"https:\/\/spiritprotect.org\/wordpress\/#\/schema\/logo\/image\/","url":"https:\/\/spiritprotect.org\/wordpress\/wp-content\/uploads\/2023\/03\/20140706_121413-scaled.jpg","contentUrl":"https:\/\/spiritprotect.org\/wordpress\/wp-content\/uploads\/2023\/03\/20140706_121413-scaled.jpg","width":2560,"height":1440,"caption":"A Man Speaks Out\u2026."},"image":{"@id":"https:\/\/spiritprotect.org\/wordpress\/#\/schema\/logo\/image\/"}}]}},"_links":{"self":[{"href":"https:\/\/spiritprotect.org\/wordpress\/wp-json\/wp\/v2\/pages\/497","targetHints":{"allow":["GET"]}}],"collection":[{"href":"https:\/\/spiritprotect.org\/wordpress\/wp-json\/wp\/v2\/pages"}],"about":[{"href":"https:\/\/spiritprotect.org\/wordpress\/wp-json\/wp\/v2\/types\/page"}],"author":[{"embeddable":true,"href":"https:\/\/spiritprotect.org\/wordpress\/wp-json\/wp\/v2\/users\/4"}],"replies":[{"embeddable":true,"href":"https:\/\/spiritprotect.org\/wordpress\/wp-json\/wp\/v2\/comments?post=497"}],"version-history":[{"count":3,"href":"https:\/\/spiritprotect.org\/wordpress\/wp-json\/wp\/v2\/pages\/497\/revisions"}],"predecessor-version":[{"id":550,"href":"https:\/\/spiritprotect.org\/wordpress\/wp-json\/wp\/v2\/pages\/497\/revisions\/550"}],"wp:featuredmedia":[{"embeddable":true,"href":"https:\/\/spiritprotect.org\/wordpress\/wp-json\/wp\/v2\/media\/217"}],"wp:attachment":[{"href":"https:\/\/spiritprotect.org\/wordpress\/wp-json\/wp\/v2\/media?parent=497"}],"curies":[{"name":"wp","href":"https:\/\/api.w.org\/{rel}","templated":true}]}}